{"id":937,"date":"2015-09-26T12:18:31","date_gmt":"2015-09-26T12:18:31","guid":{"rendered":"http:\/\/akys.kapsi.fi\/wordpress\/?page_id=937"},"modified":"2015-09-26T12:52:09","modified_gmt":"2015-09-26T12:52:09","slug":"palestinian-medical-relief-society-pmrs","status":"publish","type":"page","link":"https:\/\/akys.kapsi.fi\/wordpress\/koti\/arabikansojen-ystavyyseura\/yhteistyokumppanit-2\/palestinian-medical-relief-society-pmrs\/","title":{"rendered":"Palestinian Medical Relief Society (PMRS)"},"content":{"rendered":"<p class=\"western\" lang=\"en-GB\"><span style=\"color: #262626;\"><span style=\"font-family: Arial,serif;\"><span style=\"font-size: medium;\"><span lang=\"en-US\"><a href=\"http:\/\/akys.kapsi.fi\/wordpress\/wp-content\/uploads\/2015\/06\/pmrslogo-e1435467725477.jpeg\"><img loading=\"lazy\" decoding=\"async\" class=\" wp-image-133 alignleft\" src=\"http:\/\/akys.kapsi.fi\/wordpress\/wp-content\/uploads\/2015\/06\/pmrslogo-150x150.jpeg\" alt=\"pmrslogo\" width=\"129\" height=\"129\" \/><\/a><\/span><\/span><\/span><\/span><span lang=\"en-US\">Palestinian Medical Relief Society (PMRS) on palestiinalaisten l\u00e4\u00e4k\u00e4reiden vuonna 1979 perustama terveydenhuoltoj\u00e4rjest\u00f6, PMRS toimii l\u00e4hell\u00e4 v\u00e4est\u00f6\u00e4. Sill\u00e4 on terveysasemia sek\u00e4 L\u00e4nsirannalla ett\u00e4 Gazassa. PMRS:n liikkuvat klinikat tavoittavat potilaat syrj\u00e4isimmill\u00e4kin alueilla ja voivat toimia kriisiaikoinakin. AKYS tukee PMRS:n l\u00e4\u00e4kinn\u00e4llist\u00e4 h\u00e4t\u00e4aputy\u00f6t\u00e4 Gazassa.<\/span><\/p>\n","protected":false},"excerpt":{"rendered":"<p>Palestinian Medical Relief Society (PMRS) on palestiinalaisten l\u00e4\u00e4k\u00e4reiden vuonna 1979 perustama terveydenhuoltoj\u00e4rjest\u00f6, PMRS toimii l\u00e4hell\u00e4 v\u00e4est\u00f6\u00e4. Sill\u00e4 on terveysasemia sek\u00e4 L\u00e4nsirannalla ett\u00e4 Gazassa. PMRS:n liikkuvat klinikat tavoittavat potilaat syrj\u00e4isimmill\u00e4kin alueilla &hellip; <\/p>\n<p class=\"link-more\"><a href=\"https:\/\/akys.kapsi.fi\/wordpress\/koti\/arabikansojen-ystavyyseura\/yhteistyokumppanit-2\/palestinian-medical-relief-society-pmrs\/\" class=\"more-link\">Jatka lukemista<span class=\"screen-reader-text\"> &#8221;Palestinian Medical Relief Society (PMRS)&#8221;<\/span><\/a><\/p>\n","protected":false},"author":1,"featured_media":133,"parent":124,"menu_order":0,"comment_status":"closed","ping_status":"closed","template":"","meta":{"footnotes":""},"class_list":["post-937","page","type-page","status-publish","has-post-thumbnail","hentry","entry"],"_links":{"self":[{"href":"https:\/\/akys.kapsi.fi\/wordpress\/wp-json\/wp\/v2\/pages\/937","targetHints":{"allow":["GET"]}}],"collection":[{"href":"https:\/\/akys.kapsi.fi\/wordpress\/wp-json\/wp\/v2\/pages"}],"about":[{"href":"https:\/\/akys.kapsi.fi\/wordpress\/wp-json\/wp\/v2\/types\/page"}],"author":[{"embeddable":true,"href":"https:\/\/akys.kapsi.fi\/wordpress\/wp-json\/wp\/v2\/users\/1"}],"replies":[{"embeddable":true,"href":"https:\/\/akys.kapsi.fi\/wordpress\/wp-json\/wp\/v2\/comments?post=937"}],"version-history":[{"count":4,"href":"https:\/\/akys.kapsi.fi\/wordpress\/wp-json\/wp\/v2\/pages\/937\/revisions"}],"predecessor-version":[{"id":963,"href":"https:\/\/akys.kapsi.fi\/wordpress\/wp-json\/wp\/v2\/pages\/937\/revisions\/963"}],"up":[{"embeddable":true,"href":"https:\/\/akys.kapsi.fi\/wordpress\/wp-json\/wp\/v2\/pages\/124"}],"wp:featuredmedia":[{"embeddable":true,"href":"https:\/\/akys.kapsi.fi\/wordpress\/wp-json\/wp\/v2\/media\/133"}],"wp:attachment":[{"href":"https:\/\/akys.kapsi.fi\/wordpress\/wp-json\/wp\/v2\/media?parent=937"}],"curies":[{"name":"wp","href":"https:\/\/api.w.org\/{rel}","templated":true}]}}