{"id":930,"date":"2015-09-26T11:47:38","date_gmt":"2015-09-26T11:47:38","guid":{"rendered":"http:\/\/akys.kapsi.fi\/wordpress\/?page_id=930"},"modified":"2022-03-06T17:29:35","modified_gmt":"2022-03-06T17:29:35","slug":"hankeraportit-2","status":"publish","type":"page","link":"https:\/\/akys.kapsi.fi\/wordpress\/kehitysyhteistyo\/hankeraportit-2\/","title":{"rendered":"Hankeraportit ja -uutiset"},"content":{"rendered":"<ul class=\"wp-block-latest-posts__list has-dates has-author wp-block-latest-posts\"><li><a class=\"wp-block-latest-posts__post-title\" href=\"https:\/\/akys.kapsi.fi\/wordpress\/gazassa-akys-auttaa-pmrs-gazan-laakinnallista-ensiaputyota\/\">Gazassa AKYS auttaa PMRS-Gazan l\u00e4\u00e4kinn\u00e4llist\u00e4 ensiaputy\u00f6t\u00e4<\/a><div class=\"wp-block-latest-posts__post-author\">kirjoittanut Sirkku Kivist\u00f6<\/div><time datetime=\"2020-02-15T21:35:35+00:00\" class=\"wp-block-latest-posts__post-date\">15.2.2020<\/time><\/li>\n<li><a class=\"wp-block-latest-posts__post-title\" href=\"https:\/\/akys.kapsi.fi\/wordpress\/koulu-loppuu-liian-varhain\/\">Koulu loppuu liian varhain<\/a><div class=\"wp-block-latest-posts__post-author\">kirjoittanut Sirkku Kivist\u00f6<\/div><time datetime=\"2019-05-21T06:42:14+00:00\" class=\"wp-block-latest-posts__post-date\">21.5.2019<\/time><\/li>\n<li><a class=\"wp-block-latest-posts__post-title\" href=\"https:\/\/akys.kapsi.fi\/wordpress\/kylassa-gazan-sairaalassa\/\">Kyl\u00e4ss\u00e4 Gazan sairaalassa Beirutissa<\/a><div class=\"wp-block-latest-posts__post-author\">kirjoittanut Sirkku Kivist\u00f6<\/div><time datetime=\"2019-01-28T13:57:17+00:00\" class=\"wp-block-latest-posts__post-date\">28.1.2019<\/time><\/li>\n<li><a class=\"wp-block-latest-posts__post-title\" href=\"https:\/\/akys.kapsi.fi\/wordpress\/oppia-ja-elamyksia-lastentarhoissa\/\">Oppia ja el\u00e4myksi\u00e4 lastentarhoissa<\/a><div class=\"wp-block-latest-posts__post-author\">kirjoittanut Sirkku Kivist\u00f6<\/div><time datetime=\"2018-06-08T09:43:06+00:00\" class=\"wp-block-latest-posts__post-date\">8.6.2018<\/time><\/li>\n<li><a class=\"wp-block-latest-posts__post-title\" href=\"https:\/\/akys.kapsi.fi\/wordpress\/nourin-koulumatka-pakolaisleirissa\/\">Nourin koulumatka pakolaisleiriss\u00e4<\/a><div class=\"wp-block-latest-posts__post-author\">kirjoittanut Sirkku Kivist\u00f6<\/div><time datetime=\"2017-11-24T11:00:23+00:00\" class=\"wp-block-latest-posts__post-date\">24.11.2017<\/time><\/li>\n<li><a class=\"wp-block-latest-posts__post-title\" href=\"https:\/\/akys.kapsi.fi\/wordpress\/betlehemissa-akysin-rahankeraysta-tukee-laaja-vapaaehtoistyo\/\">Betlehemiss\u00e4 AKYSin rahanker\u00e4yst\u00e4 tukee laaja vapaaehtoisty\u00f6<\/a><div class=\"wp-block-latest-posts__post-author\">kirjoittanut katjah<\/div><time datetime=\"2017-04-03T06:24:18+00:00\" class=\"wp-block-latest-posts__post-date\">3.4.2017<\/time><\/li>\n<li><a class=\"wp-block-latest-posts__post-title\" href=\"https:\/\/akys.kapsi.fi\/wordpress\/kaikkein-haavoittuneimpien-puolesta\/\">Kaikkein haavoittuneimpien puolesta<\/a><div class=\"wp-block-latest-posts__post-author\">kirjoittanut Sirkku Kivist\u00f6<\/div><time datetime=\"2017-03-30T15:20:54+00:00\" class=\"wp-block-latest-posts__post-date\">30.3.2017<\/time><\/li>\n<li><a class=\"wp-block-latest-posts__post-title\" href=\"https:\/\/akys.kapsi.fi\/wordpress\/kynttiloita-sytyttamassa-eli-mita-kummien-tuella-voidaan-saada-aikaan-palestiinalaisleireilla-libanonissa\/\">Kynttil\u00f6it\u00e4 sytytt\u00e4m\u00e4ss\u00e4<\/a><div class=\"wp-block-latest-posts__post-author\">kirjoittanut Sirkku Kivist\u00f6<\/div><time datetime=\"2017-03-10T09:19:48+00:00\" class=\"wp-block-latest-posts__post-date\">10.3.2017<\/time><\/li>\n<li><a class=\"wp-block-latest-posts__post-title\" href=\"https:\/\/akys.kapsi.fi\/wordpress\/kavellen-ja-kuunnellen-shatilassa\/\">K\u00e4vellen ja kuunnellen Shatilassa<\/a><div class=\"wp-block-latest-posts__post-author\">kirjoittanut Sirkku Kivist\u00f6<\/div><time datetime=\"2017-03-08T06:40:10+00:00\" class=\"wp-block-latest-posts__post-date\">8.3.2017<\/time><\/li>\n<li><a class=\"wp-block-latest-posts__post-title\" href=\"https:\/\/akys.kapsi.fi\/wordpress\/eraan-lauantain-tunnelmia-shatilassa\/\">Er\u00e4\u00e4n lauantain tunnelmia Shatilassa<\/a><div class=\"wp-block-latest-posts__post-author\">kirjoittanut Sirkku Kivist\u00f6<\/div><time datetime=\"2017-02-20T16:35:59+00:00\" class=\"wp-block-latest-posts__post-date\">20.2.2017<\/time><\/li>\n<li><a class=\"wp-block-latest-posts__post-title\" href=\"https:\/\/akys.kapsi.fi\/wordpress\/betlehemin-avustustyon-kuulumisia\/\">BETLEHEMIN AVUSTUSTY\u00d6N KUULUMISIA<\/a><div class=\"wp-block-latest-posts__post-author\">kirjoittanut katjah<\/div><time datetime=\"2016-12-19T19:06:20+00:00\" class=\"wp-block-latest-posts__post-date\">19.12.2016<\/time><\/li>\n<li><a class=\"wp-block-latest-posts__post-title\" href=\"https:\/\/akys.kapsi.fi\/wordpress\/hankematkaraportti-helmikuu-2016\/\">Hankematkaraportti helmikuu 2016<\/a><div class=\"wp-block-latest-posts__post-author\">kirjoittanut Marja Winter<\/div><time datetime=\"2016-04-11T18:16:10+00:00\" class=\"wp-block-latest-posts__post-date\">11.4.2016<\/time><\/li>\n<li><a class=\"wp-block-latest-posts__post-title\" href=\"https:\/\/akys.kapsi.fi\/wordpress\/hankematkaraportti-marraskuu-2015\/\">Hankematkaraportti marraskuu 2015<\/a><div class=\"wp-block-latest-posts__post-author\">kirjoittanut Marja Winter<\/div><time datetime=\"2016-04-11T17:50:50+00:00\" class=\"wp-block-latest-posts__post-date\">11.4.2016<\/time><\/li>\n<li><a class=\"wp-block-latest-posts__post-title\" href=\"https:\/\/akys.kapsi.fi\/wordpress\/palestiinan-diabeetikot-tarvitsevat-jatkuvaa-apua\/\">\u00a0Palestiinan diabeetikot tarvitsevat jatkuvaa apua<\/a><div class=\"wp-block-latest-posts__post-author\">kirjoittanut katjah<\/div><time datetime=\"2015-11-23T10:27:30+00:00\" class=\"wp-block-latest-posts__post-date\">23.11.2015<\/time><\/li>\n<li><a class=\"wp-block-latest-posts__post-title\" href=\"https:\/\/akys.kapsi.fi\/wordpress\/tyontekijoiden-hyvinvoinnista-libanonissa-pidetaan-huolta-stressityopajojen-avulla\/\">Stressinhallintakoulutusta Libanonissa<\/a><div class=\"wp-block-latest-posts__post-author\">kirjoittanut Marja Winter<\/div><time datetime=\"2015-11-22T11:50:41+00:00\" class=\"wp-block-latest-posts__post-date\">22.11.2015<\/time><\/li>\n<li><a class=\"wp-block-latest-posts__post-title\" href=\"https:\/\/akys.kapsi.fi\/wordpress\/hankematkaraportti-syyskuu2015\/\">Hankematkaraportti syyskuu2015<\/a><div class=\"wp-block-latest-posts__post-author\">kirjoittanut Marja Winter<\/div><time datetime=\"2015-10-10T16:02:29+00:00\" class=\"wp-block-latest-posts__post-date\">10.10.2015<\/time><\/li>\n<li><a class=\"wp-block-latest-posts__post-title\" href=\"https:\/\/akys.kapsi.fi\/wordpress\/hankematka-mielenterveyskonferenssin-puitteissa-toukokuu-2015\/\">Hankematka mielenterveyskonferenssin puitteissa toukokuu 2015<\/a><div class=\"wp-block-latest-posts__post-author\">kirjoittanut Marja Winter<\/div><time datetime=\"2015-06-01T09:39:07+00:00\" class=\"wp-block-latest-posts__post-date\">1.6.2015<\/time><\/li>\n<li><a class=\"wp-block-latest-posts__post-title\" href=\"https:\/\/akys.kapsi.fi\/wordpress\/hankematkaraportti-maaliskuu-2015\/\">Hankematkaraportti maaliskuu 2015<\/a><div class=\"wp-block-latest-posts__post-author\">kirjoittanut Marja Winter<\/div><time datetime=\"2015-04-01T18:52:18+00:00\" class=\"wp-block-latest-posts__post-date\">1.4.2015<\/time><\/li>\n<li><a class=\"wp-block-latest-posts__post-title\" href=\"https:\/\/akys.kapsi.fi\/wordpress\/hankematkaraportti-marraskuu-2014\/\">Hankematkaraportti marraskuu 2014<\/a><div class=\"wp-block-latest-posts__post-author\">kirjoittanut Marja Winter<\/div><time datetime=\"2014-12-01T09:45:36+00:00\" class=\"wp-block-latest-posts__post-date\">1.12.2014<\/time><\/li>\n<li><a class=\"wp-block-latest-posts__post-title\" href=\"https:\/\/akys.kapsi.fi\/wordpress\/hankematkaraportti-syyskuu-2014\/\">Hankematkaraportti syyskuu 2014<\/a><div class=\"wp-block-latest-posts__post-author\">kirjoittanut Marja Winter<\/div><time datetime=\"2014-10-01T09:48:42+00:00\" class=\"wp-block-latest-posts__post-date\">1.10.2014<\/time><\/li>\n<li><a class=\"wp-block-latest-posts__post-title\" href=\"https:\/\/akys.kapsi.fi\/wordpress\/hankematkaraportti-toukokuu-2014\/\">Hankematkaraportti toukokuu 2014<\/a><div class=\"wp-block-latest-posts__post-author\">kirjoittanut Marja Winter<\/div><time datetime=\"2014-06-01T09:51:59+00:00\" class=\"wp-block-latest-posts__post-date\">1.6.2014<\/time><\/li>\n<li><a class=\"wp-block-latest-posts__post-title\" href=\"https:\/\/akys.kapsi.fi\/wordpress\/hankematkaraportti-helmikuu-2014\/\">Hankematkaraportti helmikuu 2014<\/a><div class=\"wp-block-latest-posts__post-author\">kirjoittanut Marja Winter<\/div><time datetime=\"2014-03-01T09:55:20+00:00\" class=\"wp-block-latest-posts__post-date\">1.3.2014<\/time><\/li>\n<\/ul>\n\n<nav class=\"is-responsive wp-block-navigation is-layout-flex wp-block-navigation-is-layout-flex\" aria-label=\"Navigaatio 2\" \n\t\t data-wp-interactive=\"core\/navigation\" data-wp-context='{\"overlayOpenedBy\":{\"click\":false,\"hover\":false,\"focus\":false},\"type\":\"overlay\",\"roleAttribute\":\"\",\"ariaLabel\":\"Valikko\"}'><button aria-haspopup=\"dialog\" aria-label=\"Avaa valikko\" class=\"wp-block-navigation__responsive-container-open\" \n\t\t\t\tdata-wp-on--click=\"actions.openMenuOnClick\"\n\t\t\t\tdata-wp-on--keydown=\"actions.handleMenuKeydown\"\n\t\t\t><svg width=\"24\" height=\"24\" xmlns=\"http:\/\/www.w3.org\/2000\/svg\" viewBox=\"0 0 24 24\" aria-hidden=\"true\" focusable=\"false\"><path d=\"M4 7.5h16v1.5H4z\"><\/path><path d=\"M4 15h16v1.5H4z\"><\/path><\/svg><\/button>\n\t\t\t\t<div class=\"wp-block-navigation__responsive-container\"  id=\"modal-1\" \n\t\t\t\tdata-wp-class--has-modal-open=\"state.isMenuOpen\"\n\t\t\t\tdata-wp-class--is-menu-open=\"state.isMenuOpen\"\n\t\t\t\tdata-wp-watch=\"callbacks.initMenu\"\n\t\t\t\tdata-wp-on--keydown=\"actions.handleMenuKeydown\"\n\t\t\t\tdata-wp-on--focusout=\"actions.handleMenuFocusout\"\n\t\t\t\ttabindex=\"-1\"\n\t\t\t>\n\t\t\t\t\t<div class=\"wp-block-navigation__responsive-close\" tabindex=\"-1\">\n\t\t\t\t\t\t<div class=\"wp-block-navigation__responsive-dialog\" \n\t\t\t\tdata-wp-bind--aria-modal=\"state.ariaModal\"\n\t\t\t\tdata-wp-bind--aria-label=\"state.ariaLabel\"\n\t\t\t\tdata-wp-bind--role=\"state.roleAttribute\"\n\t\t\t>\n\t\t\t\t\t\t\t<button aria-label=\"Sulje valikko\" class=\"wp-block-navigation__responsive-container-close\" \n\t\t\t\tdata-wp-on--click=\"actions.closeMenuOnClick\"\n\t\t\t><svg xmlns=\"http:\/\/www.w3.org\/2000\/svg\" viewBox=\"0 0 24 24\" width=\"24\" height=\"24\" aria-hidden=\"true\" focusable=\"false\"><path d=\"m13.06 12 6.47-6.47-1.06-1.06L12 10.94 5.53 4.47 4.47 5.53 10.94 12l-6.47 6.47 1.06 1.06L12 13.06l6.47 6.47 1.06-1.06L13.06 12Z\"><\/path><\/svg><\/button>\n\t\t\t\t\t\t\t<div class=\"wp-block-navigation__responsive-container-content\" \n\t\t\t\tdata-wp-watch=\"callbacks.focusFirstElement\"\n\t\t\t id=\"modal-1-content\">\n\t\t\t\t\t\t\t\t<ul class=\"wp-block-navigation__container is-responsive wp-block-navigation\"><li class=\" wp-block-navigation-item wp-block-navigation-link\"><a class=\"wp-block-navigation-item__content\"  href=\"https:\/\/akys.kapsi.fi\/wordpress\/kehitysyhteistyo\/\"><span class=\"wp-block-navigation-item__label\">Palaa kehitysyhteisty\u00f6n p\u00e4\u00e4sivulle<\/span><\/a><\/li><\/ul>\n\t\t\t\t\t\t\t<\/div>\n\t\t\t\t\t\t<\/div>\n\t\t\t\t\t<\/div>\n\t\t\t\t<\/div><\/nav>","protected":false},"excerpt":{"rendered":"","protected":false},"author":1,"featured_media":0,"parent":61,"menu_order":0,"comment_status":"closed","ping_status":"closed","template":"","meta":{"footnotes":""},"class_list":["post-930","page","type-page","status-publish","hentry","entry"],"_links":{"self":[{"href":"https:\/\/akys.kapsi.fi\/wordpress\/wp-json\/wp\/v2\/pages\/930","targetHints":{"allow":["GET"]}}],"collection":[{"href":"https:\/\/akys.kapsi.fi\/wordpress\/wp-json\/wp\/v2\/pages"}],"about":[{"href":"https:\/\/akys.kapsi.fi\/wordpress\/wp-json\/wp\/v2\/types\/page"}],"author":[{"embeddable":true,"href":"https:\/\/akys.kapsi.fi\/wordpress\/wp-json\/wp\/v2\/users\/1"}],"replies":[{"embeddable":true,"href":"https:\/\/akys.kapsi.fi\/wordpress\/wp-json\/wp\/v2\/comments?post=930"}],"version-history":[{"count":6,"href":"https:\/\/akys.kapsi.fi\/wordpress\/wp-json\/wp\/v2\/pages\/930\/revisions"}],"predecessor-version":[{"id":4157,"href":"https:\/\/akys.kapsi.fi\/wordpress\/wp-json\/wp\/v2\/pages\/930\/revisions\/4157"}],"up":[{"embeddable":true,"href":"https:\/\/akys.kapsi.fi\/wordpress\/wp-json\/wp\/v2\/pages\/61"}],"wp:attachment":[{"href":"https:\/\/akys.kapsi.fi\/wordpress\/wp-json\/wp\/v2\/media?parent=930"}],"curies":[{"name":"wp","href":"https:\/\/api.w.org\/{rel}","templated":true}]}}