{"id":88,"date":"2015-06-28T03:46:26","date_gmt":"2015-06-28T03:46:26","guid":{"rendered":"http:\/\/akys.kapsi.fi\/wordpress\/?page_id=88"},"modified":"2022-03-06T16:38:14","modified_gmt":"2022-03-06T16:38:14","slug":"tule-kummiksi-pakolaislapselle","status":"publish","type":"page","link":"https:\/\/akys.kapsi.fi\/wordpress\/kummitoiminta\/tule-kummiksi-pakolaislapselle\/","title":{"rendered":"Tule kummiksi pakolaislapselle"},"content":{"rendered":"\n<p><strong>AKYS on tukenut v\u00e4h\u00e4varaisten palestiinalaisperheiden lapsia Libanonin pakolaisleireiss\u00e4 yli 30 vuotta. Kummitoiminta auttaa perheit\u00e4 suojelemaan ja ohjaamaan lapsiaan.<\/strong><\/p>\n\n\n\n<div class=\"wp-block-image\"><figure class=\"alignleft\"><a href=\"http:\/\/akys.kapsi.fi\/wordpress\/wp-content\/uploads\/2015\/06\/11393186_1638645313023614_8956170787932993027_n.jpg\"><img loading=\"lazy\" decoding=\"async\" width=\"300\" height=\"200\" src=\"http:\/\/akys.kapsi.fi\/wordpress\/wp-content\/uploads\/2015\/06\/11393186_1638645313023614_8956170787932993027_n-300x200.jpg\" alt=\"ummpitytt\u00f6j\u00e4 Shabrassa\" class=\"wp-image-112\" srcset=\"https:\/\/akys.kapsi.fi\/wordpress\/wp-content\/uploads\/2015\/06\/11393186_1638645313023614_8956170787932993027_n-300x200.jpg 300w, https:\/\/akys.kapsi.fi\/wordpress\/wp-content\/uploads\/2015\/06\/11393186_1638645313023614_8956170787932993027_n-150x100.jpg 150w, https:\/\/akys.kapsi.fi\/wordpress\/wp-content\/uploads\/2015\/06\/11393186_1638645313023614_8956170787932993027_n-90x60.jpg 90w, https:\/\/akys.kapsi.fi\/wordpress\/wp-content\/uploads\/2015\/06\/11393186_1638645313023614_8956170787932993027_n.jpg 640w\" sizes=\"auto, (max-width: 300px) 100vw, 300px\" \/><\/a><figcaption>Kummitytt\u00f6j\u00e4 Shabrassa<\/figcaption><\/figure><\/div>\n\n\n\n<p>Arabikansojen yst\u00e4vyysseura aloitti palestiinalaisten pakolaislasten kummitoiminnan jo 1982 palestiinalaisen <a href=\"http:\/\/akys.kapsi.fi\/wordpress\/?post_type=ch_staff&amp;p=123\">Beit Atfal Assumoud<\/a> (BAS) -j\u00e4rjest\u00f6n kanssa. Aikuistuneet kummilapset muistavat l\u00e4mpim\u00e4sti suomalaisia kummejaan. Kummitoiminta pohjautuu YK:ssa hyv\u00e4ksyttyihin Lapsen oikeuksien julistukseen (1959) ja Lapsen oikeuksien yleissopimukseen (1989). Toiminta on my\u00f6s kest\u00e4v\u00e4n kehityksen tavoitteen 4.2 mukaista: varmistaa vuoteen 2030 menness\u00e4 kaikille mahdollisuus laadukkaaseen varhaislapsuuden kehitykseen ja hoitoon sek\u00e4 perusasteen koulutukseen valmistavaan esiopetukseen.<\/p>\n\n\n\n<p>Kummitoiminta on osa BAS-j\u00e4rjest\u00f6n sosiaality\u00f6t\u00e4, jolle on annettu nimeksi &#8221;Family Happiness&#8221;, perheen hyvinvointi. Sosiaality\u00f6tekij\u00f6iden toteama perheen varattomuus ja sairaudet ovat syit\u00e4, joiden vuoksi kummeja tarvitaan. Rahallinen avustus (30 e\/kk) ja kummiudesta v\u00e4littyv\u00e4 henkinen tuki ovat lapsille elint\u00e4rkeit\u00e4. Nykyisin nelj\u00e4ll\u00e4kymmenell\u00e4kuudella palestiinalaisella pakolaislapsella on AKYSin kautta tukenaan suomalainen kummi tai kummiryhm\u00e4.<\/p>\n\n\n\n<p>Kummin kuukausimaksu on 30 euroa. Tilille voi laitta tukea my\u00f6s ilman, ett\u00e4 sitoutuu henkil\u00f6kohtaiseen kummisuhteeseen. Kirjanpito- ja tilintarkastusk\u00e4yt\u00e4nn\u00f6t Beirutissa ja Suomessa on j\u00e4rjestetty asianmukaisesti niin, ett\u00e4 avustusk\u00e4yt\u00e4nt\u00f6\u00e4 voidaan seurata luotettavasti. AKYS l\u00e4hett\u00e4\u00e4 avustukset lyhent\u00e4m\u00e4tt\u00f6min\u00e4. Libanonissa BAS-j\u00e4rjest\u00f6n kummitoiminnan j\u00e4rjest\u00e4miskuluihin k\u00e4ytet\u00e4\u00e4n avustuksesta 7,5 %.<\/p>\n\n\n\n<p>AKYSin kummilapsitili: DanskeBank FI93 8000 1101 2300 02, viitenumero 1009<br>(Poliisihallituksen ker\u00e4yslupa RA\/2018\/1232)<\/p>\n\n\n\n<p>Kummilapsen sosiaality\u00f6ntekij\u00e4 vierailee perheess\u00e4 s\u00e4\u00e4nn\u00f6llisesti ja v\u00e4litt\u00e4\u00e4 kummimaksut k\u00e4ytt\u00f6\u00f6n. V\u00e4h\u00e4varaiset perheet saavat lapsilleen koulutusta, terveyspalveluita, vaatteita ja harrastuksia. Kerran vuodessa kummit saavat sosiaality\u00f6ntekij\u00e4n raportin lapsen tilanteesta. Katso yhteenveto lasten sosiaality\u00f6ntekij\u00f6iden raporteista vuodelta 2018:&nbsp;<a href=\"http:\/\/akys.kapsi.fi\/wordpress\/wp-content\/uploads\/2019\/05\/AKYS_Raportti-1a-Kummilapsiraportti_2018.pdf\">http:\/\/akys.kapsi.fi\/wordpress\/wp-content\/uploads\/2019\/05\/AKYS_Raportti-1a-Kummilapsiraportti_2018.pdf<\/a><\/p>\n\n\n\n<p><strong>Yhteydenpito kummin ja lapsen v\u00e4lill\u00e4<\/strong><\/p>\n\n\n\n<p>Halutessaan kummi ja lapsi voivat pit\u00e4\u00e4 yhteytt\u00e4 toisiinsa sosiaality\u00f6ntekij\u00e4n avustuksella. Lapsille on suuri ilo, jos kummit l\u00e4hett\u00e4v\u00e4t heille kirjeit\u00e4 ja valokuvia. Heid\u00e4n itsetuntoaan ja mielialaansa kohottaa, kun kaukaisessa Suomessa on joku, joka v\u00e4litt\u00e4\u00e4. Tullimaksujen kalleuden vuoksi vain kirjepostia on mahdollista l\u00e4hett\u00e4\u00e4.<\/p>\n\n\n\n<p>Lapset vastaavat kirjein ja itse piirretyin kortein. BAS-j\u00e4rjest\u00f6n sosiaality\u00f6ntekij\u00e4t k\u00e4\u00e4nt\u00e4v\u00e4t arabiankieliset tekstit englanniksi. Kummivastaava hoitaa postitukset kummeille Suomessa. Sen takia on t\u00e4rke\u00e4\u00e4, ett\u00e4 kummit ilmoittavat yhteystietojensa muutoksista my\u00f6s kummivastaavalle.<a name=\"_GoBack\"><\/a><\/p>\n\n\n\n<p>Tutustumis- ja opintomatka Libanoniin 2019 &#8221;Pakolaisten matkassa&#8221;:&nbsp;<a href=\"https:\/\/www.flipsnack.com\/kossi\/libanon-2019.html\">https:\/\/www.flipsnack.com\/kossi\/libanon-2019.html<\/a><\/p>\n\n\n\n<p>Lis\u00e4tietoja antaa kummivastaava <a href=\"http:\/\/akys.kapsi.fi\/wordpress\/?post_type=ch_staff&amp;p=120\">Sirkku Kivist\u00f6<\/a>.<\/p>\n\n\n<nav class=\"is-responsive wp-block-navigation is-layout-flex wp-block-navigation-is-layout-flex\" aria-label=\"Navigaatio\" \n\t\t data-wp-interactive=\"core\/navigation\" data-wp-context='{\"overlayOpenedBy\":{\"click\":false,\"hover\":false,\"focus\":false},\"type\":\"overlay\",\"roleAttribute\":\"\",\"ariaLabel\":\"Valikko\"}'><button aria-haspopup=\"dialog\" aria-label=\"Avaa valikko\" class=\"wp-block-navigation__responsive-container-open\" \n\t\t\t\tdata-wp-on--click=\"actions.openMenuOnClick\"\n\t\t\t\tdata-wp-on--keydown=\"actions.handleMenuKeydown\"\n\t\t\t><svg width=\"24\" height=\"24\" xmlns=\"http:\/\/www.w3.org\/2000\/svg\" viewBox=\"0 0 24 24\" aria-hidden=\"true\" focusable=\"false\"><path d=\"M4 7.5h16v1.5H4z\"><\/path><path d=\"M4 15h16v1.5H4z\"><\/path><\/svg><\/button>\n\t\t\t\t<div class=\"wp-block-navigation__responsive-container\"  id=\"modal-1\" \n\t\t\t\tdata-wp-class--has-modal-open=\"state.isMenuOpen\"\n\t\t\t\tdata-wp-class--is-menu-open=\"state.isMenuOpen\"\n\t\t\t\tdata-wp-watch=\"callbacks.initMenu\"\n\t\t\t\tdata-wp-on--keydown=\"actions.handleMenuKeydown\"\n\t\t\t\tdata-wp-on--focusout=\"actions.handleMenuFocusout\"\n\t\t\t\ttabindex=\"-1\"\n\t\t\t>\n\t\t\t\t\t<div class=\"wp-block-navigation__responsive-close\" tabindex=\"-1\">\n\t\t\t\t\t\t<div class=\"wp-block-navigation__responsive-dialog\" \n\t\t\t\tdata-wp-bind--aria-modal=\"state.ariaModal\"\n\t\t\t\tdata-wp-bind--aria-label=\"state.ariaLabel\"\n\t\t\t\tdata-wp-bind--role=\"state.roleAttribute\"\n\t\t\t>\n\t\t\t\t\t\t\t<button aria-label=\"Sulje valikko\" class=\"wp-block-navigation__responsive-container-close\" \n\t\t\t\tdata-wp-on--click=\"actions.closeMenuOnClick\"\n\t\t\t><svg xmlns=\"http:\/\/www.w3.org\/2000\/svg\" viewBox=\"0 0 24 24\" width=\"24\" height=\"24\" aria-hidden=\"true\" focusable=\"false\"><path d=\"m13.06 12 6.47-6.47-1.06-1.06L12 10.94 5.53 4.47 4.47 5.53 10.94 12l-6.47 6.47 1.06 1.06L12 13.06l6.47 6.47 1.06-1.06L13.06 12Z\"><\/path><\/svg><\/button>\n\t\t\t\t\t\t\t<div class=\"wp-block-navigation__responsive-container-content\" \n\t\t\t\tdata-wp-watch=\"callbacks.focusFirstElement\"\n\t\t\t id=\"modal-1-content\">\n\t\t\t\t\t\t\t\t<ul class=\"wp-block-navigation__container is-responsive wp-block-navigation\"><li class=\" wp-block-navigation-item wp-block-navigation-link\"><a class=\"wp-block-navigation-item__content\"  href=\"https:\/\/akys.kapsi.fi\/wordpress\/kummitoiminta-2\/\"><span class=\"wp-block-navigation-item__label\">Palaa kummitoiminnan p\u00e4\u00e4sivulle<\/span><\/a><\/li><\/ul>\n\t\t\t\t\t\t\t<\/div>\n\t\t\t\t\t\t<\/div>\n\t\t\t\t\t<\/div>\n\t\t\t\t<\/div><\/nav>","protected":false},"excerpt":{"rendered":"<p>AKYS on tukenut v\u00e4h\u00e4varaisten palestiinalaisperheiden lapsia Libanonin pakolaisleireiss\u00e4 yli 30 vuotta. Kummitoiminta auttaa perheit\u00e4 suojelemaan ja ohjaamaan lapsiaan. Arabikansojen yst\u00e4vyysseura aloitti palestiinalaisten pakolaislasten kummitoiminnan jo 1982 palestiinalaisen Beit Atfal Assumoud &hellip; <\/p>\n<p class=\"link-more\"><a href=\"https:\/\/akys.kapsi.fi\/wordpress\/kummitoiminta\/tule-kummiksi-pakolaislapselle\/\" class=\"more-link\">Jatka lukemista<span class=\"screen-reader-text\"> &#8221;Tule kummiksi pakolaislapselle&#8221;<\/span><\/a><\/p>\n","protected":false},"author":1,"featured_media":0,"parent":141,"menu_order":0,"comment_status":"closed","ping_status":"open","template":"","meta":{"footnotes":""},"class_list":["post-88","page","type-page","status-publish","hentry","entry"],"_links":{"self":[{"href":"https:\/\/akys.kapsi.fi\/wordpress\/wp-json\/wp\/v2\/pages\/88","targetHints":{"allow":["GET"]}}],"collection":[{"href":"https:\/\/akys.kapsi.fi\/wordpress\/wp-json\/wp\/v2\/pages"}],"about":[{"href":"https:\/\/akys.kapsi.fi\/wordpress\/wp-json\/wp\/v2\/types\/page"}],"author":[{"embeddable":true,"href":"https:\/\/akys.kapsi.fi\/wordpress\/wp-json\/wp\/v2\/users\/1"}],"replies":[{"embeddable":true,"href":"https:\/\/akys.kapsi.fi\/wordpress\/wp-json\/wp\/v2\/comments?post=88"}],"version-history":[{"count":15,"href":"https:\/\/akys.kapsi.fi\/wordpress\/wp-json\/wp\/v2\/pages\/88\/revisions"}],"predecessor-version":[{"id":4121,"href":"https:\/\/akys.kapsi.fi\/wordpress\/wp-json\/wp\/v2\/pages\/88\/revisions\/4121"}],"up":[{"embeddable":true,"href":"https:\/\/akys.kapsi.fi\/wordpress\/wp-json\/wp\/v2\/pages\/141"}],"wp:attachment":[{"href":"https:\/\/akys.kapsi.fi\/wordpress\/wp-json\/wp\/v2\/media?parent=88"}],"curies":[{"name":"wp","href":"https:\/\/api.w.org\/{rel}","templated":true}]}}