{"id":61,"date":"2015-06-26T18:32:56","date_gmt":"2015-06-26T18:32:56","guid":{"rendered":"http:\/\/akys.kapsi.fi\/wordpress\/?page_id=61"},"modified":"2022-03-06T17:13:16","modified_gmt":"2022-03-06T17:13:16","slug":"kehitysyhteistyo","status":"publish","type":"page","link":"https:\/\/akys.kapsi.fi\/wordpress\/kehitysyhteistyo\/","title":{"rendered":"Kehitysyhteisty\u00f6"},"content":{"rendered":"\n<div class=\"wp-block-image\"><figure class=\"alignleft\"><a href=\"http:\/\/akys.kapsi.fi\/wordpress\/wp-content\/uploads\/2015\/06\/syyriastapanneidenlapsia.jpg\" rel=\"attachment wp-att-96\"><img loading=\"lazy\" decoding=\"async\" width=\"150\" height=\"150\" src=\"http:\/\/akys.kapsi.fi\/wordpress\/wp-content\/uploads\/2015\/06\/syyriastapanneidenlapsia-150x150.jpg\" alt=\"Kuvassa Syyriasta paenneiden palestinalaisperheiden lapsia \" class=\"wp-image-96\" srcset=\"https:\/\/akys.kapsi.fi\/wordpress\/wp-content\/uploads\/2015\/06\/syyriastapanneidenlapsia-150x150.jpg 150w, https:\/\/akys.kapsi.fi\/wordpress\/wp-content\/uploads\/2015\/06\/syyriastapanneidenlapsia-305x305.jpg 305w, https:\/\/akys.kapsi.fi\/wordpress\/wp-content\/uploads\/2015\/06\/syyriastapanneidenlapsia-125x125.jpg 125w, https:\/\/akys.kapsi.fi\/wordpress\/wp-content\/uploads\/2015\/06\/syyriastapanneidenlapsia-80x80.jpg 80w\" sizes=\"auto, (max-width: 150px) 100vw, 150px\" \/><\/a><figcaption>Kuvassa Syyriasta paenneiden palestinalaisperheiden lapsia<\/figcaption><\/figure><\/div>\n\n\n\n<p>Arabikansojen yst\u00e4vyysseura on mukana tukemassa ty\u00f6t\u00e4\u00a0 <strong>perheneuvoloissa<\/strong> jotka sijaitsivat Libanonin kahdessa pohjoisimmassa pakolaisleireiss\u00e4, l\u00e4hell\u00e4 Tripolin kaupunkia. Perheneuvoloiden palvelut lapsille ja heid\u00e4n perheilleen ovat uraauurtavaa mielenterveysty\u00f6t\u00e4. Lapset ovat Libanonin palestiinalaisia, Syyriasta paenneita palestiinalaisia, libanonilaisia ja syyrialaisia.\u00a0Hanke sai Ulkoministeri\u00f6n hankerahoitusta vuosina 2014-2020.<\/p>\n\n\n\n<p><\/p>\n\n\n\n<div class=\"wp-block-image\"><figure class=\"alignleft\"><a href=\"http:\/\/akys.kapsi.fi\/wordpress\/wp-content\/uploads\/2015\/06\/5.-Diabeetikkolasten-\u00e4itien-ruokaoppitunti-3.jpg\" rel=\"attachment wp-att-104\"><img loading=\"lazy\" decoding=\"async\" width=\"150\" height=\"150\" src=\"http:\/\/akys.kapsi.fi\/wordpress\/wp-content\/uploads\/2015\/06\/5.-Diabeetikkolasten-\u00e4itien-ruokaoppitunti-3-150x150.jpg\" alt=\"5. Diabeetikkolasten \u00e4itien ruokaoppitunti (3)\" class=\"wp-image-104\" srcset=\"https:\/\/akys.kapsi.fi\/wordpress\/wp-content\/uploads\/2015\/06\/5.-Diabeetikkolasten-\u00e4itien-ruokaoppitunti-3-150x150.jpg 150w, https:\/\/akys.kapsi.fi\/wordpress\/wp-content\/uploads\/2015\/06\/5.-Diabeetikkolasten-\u00e4itien-ruokaoppitunti-3-305x305.jpg 305w, https:\/\/akys.kapsi.fi\/wordpress\/wp-content\/uploads\/2015\/06\/5.-Diabeetikkolasten-\u00e4itien-ruokaoppitunti-3-125x125.jpg 125w, https:\/\/akys.kapsi.fi\/wordpress\/wp-content\/uploads\/2015\/06\/5.-Diabeetikkolasten-\u00e4itien-ruokaoppitunti-3-80x80.jpg 80w\" sizes=\"auto, (max-width: 150px) 100vw, 150px\" \/><\/a><figcaption>Kuva diabeetikkolasten \u00e4itien ruokaoppitunnilta<\/figcaption><\/figure><\/div>\n\n\n\n<p>AKYSin hankkeella tuettiin aiemmin Betlehemin diabeetikkojen omahoidon oppimista, johon AKYS sai 9 vuoden ajan ulkoministeri\u00f6n rahoitusta. UM- rahoituksen loputtua AKYS vaihtoi tuen kohteeksi kahden vahvan naisen: Suomessakin 2014 vierailleen Amal Hadwehin sek\u00e4 AKYSin rahoituksella palkatun osa-aikaisen sosiaality\u00f6ntekij\u00e4n Jamila Al-Shamin vet\u00e4m\u00e4n Amjaad-j\u00e4rjest\u00f6n. Amjaad huolehtii diabeetikoista, muista vaikeasti sairaista sek\u00e4 Betlehemiss\u00e4 sijaitsevien pakolaisleirien k\u00f6yhist\u00e4 asukkaista. <\/p>\n\n\n\n<h4 class=\"wp-block-heading\">Lis\u00e4tietoa kehitysyhteisty\u00f6st\u00e4:<\/h4>\n\n\n<nav class=\"is-responsive  no-wrap wp-block-navigation is-nowrap is-layout-flex wp-container-core-navigation-is-layout-ad2f72ca wp-block-navigation-is-layout-flex\" aria-label=\"Kehitysyhteisty\u00f6\" \n\t\t data-wp-interactive=\"core\/navigation\" data-wp-context='{\"overlayOpenedBy\":{\"click\":false,\"hover\":false,\"focus\":false},\"type\":\"overlay\",\"roleAttribute\":\"\",\"ariaLabel\":\"Valikko\"}'><button aria-haspopup=\"dialog\" aria-label=\"Avaa valikko\" class=\"wp-block-navigation__responsive-container-open\" \n\t\t\t\tdata-wp-on--click=\"actions.openMenuOnClick\"\n\t\t\t\tdata-wp-on--keydown=\"actions.handleMenuKeydown\"\n\t\t\t><svg width=\"24\" height=\"24\" xmlns=\"http:\/\/www.w3.org\/2000\/svg\" viewBox=\"0 0 24 24\" aria-hidden=\"true\" focusable=\"false\"><path d=\"M4 7.5h16v1.5H4z\"><\/path><path d=\"M4 15h16v1.5H4z\"><\/path><\/svg><\/button>\n\t\t\t\t<div class=\"wp-block-navigation__responsive-container\"  id=\"modal-1\" \n\t\t\t\tdata-wp-class--has-modal-open=\"state.isMenuOpen\"\n\t\t\t\tdata-wp-class--is-menu-open=\"state.isMenuOpen\"\n\t\t\t\tdata-wp-watch=\"callbacks.initMenu\"\n\t\t\t\tdata-wp-on--keydown=\"actions.handleMenuKeydown\"\n\t\t\t\tdata-wp-on--focusout=\"actions.handleMenuFocusout\"\n\t\t\t\ttabindex=\"-1\"\n\t\t\t>\n\t\t\t\t\t<div class=\"wp-block-navigation__responsive-close\" tabindex=\"-1\">\n\t\t\t\t\t\t<div class=\"wp-block-navigation__responsive-dialog\" \n\t\t\t\tdata-wp-bind--aria-modal=\"state.ariaModal\"\n\t\t\t\tdata-wp-bind--aria-label=\"state.ariaLabel\"\n\t\t\t\tdata-wp-bind--role=\"state.roleAttribute\"\n\t\t\t>\n\t\t\t\t\t\t\t<button aria-label=\"Sulje valikko\" class=\"wp-block-navigation__responsive-container-close\" \n\t\t\t\tdata-wp-on--click=\"actions.closeMenuOnClick\"\n\t\t\t><svg xmlns=\"http:\/\/www.w3.org\/2000\/svg\" viewBox=\"0 0 24 24\" width=\"24\" height=\"24\" aria-hidden=\"true\" focusable=\"false\"><path d=\"m13.06 12 6.47-6.47-1.06-1.06L12 10.94 5.53 4.47 4.47 5.53 10.94 12l-6.47 6.47 1.06 1.06L12 13.06l6.47 6.47 1.06-1.06L13.06 12Z\"><\/path><\/svg><\/button>\n\t\t\t\t\t\t\t<div class=\"wp-block-navigation__responsive-container-content\" \n\t\t\t\tdata-wp-watch=\"callbacks.focusFirstElement\"\n\t\t\t id=\"modal-1-content\">\n\t\t\t\t\t\t\t\t<ul class=\"wp-block-navigation__container is-responsive  no-wrap wp-block-navigation\"><li class=\" wp-block-navigation-item wp-block-navigation-link\"><a class=\"wp-block-navigation-item__content\"  href=\"https:\/\/akys.kapsi.fi\/wordpress\/kehitysyhteistyo\/diabeetikkojen-tuki-palestiinassa\/\"><span class=\"wp-block-navigation-item__label\">K\u00f6yhimpien ja sairaimpien tuki Betlehemiss\u00e4<\/span><\/a><\/li><li class=\" wp-block-navigation-item wp-block-navigation-link\"><a class=\"wp-block-navigation-item__content\"  href=\"https:\/\/akys.kapsi.fi\/wordpress\/kehitysyhteistyo\/pohjois-libanonin-perheneuvoloiden-kehittaminen\/\"><span class=\"wp-block-navigation-item__label\">Pohjois-Libanonin perheneuvolat<\/span><\/a><\/li><li class=\" wp-block-navigation-item wp-block-navigation-link\"><a class=\"wp-block-navigation-item__content\"  href=\"https:\/\/akys.kapsi.fi\/wordpress\/kehitysyhteistyo\/hankeraportit-2\/\"><span class=\"wp-block-navigation-item__label\">Hankeraportit<\/span><\/a><\/li><\/ul>\n\t\t\t\t\t\t\t<\/div>\n\t\t\t\t\t\t<\/div>\n\t\t\t\t\t<\/div>\n\t\t\t\t<\/div><\/nav>","protected":false},"excerpt":{"rendered":"<p>Arabikansojen yst\u00e4vyysseura on mukana tukemassa ty\u00f6t\u00e4\u00a0 perheneuvoloissa jotka sijaitsivat Libanonin kahdessa pohjoisimmassa pakolaisleireiss\u00e4, l\u00e4hell\u00e4 Tripolin kaupunkia. Perheneuvoloiden palvelut lapsille ja heid\u00e4n perheilleen ovat uraauurtavaa mielenterveysty\u00f6t\u00e4. Lapset ovat Libanonin palestiinalaisia, Syyriasta &hellip; <\/p>\n<p class=\"link-more\"><a href=\"https:\/\/akys.kapsi.fi\/wordpress\/kehitysyhteistyo\/\" class=\"more-link\">Jatka lukemista<span class=\"screen-reader-text\"> &#8221;Kehitysyhteisty\u00f6&#8221;<\/span><\/a><\/p>\n","protected":false},"author":1,"featured_media":0,"parent":0,"menu_order":0,"comment_status":"closed","ping_status":"closed","template":"","meta":{"footnotes":""},"class_list":["post-61","page","type-page","status-publish","hentry","entry"],"_links":{"self":[{"href":"https:\/\/akys.kapsi.fi\/wordpress\/wp-json\/wp\/v2\/pages\/61","targetHints":{"allow":["GET"]}}],"collection":[{"href":"https:\/\/akys.kapsi.fi\/wordpress\/wp-json\/wp\/v2\/pages"}],"about":[{"href":"https:\/\/akys.kapsi.fi\/wordpress\/wp-json\/wp\/v2\/types\/page"}],"author":[{"embeddable":true,"href":"https:\/\/akys.kapsi.fi\/wordpress\/wp-json\/wp\/v2\/users\/1"}],"replies":[{"embeddable":true,"href":"https:\/\/akys.kapsi.fi\/wordpress\/wp-json\/wp\/v2\/comments?post=61"}],"version-history":[{"count":29,"href":"https:\/\/akys.kapsi.fi\/wordpress\/wp-json\/wp\/v2\/pages\/61\/revisions"}],"predecessor-version":[{"id":4288,"href":"https:\/\/akys.kapsi.fi\/wordpress\/wp-json\/wp\/v2\/pages\/61\/revisions\/4288"}],"wp:attachment":[{"href":"https:\/\/akys.kapsi.fi\/wordpress\/wp-json\/wp\/v2\/media?parent=61"}],"curies":[{"name":"wp","href":"https:\/\/api.w.org\/{rel}","templated":true}]}}