{"id":415,"date":"2015-07-15T06:55:51","date_gmt":"2015-07-15T06:55:51","guid":{"rendered":"http:\/\/akys.kapsi.fi\/wordpress\/?page_id=415"},"modified":"2022-03-06T16:50:11","modified_gmt":"2022-03-06T16:50:11","slug":"kummilomake","status":"publish","type":"page","link":"https:\/\/akys.kapsi.fi\/wordpress\/kummitoiminta\/kummilomake\/","title":{"rendered":"Kyll\u00e4, haluan kummiksi!"},"content":{"rendered":"\n<p>Kummitoiminta on osa <a href=\"http:\/\/www.socialcare.org\" target=\"_blank\" rel=\"noopener\">Beit Atfal Assumoud<\/a> -yhteisty\u00f6j\u00e4rjest\u00f6n sosiaality\u00f6t\u00e4 vaikeassa tilanteessa el\u00e4vien lasten ja vanhusten tueksi. Voit valita, haluatko 1) pitk\u00e4aikaiseksi<a href=\"http:\/\/akys.kapsi.fi\/wordpress\/kummitoiminta-2\/tule-kummiksi-pakolaislapselle\/\"> lapsikummiksi <\/a>2) <a href=\"http:\/\/akys.kapsi.fi\/wordpress\/kummitoiminta-2\/paivakotikummiksi-pakolaislapselle\/\">p\u00e4iv\u00e4kotikummiksi<\/a> kolmen vuoden ajaksi tai 3) <a href=\"http:\/\/akys.kapsi.fi\/wordpress\/kummitoiminta-2\/ainutlaatuinen-vanhuskummitoiminta\/\">vanhuskummiksi<\/a>. Voit my\u00f6s koota yst\u00e4vi\u00e4si kummiryhm\u00e4ksi jakamaan kummimaksua. Kummiksi p\u00e4\u00e4set t\u00e4ytt\u00e4m\u00e4ll\u00e4 alla olevan lomakkeen tai sopimalla asiasta suoraan <a href=\"http:\/\/akys.kapsi.fi\/wordpress\/?post_type=ch_staff&amp;p=120\">Sirkku Kivist\u00f6n<\/a> kanssa. Ker\u00e4yslupa RA\/2020\/1032.<\/p>\n\n\n\n<div class=\"wp-block-contact-form-7-contact-form-selector\">\n<div class=\"wpcf7 no-js\" id=\"wpcf7-f414-o1\" lang=\"fi\" dir=\"ltr\" data-wpcf7-id=\"414\">\n<div class=\"screen-reader-response\"><p role=\"status\" aria-live=\"polite\" aria-atomic=\"true\"><\/p> <ul><\/ul><\/div>\n<form action=\"\/wordpress\/wp-json\/wp\/v2\/pages\/415#wpcf7-f414-o1\" method=\"post\" class=\"wpcf7-form init\" aria-label=\"Yhteydenottolomake\" novalidate=\"novalidate\" data-status=\"init\">\n<fieldset class=\"hidden-fields-container\"><input type=\"hidden\" name=\"_wpcf7\" value=\"414\" \/><input type=\"hidden\" name=\"_wpcf7_version\" value=\"6.1.5\" \/><input type=\"hidden\" name=\"_wpcf7_locale\" value=\"fi\" \/><input type=\"hidden\" name=\"_wpcf7_unit_tag\" value=\"wpcf7-f414-o1\" \/><input type=\"hidden\" name=\"_wpcf7_container_post\" value=\"0\" \/><input type=\"hidden\" name=\"_wpcf7_posted_data_hash\" value=\"\" \/>\n<\/fieldset>\n<p>Etu- ja sukunimi\n<\/p>\n<p><span class=\"wpcf7-form-control-wrap\" data-name=\"txtNimi\"><input size=\"40\" maxlength=\"400\" class=\"wpcf7-form-control wpcf7-text wpcf7-validates-as-required\" aria-required=\"true\" aria-invalid=\"false\" value=\"\" type=\"text\" name=\"txtNimi\" \/><\/span>\n<\/p>\n<p>S\u00e4hk\u00f6postisoite\n<\/p>\n<p><span class=\"wpcf7-form-control-wrap\" data-name=\"txtMaili\"><input size=\"40\" maxlength=\"400\" class=\"wpcf7-form-control wpcf7-email wpcf7-validates-as-required wpcf7-text wpcf7-validates-as-email\" aria-required=\"true\" aria-invalid=\"false\" value=\"\" type=\"email\" name=\"txtMaili\" \/><\/span>\n<\/p>\n<p>Postiosoite:\n<\/p>\n<p><span class=\"wpcf7-form-control-wrap\" data-name=\"txtOsoite\"><input size=\"40\" maxlength=\"400\" class=\"wpcf7-form-control wpcf7-text\" aria-invalid=\"false\" value=\"\" type=\"text\" name=\"txtOsoite\" \/><\/span>\n<\/p>\n<p>Puhelin\n<\/p>\n<p><span class=\"wpcf7-form-control-wrap\" data-name=\"txtPuhelin\"><input size=\"40\" maxlength=\"400\" class=\"wpcf7-form-control wpcf7-tel wpcf7-text wpcf7-validates-as-tel\" aria-invalid=\"false\" value=\"\" type=\"tel\" name=\"txtPuhelin\" \/><\/span>\n<\/p>\n<p>Haluan kummiksi\n<\/p>\n<p><span class=\"wpcf7-form-control-wrap\" data-name=\"radioKummityyppi\"><span class=\"wpcf7-form-control wpcf7-radio\"><span class=\"wpcf7-list-item first\"><input type=\"radio\" name=\"radioKummityyppi\" value=\"lapselle 30\u20ac\/kk\" \/><span class=\"wpcf7-list-item-label\">lapselle 30\u20ac\/kk<\/span><\/span><span class=\"wpcf7-list-item\"><input type=\"radio\" name=\"radioKummityyppi\" value=\"p\u00e4iv\u00e4kotilapselle 15\u20ac\/kk\" \/><span class=\"wpcf7-list-item-label\">p\u00e4iv\u00e4kotilapselle 15\u20ac\/kk<\/span><\/span><span class=\"wpcf7-list-item last\"><input type=\"radio\" name=\"radioKummityyppi\" value=\"vanhukselle 30\u20ac\/kk\" \/><span class=\"wpcf7-list-item-label\">vanhukselle 30\u20ac\/kk<\/span><\/span><\/span><\/span>\n<\/p>\n<p>Muut kummiryhm\u00e4n j\u00e4senet (nimet)\n<\/p>\n<p><span class=\"wpcf7-form-control-wrap\" data-name=\"txtKummiryhma\"><input size=\"40\" maxlength=\"400\" class=\"wpcf7-form-control wpcf7-text\" aria-invalid=\"false\" value=\"\" type=\"text\" name=\"txtKummiryhma\" \/><\/span>\n<\/p>\n<p>Lis\u00e4tietoja (esim. lis\u00e4kysymyksi\u00e4, erityistoiveita)\n<\/p>\n<p><span class=\"wpcf7-form-control-wrap\" data-name=\"txtLisatietoja\"><textarea cols=\"40\" rows=\"10\" maxlength=\"2000\" class=\"wpcf7-form-control wpcf7-textarea\" aria-invalid=\"false\" name=\"txtLisatietoja\"><\/textarea><\/span>\n<\/p>\n<p><input class=\"wpcf7-form-control wpcf7-submit has-spinner\" type=\"submit\" value=\"L\u00e4het\u00e4\" \/>\n<\/p><p style=\"display: none !important;\" class=\"akismet-fields-container\" data-prefix=\"_wpcf7_ak_\"><label>&#916;<textarea name=\"_wpcf7_ak_hp_textarea\" cols=\"45\" rows=\"8\" maxlength=\"100\"><\/textarea><\/label><input type=\"hidden\" id=\"ak_js_1\" name=\"_wpcf7_ak_js\" value=\"205\"\/><script>\ndocument.getElementById( \"ak_js_1\" ).setAttribute( \"value\", ( new Date() ).getTime() );\n<\/script>\n<\/p><div class=\"wpcf7-response-output\" aria-hidden=\"true\"><\/div>\n<\/form>\n<\/div>\n<\/div>\n","protected":false},"excerpt":{"rendered":"<p>Kummitoiminta on osa Beit Atfal Assumoud -yhteisty\u00f6j\u00e4rjest\u00f6n sosiaality\u00f6t\u00e4 vaikeassa tilanteessa el\u00e4vien lasten ja vanhusten tueksi. Voit valita, haluatko 1) pitk\u00e4aikaiseksi lapsikummiksi 2) p\u00e4iv\u00e4kotikummiksi kolmen vuoden ajaksi tai 3) vanhuskummiksi. Voit &hellip; <\/p>\n<p class=\"link-more\"><a href=\"https:\/\/akys.kapsi.fi\/wordpress\/kummitoiminta\/kummilomake\/\" class=\"more-link\">Jatka lukemista<span class=\"screen-reader-text\"> &#8221;Kyll\u00e4, haluan kummiksi!&#8221;<\/span><\/a><\/p>\n","protected":false},"author":1,"featured_media":0,"parent":141,"menu_order":0,"comment_status":"closed","ping_status":"closed","template":"","meta":{"footnotes":""},"class_list":["post-415","page","type-page","status-publish","hentry","entry"],"_links":{"self":[{"href":"https:\/\/akys.kapsi.fi\/wordpress\/wp-json\/wp\/v2\/pages\/415","targetHints":{"allow":["GET"]}}],"collection":[{"href":"https:\/\/akys.kapsi.fi\/wordpress\/wp-json\/wp\/v2\/pages"}],"about":[{"href":"https:\/\/akys.kapsi.fi\/wordpress\/wp-json\/wp\/v2\/types\/page"}],"author":[{"embeddable":true,"href":"https:\/\/akys.kapsi.fi\/wordpress\/wp-json\/wp\/v2\/users\/1"}],"replies":[{"embeddable":true,"href":"https:\/\/akys.kapsi.fi\/wordpress\/wp-json\/wp\/v2\/comments?post=415"}],"version-history":[{"count":8,"href":"https:\/\/akys.kapsi.fi\/wordpress\/wp-json\/wp\/v2\/pages\/415\/revisions"}],"predecessor-version":[{"id":4474,"href":"https:\/\/akys.kapsi.fi\/wordpress\/wp-json\/wp\/v2\/pages\/415\/revisions\/4474"}],"up":[{"embeddable":true,"href":"https:\/\/akys.kapsi.fi\/wordpress\/wp-json\/wp\/v2\/pages\/141"}],"wp:attachment":[{"href":"https:\/\/akys.kapsi.fi\/wordpress\/wp-json\/wp\/v2\/media?parent=415"}],"curies":[{"name":"wp","href":"https:\/\/api.w.org\/{rel}","templated":true}]}}