{"id":384,"date":"2015-07-14T06:17:30","date_gmt":"2015-07-14T06:17:30","guid":{"rendered":"http:\/\/akys.kapsi.fi\/wordpress\/?page_id=384"},"modified":"2022-05-25T12:48:55","modified_gmt":"2022-05-25T12:48:55","slug":"tuki-syyriasta-libanoniin-paenneille-lapsille","status":"publish","type":"page","link":"https:\/\/akys.kapsi.fi\/wordpress\/koti\/hataapu\/tuki-syyriasta-libanoniin-paenneille-lapsille\/","title":{"rendered":"Tuki Syyriasta Libanoniin paenneille lapsille"},"content":{"rendered":"<p><a href=\"http:\/\/akys.kapsi.fi\/wordpress\/wp-content\/uploads\/2015\/07\/IMG_9270.jpeg\"><img loading=\"lazy\" decoding=\"async\" class=\" size-medium wp-image-365 alignleft\" src=\"http:\/\/akys.kapsi.fi\/wordpress\/wp-content\/uploads\/2015\/07\/IMG_9270-300x200.jpeg\" alt=\"IMG_9270\" width=\"300\" height=\"200\" srcset=\"https:\/\/akys.kapsi.fi\/wordpress\/wp-content\/uploads\/2015\/07\/IMG_9270-300x200.jpeg 300w, https:\/\/akys.kapsi.fi\/wordpress\/wp-content\/uploads\/2015\/07\/IMG_9270-150x100.jpeg 150w, https:\/\/akys.kapsi.fi\/wordpress\/wp-content\/uploads\/2015\/07\/IMG_9270-90x60.jpeg 90w, https:\/\/akys.kapsi.fi\/wordpress\/wp-content\/uploads\/2015\/07\/IMG_9270.jpeg 640w\" sizes=\"auto, (max-width: 300px) 100vw, 300px\" \/><\/a>Kriisialueilta pakenevista ihmisist\u00e4 kaikkein heikoimmassa asemassa ovat ne, jotka jo ennest\u00e4\u00e4n ovat olleet pakolaisia. Syyriasta Libanoniin paenneet palestiinalaiset ovat p\u00e4\u00e4osin p\u00e4\u00e4tyneet maan ylikuormitettuihin pakolaisleireihin. YK:n palestiinalaisten avustusj\u00e4rjest\u00f6 UNRWA:n rekisterin mukaan heit\u00e4 on Libanonissa jo 45 000 (12 700 perhett\u00e4). My\u00f6s syyrialaisia perheit\u00e4 on ahtautunut leireihin. Palestiinalainen j\u00e4rjest\u00f6 <a href=\"http:\/\/akys.kapsi.fi\/wordpress\/?post_type=ch_staff&amp;p=123\">Beit Atfal Assumoud <\/a>(BAS) tarjoaa perheille maksutta lasten peruspalveluita kuten p\u00e4iv\u00e4kotipaikkoja, tukiopetusta, harrastustoimintaa ja perheneuvoloiden apua. BAS on AKYSin luotettava yhteisty\u00f6kumppani jo 1980-luvulta.<\/p>\n<p>AKYSin ker\u00e4yksen avulla autat pakolaisten tilanteen hyvin tuntevaa BAS -j\u00e4rjest\u00f6\u00e4 lis\u00e4\u00e4m\u00e4\u00e4n palveluja, jotka antavat lapsille tilaisuuden kokea iloa muiden lasten seurassa ja saada tukea koulunk\u00e4yntiin. Lasten palvelut lievitt\u00e4v\u00e4t vanhempien kokemaa huolta vaikeassa tilanteessa. Tuki ker\u00e4t\u00e4\u00e4n AKYSin perinteisen kummilapsitilin kautta omalla viitenumerolla , ja siten avustus kohdistetaan juuri Syyriasta paenneiden perheiden tarpeisiin.<\/p>\n<p>[alert-error]<strong>Syyria-lahjoitukset kummitilille:<\/strong><br \/>\nDanske Bank FI93 8000 1101 2300 02<br \/>\nViitenumero 7744<br \/>\nKer\u00e4yslupa POL-2015-8218<\/p>\n<p><strong>Kiitos lahjoittajille!<\/strong><\/p>\n<p><strong>Lis\u00e4tietoa AKYS-lehdist\u00e4:<\/strong><\/p>\n<p>Kristiina Koivunen: Syyrian loukussa palestiinalaiset k\u00e4rsiv\u00e4t eniten, <a href=\"http:\/\/akys.kapsi.fi\/wordpress\/wp-content\/uploads\/2015\/07\/akys-2014-1.pdf\">AKYS-lehti 1\/2014<\/a>, s. 17-18<br \/>\nKirsti Palonen: Kaipaus ammattina. Syyriasta paenneet palestiinalaiset kertovat, <a href=\"http:\/\/akys.kapsi.fi\/wordpress\/wp-content\/uploads\/2015\/07\/akys-2015-1.pdf\">AKYS-lehti 1\/2015<\/a>, s. 10-12<\/p>\n<p>&nbsp;<\/p>\n","protected":false},"excerpt":{"rendered":"<p>Kriisialueilta pakenevista ihmisist\u00e4 kaikkein heikoimmassa asemassa ovat ne, jotka jo ennest\u00e4\u00e4n ovat olleet pakolaisia. Syyriasta Libanoniin paenneet palestiinalaiset ovat p\u00e4\u00e4osin p\u00e4\u00e4tyneet maan ylikuormitettuihin pakolaisleireihin. YK:n palestiinalaisten avustusj\u00e4rjest\u00f6 UNRWA:n rekisterin mukaan &hellip; <\/p>\n<p class=\"link-more\"><a href=\"https:\/\/akys.kapsi.fi\/wordpress\/koti\/hataapu\/tuki-syyriasta-libanoniin-paenneille-lapsille\/\" class=\"more-link\">Jatka lukemista<span class=\"screen-reader-text\"> &#8221;Tuki Syyriasta Libanoniin paenneille lapsille&#8221;<\/span><\/a><\/p>\n","protected":false},"author":1,"featured_media":365,"parent":196,"menu_order":0,"comment_status":"closed","ping_status":"closed","template":"","meta":{"footnotes":""},"class_list":["post-384","page","type-page","status-publish","has-post-thumbnail","hentry","entry"],"_links":{"self":[{"href":"https:\/\/akys.kapsi.fi\/wordpress\/wp-json\/wp\/v2\/pages\/384","targetHints":{"allow":["GET"]}}],"collection":[{"href":"https:\/\/akys.kapsi.fi\/wordpress\/wp-json\/wp\/v2\/pages"}],"about":[{"href":"https:\/\/akys.kapsi.fi\/wordpress\/wp-json\/wp\/v2\/types\/page"}],"author":[{"embeddable":true,"href":"https:\/\/akys.kapsi.fi\/wordpress\/wp-json\/wp\/v2\/users\/1"}],"replies":[{"embeddable":true,"href":"https:\/\/akys.kapsi.fi\/wordpress\/wp-json\/wp\/v2\/comments?post=384"}],"version-history":[{"count":14,"href":"https:\/\/akys.kapsi.fi\/wordpress\/wp-json\/wp\/v2\/pages\/384\/revisions"}],"predecessor-version":[{"id":2153,"href":"https:\/\/akys.kapsi.fi\/wordpress\/wp-json\/wp\/v2\/pages\/384\/revisions\/2153"}],"up":[{"embeddable":true,"href":"https:\/\/akys.kapsi.fi\/wordpress\/wp-json\/wp\/v2\/pages\/196"}],"wp:featuredmedia":[{"embeddable":true,"href":"https:\/\/akys.kapsi.fi\/wordpress\/wp-json\/wp\/v2\/media\/365"}],"wp:attachment":[{"href":"https:\/\/akys.kapsi.fi\/wordpress\/wp-json\/wp\/v2\/media?parent=384"}],"curies":[{"name":"wp","href":"https:\/\/api.w.org\/{rel}","templated":true}]}}