{"id":381,"date":"2015-07-14T06:09:05","date_gmt":"2015-07-14T06:09:05","guid":{"rendered":"http:\/\/akys.kapsi.fi\/wordpress\/?page_id=381"},"modified":"2026-03-23T19:32:17","modified_gmt":"2026-03-23T19:32:17","slug":"akys-tukee-terveydenhuoltotyota-gazassa","status":"publish","type":"page","link":"https:\/\/akys.kapsi.fi\/wordpress\/koti\/hataapu\/akys-tukee-terveydenhuoltotyota-gazassa\/","title":{"rendered":"AKYS tukee terveydenhuoltoty\u00f6t\u00e4 Gazassa"},"content":{"rendered":"\n<p><b>AKYS tukee terveydenhuoltoty\u00f6t\u00e4 Gazassa<\/b><\/p>\n\n\n\n<p>Gazassa asuu pari miljoonaa ihmist\u00e4 Sipoon&nbsp;kokoisella rantakaistaleella, jota Israel k\u00e4ytt\u00e4\u00e4 aseidensa testaamiseen. Asukkaat joutuvat kokemaan sen jatkuvina pommituksina.&nbsp;<\/p>\n\n\n\n<p>Israel ei p\u00e4\u00e4st\u00e4 ulkomaalaisia tutustumaan Gazan oloihin, kuten ilmenee Anna Kontulan kirjasta \u201d<em>Muuri, matka maailman suurimpaan vankileiriin<\/em>\u201d. Israel ei my\u00f6sk\u00e4\u00e4n salli gazalaisten p\u00e4\u00e4sy\u00e4 ulos vankilastaan eik\u00e4 Israelin kanssa sovun tehnyt Egypti p\u00e4\u00e4st\u00e4 gazalaisia Egyptin rajan yli kuin ani harvoin, tarkoin vartioidusti.<\/p>\n\n\n\n<p>Gazassa monet el\u00e4v\u00e4t rauniotaloissa. L\u00e4\u00e4kkeist\u00e4 on pulaa eik\u00e4 ruoka aina riit\u00e4. Israel jopa rajoittaa meren rannalla el\u00e4vien gazalaisten kalastusmahdollisuuksia.&nbsp;<\/p>\n\n\n\n<p>AKYS on Gaza-ker\u00e4yksen ansiosta&nbsp;l\u00e4hett\u00e4nyt vuosittain tukea Ramallah\u2019ssa p\u00e4\u00e4majaansa pit\u00e4v\u00e4n Palestinian Medical Relief Societyn (PMRS) Gazan toimipisteelle. Vuonna 2020 gazalaiset k\u00e4yttiv\u00e4t saamansa tukirahan jo toisen kerran ensiapulaukkujen hankkimiseen. Niit\u00e4 tarvitsevat ennen muuta Israelin rajan l\u00e4hell\u00e4 asuvat perheet, jotka eiv\u00e4t koskaan voi olla varmoja, milloin on turvallista menn\u00e4 ulos. Kuvassa n\u00e4kyy pakkauksia, jota sis\u00e4lt\u00e4v\u00e4t vuonna 2020 tilattuja ensiapulaukkupakkauksia. Samoin kuin vuonna 2018, niiss\u00e4 n\u00e4kyv\u00e4t sek\u00e4 PMRS:n ett\u00e4 AKYSin logot.<\/p>\n\n\n\n<p>Gazan sota on kasvattanut humanitaarisen avun tarpeen Gazassa aivan uudelle tasolle pommitusten aiheuttamien tuhojen, ihmisten massamittaisten loukkaantumisten ja kuolemien ja Israelin n\u00e4\u00e4nnytysstrategian vuoksi. Samalla avustusj\u00e4rjest\u00f6n toimintamahdollisuudet ovat kaventuneet huomattavasti.<\/p>\n\n\n\n<p>PMRS on kaikessta huolimatta kyennyt jatkamaan avun toimittamista Gazaan. PMRS on UNRWA:n j\u00e4lkeen toiseksi suurin Gazaan h\u00e4t\u00e4apua antava organisaatio. PMRS:n perustajaj\u00e4senen Mustafa Barghoutin kes\u00e4kuussa 2024 antaman <a href=\"https:\/\/x.com\/MustafaBarghou1\/status\/1802015851232506097\" target=\"_blank\" rel=\"noreferrer noopener\">ilmoituksen<\/a> mukaan Gazassa toimi 45 PMRS:n tiimi\u00e4, jotka toimittivat apua 200000 ihmiselle.<\/p>\n\n\n\n<p>PMRS:n kuukausiraportin 8\/2025 mukaan PMRS:ll\u00e4 on Gazassa 56 ensiaputiimi\u00e4, jotka auttoivat noin 110000 ihmist\u00e4. PMRS:ll\u00e4 on my\u00f6s erityistiimej\u00e4 ja k\u00e4til\u00f6it\u00e4 huolehtimassa raskaana olevista naisista.<\/p>\n\n\n\n<p><strong>Gazan terveydenhuollon tukimaksut AKYSin Palestiina-tukitilille<br><\/strong><strong style=\"font-size: inherit;\">Arabikansojen yst\u00e4vyysseura<br><\/strong><strong>FI95 8000 1300 9905 05<br>Viitenumero 3007<\/strong><\/p>\n\n\n\n<p><strong>MobilePay # 15845<\/strong><\/p>\n\n\n\n<p><strong>Ker\u00e4yslupa: RA\/2020\/1032<\/strong><\/p>\n\n\n\n<p class=\"has-large-font-size\"><strong>Palestinian Medical Relief Societyn raportit<\/strong><\/p>\n\n\n\n<p><strong>PMRS vuosiraportti 2025<\/strong><\/p>\n\n\n\n<figure class=\"wp-block-image size-full\"><a href=\"https:\/\/akys.kapsi.fi\/wordpress\/wp-content\/uploads\/2026\/03\/The-Palestinian-Medical-Relief-Society-Emergency-Report-2025.pdf\"><img loading=\"lazy\" decoding=\"async\" width=\"495\" height=\"701\" src=\"https:\/\/akys.kapsi.fi\/wordpress\/wp-content\/uploads\/2026\/03\/PMRS_rapotti-2025-kuva.png\" alt=\"\" class=\"wp-image-6087\" srcset=\"https:\/\/akys.kapsi.fi\/wordpress\/wp-content\/uploads\/2026\/03\/PMRS_rapotti-2025-kuva.png 495w, https:\/\/akys.kapsi.fi\/wordpress\/wp-content\/uploads\/2026\/03\/PMRS_rapotti-2025-kuva-212x300.png 212w\" sizes=\"auto, (max-width: 495px) 100vw, 495px\" \/><\/a><\/figure>\n\n\n\n<p><strong>PMRS raportti 11\/2025<\/strong><\/p>\n\n\n\n<figure class=\"wp-block-image size-full\"><a href=\"https:\/\/akys.kapsi.fi\/wordpress\/wp-content\/uploads\/2025\/12\/PMRS-11-2025.pdf\"><img loading=\"lazy\" decoding=\"async\" width=\"458\" height=\"709\" src=\"https:\/\/akys.kapsi.fi\/wordpress\/wp-content\/uploads\/2025\/12\/PMRS_raportti-2025-11-kuva.png\" alt=\"\" class=\"wp-image-5698\" srcset=\"https:\/\/akys.kapsi.fi\/wordpress\/wp-content\/uploads\/2025\/12\/PMRS_raportti-2025-11-kuva.png 458w, https:\/\/akys.kapsi.fi\/wordpress\/wp-content\/uploads\/2025\/12\/PMRS_raportti-2025-11-kuva-194x300.png 194w\" sizes=\"auto, (max-width: 458px) 100vw, 458px\" \/><\/a><\/figure>\n\n\n\n<p><strong>PMRS raportti 10\/2025<\/strong><\/p>\n\n\n\n<figure class=\"wp-block-image size-full\"><a href=\"https:\/\/akys.kapsi.fi\/wordpress\/wp-content\/uploads\/2026\/03\/PMRS-10-2025.pdf\"><img loading=\"lazy\" decoding=\"async\" width=\"489\" height=\"756\" src=\"https:\/\/akys.kapsi.fi\/wordpress\/wp-content\/uploads\/2026\/03\/PMRS_raportti-2025-10-kuva.png\" alt=\"\" class=\"wp-image-5983\" srcset=\"https:\/\/akys.kapsi.fi\/wordpress\/wp-content\/uploads\/2026\/03\/PMRS_raportti-2025-10-kuva.png 489w, https:\/\/akys.kapsi.fi\/wordpress\/wp-content\/uploads\/2026\/03\/PMRS_raportti-2025-10-kuva-194x300.png 194w\" sizes=\"auto, (max-width: 489px) 100vw, 489px\" \/><\/a><\/figure>\n\n\n\n<p><strong>PMRS raportti 9\/2025<\/strong><\/p>\n\n\n\n<figure class=\"wp-block-image size-full\"><a href=\"https:\/\/akys.kapsi.fi\/wordpress\/wp-content\/uploads\/2026\/03\/PMRS-9-2025.pdf\"><img loading=\"lazy\" decoding=\"async\" width=\"690\" height=\"1060\" src=\"https:\/\/akys.kapsi.fi\/wordpress\/wp-content\/uploads\/2026\/03\/PMRS_raportti-2025-9-kuva.png\" alt=\"\" class=\"wp-image-5982\" srcset=\"https:\/\/akys.kapsi.fi\/wordpress\/wp-content\/uploads\/2026\/03\/PMRS_raportti-2025-9-kuva.png 690w, https:\/\/akys.kapsi.fi\/wordpress\/wp-content\/uploads\/2026\/03\/PMRS_raportti-2025-9-kuva-195x300.png 195w, https:\/\/akys.kapsi.fi\/wordpress\/wp-content\/uploads\/2026\/03\/PMRS_raportti-2025-9-kuva-667x1024.png 667w\" sizes=\"auto, (max-width: 690px) 100vw, 690px\" \/><\/a><\/figure>\n\n\n\n<p><strong>PMRS raportti 8\/2025<\/strong><\/p>\n\n\n\n<figure class=\"wp-block-image size-full\"><a href=\"https:\/\/akys.kapsi.fi\/wordpress\/wp-content\/uploads\/2025\/10\/PMRS-8-2025.pdf\"><img loading=\"lazy\" decoding=\"async\" width=\"488\" height=\"747\" src=\"https:\/\/akys.kapsi.fi\/wordpress\/wp-content\/uploads\/2025\/10\/PMRS_raportti-2025-8-kuva-1.png\" alt=\"\" class=\"wp-image-5569\" srcset=\"https:\/\/akys.kapsi.fi\/wordpress\/wp-content\/uploads\/2025\/10\/PMRS_raportti-2025-8-kuva-1.png 488w, https:\/\/akys.kapsi.fi\/wordpress\/wp-content\/uploads\/2025\/10\/PMRS_raportti-2025-8-kuva-1-196x300.png 196w\" sizes=\"auto, (max-width: 488px) 100vw, 488px\" \/><\/a><\/figure>\n\n\n\n<p><strong>PMRS raportti 7\/2025<\/strong><\/p>\n\n\n\n<figure class=\"wp-block-image size-full\"><a href=\"https:\/\/akys.kapsi.fi\/wordpress\/wp-content\/uploads\/2025\/09\/PMRS-7-2025.pdf\"><img loading=\"lazy\" decoding=\"async\" width=\"436\" height=\"763\" src=\"https:\/\/akys.kapsi.fi\/wordpress\/wp-content\/uploads\/2025\/09\/PMRS_raportti-2025-7-kuva.png\" alt=\"\" class=\"wp-image-5503\" srcset=\"https:\/\/akys.kapsi.fi\/wordpress\/wp-content\/uploads\/2025\/09\/PMRS_raportti-2025-7-kuva.png 436w, https:\/\/akys.kapsi.fi\/wordpress\/wp-content\/uploads\/2025\/09\/PMRS_raportti-2025-7-kuva-171x300.png 171w\" sizes=\"auto, (max-width: 436px) 100vw, 436px\" \/><\/a><\/figure>\n\n\n\n<p><strong>PMRS raportti 6\/2025<\/strong><\/p>\n\n\n\n<figure class=\"wp-block-image size-full\"><a href=\"https:\/\/akys.kapsi.fi\/wordpress\/wp-content\/uploads\/2025\/10\/PMRS-6-2025.pdf\"><img loading=\"lazy\" decoding=\"async\" width=\"341\" height=\"515\" src=\"https:\/\/akys.kapsi.fi\/wordpress\/wp-content\/uploads\/2025\/10\/PMRS_raportti-2025-6-kuva.png\" alt=\"\" class=\"wp-image-5575\" srcset=\"https:\/\/akys.kapsi.fi\/wordpress\/wp-content\/uploads\/2025\/10\/PMRS_raportti-2025-6-kuva.png 341w, https:\/\/akys.kapsi.fi\/wordpress\/wp-content\/uploads\/2025\/10\/PMRS_raportti-2025-6-kuva-199x300.png 199w\" sizes=\"auto, (max-width: 341px) 100vw, 341px\" \/><\/a><\/figure>\n\n\n\n<p><strong>PMRS raportti 1-5\/2025<\/strong><\/p>\n\n\n\n<figure class=\"wp-block-image size-full is-resized\"><a href=\"https:\/\/akys.kapsi.fi\/wordpress\/pmrs_raportti-2025-07-05-kuva\/\" target=\"_blank\" rel=\" noreferrer noopener\"><img loading=\"lazy\" decoding=\"async\" width=\"692\" height=\"802\" src=\"https:\/\/akys.kapsi.fi\/wordpress\/wp-content\/uploads\/2025\/07\/PMRS_raportti-2025-07-05-kuva.png\" alt=\"\" class=\"wp-image-5408\" style=\"width:300px\" srcset=\"https:\/\/akys.kapsi.fi\/wordpress\/wp-content\/uploads\/2025\/07\/PMRS_raportti-2025-07-05-kuva.png 692w, https:\/\/akys.kapsi.fi\/wordpress\/wp-content\/uploads\/2025\/07\/PMRS_raportti-2025-07-05-kuva-259x300.png 259w\" sizes=\"auto, (max-width: 692px) 100vw, 692px\" \/><\/a><\/figure>\n\n\n\n<p><strong>PMRS Update January-July 2025<\/strong><\/p>\n\n\n\n<figure class=\"wp-block-image size-full\"><a href=\"https:\/\/akys.kapsi.fi\/wordpress\/wp-content\/uploads\/2025\/10\/PMRS-Update-3.pdf\"><img loading=\"lazy\" decoding=\"async\" width=\"565\" height=\"800\" src=\"https:\/\/akys.kapsi.fi\/wordpress\/wp-content\/uploads\/2025\/10\/PMRS-Update-3_kuva.png\" alt=\"\" class=\"wp-image-5571\" srcset=\"https:\/\/akys.kapsi.fi\/wordpress\/wp-content\/uploads\/2025\/10\/PMRS-Update-3_kuva.png 565w, https:\/\/akys.kapsi.fi\/wordpress\/wp-content\/uploads\/2025\/10\/PMRS-Update-3_kuva-212x300.png 212w\" sizes=\"auto, (max-width: 565px) 100vw, 565px\" \/><\/a><\/figure>\n\n\n\n<p><strong>PMRS Gaza Emergency Report 2024<\/strong><\/p>\n\n\n\n<figure class=\"wp-block-image size-full is-resized\"><a href=\"https:\/\/akys.kapsi.fi\/wordpress\/wp-content\/uploads\/2025\/03\/PMRS-Gaza-Emergency-Report-2023-2024-2.pdf\"><img loading=\"lazy\" decoding=\"async\" width=\"482\" height=\"693\" src=\"https:\/\/akys.kapsi.fi\/wordpress\/wp-content\/uploads\/2025\/03\/PRMS-raportti-2024-kuva.png\" alt=\"\" class=\"wp-image-5273\" style=\"width:300px\" srcset=\"https:\/\/akys.kapsi.fi\/wordpress\/wp-content\/uploads\/2025\/03\/PRMS-raportti-2024-kuva.png 482w, https:\/\/akys.kapsi.fi\/wordpress\/wp-content\/uploads\/2025\/03\/PRMS-raportti-2024-kuva-209x300.png 209w\" sizes=\"auto, (max-width: 482px) 100vw, 482px\" \/><\/a><\/figure>\n\n\n\n<p><strong>POSTIMERKKEJ\u00c4 GAZAN TUEKSI<\/strong><\/p>\n\n\n\n<p>AKYS on teett\u00e4nyt postimerkkej\u00e4 Gazan tueksi. Merkit ovat kotimaan ikimerkkej\u00e4. Merkkien ajatus on sama kuin muissakin hyv\u00e4ntekev\u00e4isyysmerkeiss\u00e4. Postimaksun lis\u00e4ksi niiss\u00e4 on lis\u00e4maksu 1\u20ac Gazan h\u00e4t\u00e4apuun Palestinian Medical Relief Societyn terveydenhuoltoty\u00f6n tukemiseen.<br>Kymmenen merkin arkki maksaa 49\u20ac + 5\u20ac toimitusmaksu. Kahden tai useamman arkin tilauksesta ei perit\u00e4 toimitusmaksua. Toimitusaika noin 10 vuorokautta.<\/p>\n\n\n\n<figure class=\"wp-block-table\"><table class=\"has-fixed-layout\"><tbody><tr><td class=\"has-text-align-center\" data-align=\"center\">\n<img decoding=\"async\" src=\"https:\/\/akys.kapsi.fi\/wordpress\/wp-content\/uploads\/2024\/11\/Merkki1-1.jpg\" alt=\"\"><\/td><td class=\"has-text-align-center\" data-align=\"center\"><img decoding=\"async\" src=\"https:\/\/akys.kapsi.fi\/wordpress\/wp-content\/uploads\/2024\/11\/Merkki2-1.jpg\" alt=\"\"><\/td><td class=\"has-text-align-center\" data-align=\"center\"><img decoding=\"async\" src=\"https:\/\/akys.kapsi.fi\/wordpress\/wp-content\/uploads\/2024\/11\/Merkki3.jpg\" alt=\"\"><\/td><td><img loading=\"lazy\" decoding=\"async\" width=\"150\" height=\"182\" class=\"wp-image-5655\" style=\"width: 150px;\" src=\"https:\/\/akys.kapsi.fi\/wordpress\/wp-content\/uploads\/2025\/12\/Merkki4.png\" alt=\"\"><\/td><\/tr><\/tbody><\/table><\/figure>\n\n\n\n<p><\/p>\n\n\n\n<p>Tilaukset AKYSin mobilepay-numerolla #16085 AKYS huivit ja muut ostokset, viestiin postimerkin numero ja toimitusosoite.<br>Jos sinulla ei ole mobilepayta, niin voit tilata merkit AKYSin pankkitilin ja s\u00e4hk\u00f6postin kautta:<br>1. Maksa tilaus pankkitilille FI97 8000 1201 6693 56, viestiin teksti \u201dpostimerkkej\u00e4\u201d ja tilaajan nimi.<br>2. L\u00e4het\u00e4 tilaus AKYSin s\u00e4hk\u00f6postiin posti@akys.fi, ja ilmoita postimerkin numero, arkkien lukum\u00e4\u00e4r\u00e4,tilaajan nimi ja toimitusosoite.<\/p>\n\n\n\n<p>Tiedustelut posti@akys.fi<\/p>\n\n\n\n<figure class=\"wp-block-image size-large\"><img decoding=\"async\" src=\"http:\/\/akys.kapsi.fi\/wordpress\/wp-content\/uploads\/2021\/02\/ensiapulaukkupakkaukset.jpg\" alt=\"\"\/><figcaption class=\"wp-element-caption\">Ensiapulaukkujen pakkauksia saapunut <\/figcaption><\/figure>\n","protected":false},"excerpt":{"rendered":"<p>AKYS tukee terveydenhuoltoty\u00f6t\u00e4 Gazassa Gazassa asuu pari miljoonaa ihmist\u00e4 Sipoon&nbsp;kokoisella rantakaistaleella, jota Israel k\u00e4ytt\u00e4\u00e4 aseidensa testaamiseen. Asukkaat joutuvat kokemaan sen jatkuvina pommituksina.&nbsp; Israel ei p\u00e4\u00e4st\u00e4 ulkomaalaisia tutustumaan Gazan oloihin, kuten &hellip; <\/p>\n<p class=\"link-more\"><a href=\"https:\/\/akys.kapsi.fi\/wordpress\/koti\/hataapu\/akys-tukee-terveydenhuoltotyota-gazassa\/\" class=\"more-link\">Jatka lukemista<span class=\"screen-reader-text\"> &#8221;AKYS tukee terveydenhuoltoty\u00f6t\u00e4 Gazassa&#8221;<\/span><\/a><\/p>\n","protected":false},"author":1,"featured_media":0,"parent":196,"menu_order":0,"comment_status":"closed","ping_status":"open","template":"","meta":{"footnotes":""},"class_list":["post-381","page","type-page","status-publish","hentry","entry"],"_links":{"self":[{"href":"https:\/\/akys.kapsi.fi\/wordpress\/wp-json\/wp\/v2\/pages\/381","targetHints":{"allow":["GET"]}}],"collection":[{"href":"https:\/\/akys.kapsi.fi\/wordpress\/wp-json\/wp\/v2\/pages"}],"about":[{"href":"https:\/\/akys.kapsi.fi\/wordpress\/wp-json\/wp\/v2\/types\/page"}],"author":[{"embeddable":true,"href":"https:\/\/akys.kapsi.fi\/wordpress\/wp-json\/wp\/v2\/users\/1"}],"replies":[{"embeddable":true,"href":"https:\/\/akys.kapsi.fi\/wordpress\/wp-json\/wp\/v2\/comments?post=381"}],"version-history":[{"count":82,"href":"https:\/\/akys.kapsi.fi\/wordpress\/wp-json\/wp\/v2\/pages\/381\/revisions"}],"predecessor-version":[{"id":6092,"href":"https:\/\/akys.kapsi.fi\/wordpress\/wp-json\/wp\/v2\/pages\/381\/revisions\/6092"}],"up":[{"embeddable":true,"href":"https:\/\/akys.kapsi.fi\/wordpress\/wp-json\/wp\/v2\/pages\/196"}],"wp:attachment":[{"href":"https:\/\/akys.kapsi.fi\/wordpress\/wp-json\/wp\/v2\/media?parent=381"}],"curies":[{"name":"wp","href":"https:\/\/api.w.org\/{rel}","templated":true}]}}