{"id":3041,"date":"2020-03-11T11:48:23","date_gmt":"2020-03-11T11:48:23","guid":{"rendered":"http:\/\/akys.kapsi.fi\/wordpress\/?page_id=3041"},"modified":"2020-03-25T08:07:14","modified_gmt":"2020-03-25T08:07:14","slug":"arabikansojen-ystavyysseura-antisemitismista","status":"publish","type":"page","link":"https:\/\/akys.kapsi.fi\/wordpress\/arabikansojen-ystavyysseura-antisemitismista\/","title":{"rendered":"Arabikansojen yst\u00e4vyysseura antisemitismist\u00e4"},"content":{"rendered":"<p style=\"text-align: left;\">Arabikansojen yst\u00e4vyysseuran tavoitteet ja toiminta pohjautuvat yleisesti hyv\u00e4ksyttyjen ihmisoikeuksien sek\u00e4 kansainv\u00e4listen ihmisoikeussopimusten ja lakien mukaisille periaatteille. Seura tukee n\u00e4iden arvojen toteutumista arabimaissa, mutta luonnollisesti ei hyv\u00e4ksy niiden vastaista mihink\u00e4\u00e4n ihmisryhm\u00e4\u00e4n kohdistuvaa toimintaa muuallakaan.<\/p>\n<p>AKYS ei hyv\u00e4ksy mink\u00e4\u00e4nlaista etniseen taustaan tai uskontoon pohjautuvaa syrjint\u00e4\u00e4 ja vihanlietsontaa Suomessa eik\u00e4 muuallakaan maailmassa. Antisemitismi on rasismin muoto ja sellaisenaan jyrk\u00e4sti AKYSin arvojen vastaista.<\/p>\n<p>AKYS ei hyv\u00e4ksy juutalaisiin kohdistuvaa uhkailua, vainoamista tai vahingoittamista eik\u00e4 t\u00e4llaiseen toimintaan kannustamista tai sellaisen oikeuttamista, Holokaustin kielt\u00e4mist\u00e4 ja v\u00e4h\u00e4ttely\u00e4, juutalaisten stereotyypitt\u00e4mist\u00e4 ja esitt\u00e4mist\u00e4 yhten\u00e4 pahantahtoisena kollektiivina, kollektiivista syytt\u00e4mist\u00e4 yksitt\u00e4isten ihmisten, ryhmien tai valtioiden teoista eik\u00e4 muuta juutalaisiin heid\u00e4n uskontonsa tai etnisyytens\u00e4 vuoksi kohdistuvaa halventavaa tai vahingoittavaa toimintaa, heid\u00e4n asuinpaikastaan riippumatta.<\/p>\n<p>Samalla on huomattava, ett\u00e4 antisemitismiksi voidaan leimata my\u00f6s oikeutettu Israelin valtion toiminnan arvostelu ja vastustaminen. Israelilaiset poliitikot ja heid\u00e4n tukijansa pyrkiv\u00e4t antisemitismisyyt\u00f6ksill\u00e4 vaientamaan Palestiina-solidaarisuusliikkeen ja tekem\u00e4\u00e4m laittomiksi monet Palestiina-aktivismin muodot, vaikka ne kuuluvat demokraattisen sananvapauden piiriin.<\/p>\n<p>Israelin valtion, sen taustalla olevan sionistisen ideologian ja Israelin armeijan arvostelu ei ole antisemitismi\u00e4. Ei ole mill\u00e4\u00e4n tavoin juutalaisvastaista arvioida Israelin valtion toimia \u2013 kuten ei mink\u00e4\u00e4n muunkaan valtion toimia \u2013 suhteessa kansainv\u00e4liseen lakiin, ihmisoikeuksiin ja demokraattisilta valtioilta yleisesti odotettuihin normeihin. Ei ole my\u00f6sk\u00e4\u00e4n rasistista kertoa harjoitetun poliitiikan vaikutuksista sen kohteena oleviin v\u00e4est\u00f6ryhmiin ja tukea sit\u00e4 vastustavaa v\u00e4kivallatonta ja laillista toimintaa. AKYS raportoi Israelin ihmisoikeus- ja sotarikoksista sek\u00e4 kertoo laittoman miehityksen vaikutuksista palestiinalaisten el\u00e4m\u00e4\u00e4n ja tukee heid\u00e4n v\u00e4kivallattomia kampanjoitaan.<\/p>\n<p style=\"text-align: right;\">AKYSin hallitus, p\u00e4ivitetty 10.3.2020<\/p>\n","protected":false},"excerpt":{"rendered":"<p>Arabikansojen yst\u00e4vyysseuran tavoitteet ja toiminta pohjautuvat yleisesti hyv\u00e4ksyttyjen ihmisoikeuksien sek\u00e4 kansainv\u00e4listen ihmisoikeussopimusten ja lakien mukaisille periaatteille. Seura tukee n\u00e4iden arvojen toteutumista arabimaissa, mutta luonnollisesti ei hyv\u00e4ksy niiden vastaista mihink\u00e4\u00e4n ihmisryhm\u00e4\u00e4n &hellip; <\/p>\n<p class=\"link-more\"><a href=\"https:\/\/akys.kapsi.fi\/wordpress\/arabikansojen-ystavyysseura-antisemitismista\/\" class=\"more-link\">Jatka lukemista<span class=\"screen-reader-text\"> &#8221;Arabikansojen yst\u00e4vyysseura antisemitismist\u00e4&#8221;<\/span><\/a><\/p>\n","protected":false},"author":4,"featured_media":0,"parent":0,"menu_order":0,"comment_status":"closed","ping_status":"closed","template":"","meta":{"footnotes":""},"class_list":["post-3041","page","type-page","status-publish","hentry","entry"],"_links":{"self":[{"href":"https:\/\/akys.kapsi.fi\/wordpress\/wp-json\/wp\/v2\/pages\/3041","targetHints":{"allow":["GET"]}}],"collection":[{"href":"https:\/\/akys.kapsi.fi\/wordpress\/wp-json\/wp\/v2\/pages"}],"about":[{"href":"https:\/\/akys.kapsi.fi\/wordpress\/wp-json\/wp\/v2\/types\/page"}],"author":[{"embeddable":true,"href":"https:\/\/akys.kapsi.fi\/wordpress\/wp-json\/wp\/v2\/users\/4"}],"replies":[{"embeddable":true,"href":"https:\/\/akys.kapsi.fi\/wordpress\/wp-json\/wp\/v2\/comments?post=3041"}],"version-history":[{"count":8,"href":"https:\/\/akys.kapsi.fi\/wordpress\/wp-json\/wp\/v2\/pages\/3041\/revisions"}],"predecessor-version":[{"id":3060,"href":"https:\/\/akys.kapsi.fi\/wordpress\/wp-json\/wp\/v2\/pages\/3041\/revisions\/3060"}],"wp:attachment":[{"href":"https:\/\/akys.kapsi.fi\/wordpress\/wp-json\/wp\/v2\/media?parent=3041"}],"curies":[{"name":"wp","href":"https:\/\/api.w.org\/{rel}","templated":true}]}}