{"id":263,"date":"2015-07-08T08:10:06","date_gmt":"2015-07-08T08:10:06","guid":{"rendered":"http:\/\/akys.kapsi.fi\/wordpress\/?page_id=263"},"modified":"2022-03-06T17:02:01","modified_gmt":"2022-03-06T17:02:01","slug":"diabeetikkojen-tuki-palestiinassa","status":"publish","type":"page","link":"https:\/\/akys.kapsi.fi\/wordpress\/kehitysyhteistyo\/diabeetikkojen-tuki-palestiinassa\/","title":{"rendered":"K\u00f6yhimpien ja sairaimpien tuki Betlehemiss\u00e4"},"content":{"rendered":"\n<p>AKYSIN yhteisty\u00f6kumppani Amjaad -j\u00e4rjest\u00f6 huolehtii Betlehemin seudun k\u00f6yhist\u00e4 ja kroonisesti sairaista asukkaista, joista useat asuvat alueen pakolaisleireill\u00e4. AKYS on sitoutunut maksamaan Amjaadissa toimivan psykososiaalisen tuen koulutuksen saaneen Jamila Al-Shamin osa-aikaty\u00f6n palkan.<\/p>\n\n\n\n<p>Ennen korona-aikaa Amjaad piti yll\u00e4 k\u00f6yhyytt\u00e4 helpottavia ty\u00f6pajoja auttamalla osallistujia l\u00f6yt\u00e4m\u00e4\u00e4n arkeensa el\u00e4m\u00e4\u00e4 helpottavia toimintoja, j\u00e4rjest\u00e4m\u00e4ll\u00e4 psykologisia istuntoja sy\u00f6p\u00e4sairaille sek\u00e4 kroonisia tauteja sairastaville naisille, j\u00e4rjest\u00e4m\u00e4ll\u00e4 virkistysretki\u00e4 \u00e4ideille ja lapsille ja omia luontoretki\u00e4 i\u00e4kk\u00e4ille naisille. Jamila on my\u00f6s tukenut psykososiaalisin keinoin vankilasta vapautuneita miehi\u00e4.<\/p>\n\n\n\n<p>Vuosi 2020 oli erityisen rankka, kun el\u00e4m\u00e4\u00e4 vaikeuttivat sek\u00e4 Israelin miehitys ett\u00e4 korona. Koronarajoitusten takia Jamila piti yhteytt\u00e4 apua tarvitseviin p\u00e4\u00e4osin WhatsAppin kautta. H\u00e4nelt\u00e4 pyydettiin neuvoja pelon k\u00e4sittelemiseen sek\u00e4 kysyttiin, miten p\u00e4rj\u00e4t\u00e4 kotona korona-karanteenissa.<\/p>\n\n\n\n<p>AKYSin Betlehem-ker\u00e4yksen saama tuki lis\u00e4\u00e4ntyi muutaman yksitt\u00e4islahjoittajan ansiosta runsaalla 2000 eurolla vuonna 2020. Sen johdosta Jamila pystyi lis\u00e4\u00e4m\u00e4\u00e4n korona-aikana tarvittavia hankintoja: h\u00e4n osti l\u00e4pp\u00e4rin tai tabletin seitsem\u00e4lle nuorelle, jotta he voisivat osallistua et\u00e4-opetukseen, jakoi ruokapaketteja 30 perheelle, joista monissa sairastettiin koronaa, ja osti viel\u00e4 reppujakin 15 lapselle, jotta he olisivat valmiina kun koulut avaavat ovensa. Jamila vei p\u00e4\u00e4osan lahjoituksista perheille yksin\u00e4\u00e4n, vaikka liikkuminen on L\u00e4nsirannalla hidasta ja riskialtista lukuisten tarkistuspisteiden ja Israelin sotilaiden aggressioiden takia.<br><br>Korona vaikuttaa Palestiinassa jokaiseen: Jamilan set\u00e4 kuoli koronaan, siskon perheen j\u00e4senet joutuivat sairaalaan koronan takia ja yst\u00e4vi\u00e4 on kuollut.<\/p>\n\n\n\n<p>Tammikuussa Ven\u00e4j\u00e4 sitoutui toimittamaan palestiinalaisille kuluvan vuoden aikana 4 miljoonaa Sputnik-rokotetta ja l\u00e4hett\u00e4m\u00e4\u00e4n h\u00e4t\u00e4avuksi terveydenhoitohenkil\u00f6ille v\u00e4litt\u00f6m\u00e4sti 5 000 rokotetta sek\u00e4 helmikuussa 100&nbsp;000 rokotetta.<\/p>\n\n\n\n<p>Palestiinalaishallinto on my\u00f6s sopinut AstraZenecan kanssa kahden miljoonan annoksen toimittamisesta maaliskuussa.&nbsp;<\/p>\n\n\n\n<p>Runsaat rokotevarastot ahminut Israelkin venyi tammi-helmikuun taitteessa puhdistamaan mainettaan lupaamalla per\u00e4ti 5 000 rokotetta 5-miljoonaiselle Palestiinan kansalle.<\/p>\n\n\n\n<p>Bidenin presidenttiys tuo joitakin etuja, kuten USA:n palaaminen tukemaan YK:n palestiinalaispakolaisista huolehtivaa UNRWAa, mutta n\u00e4k\u00f6piiriss\u00e4 ei ole, ett\u00e4 palestiinalaisten tilanne olennaisesti kohenisi. Apua tarvitaan jatkossakin.<\/p>\n\n\n\n<p><strong>Betlehem-tilin numero on:<\/strong><br><strong>FI95 8000 1300 9905 05, viitenumero 3007<br><\/strong><br><strong>Tukitili koululaisten ja opiskelijoiden hyv\u00e4ksi:<\/strong><br><strong>FI95 8000 1300 9905 05, viitenumero 3104<\/strong><\/p>\n\n\n\n<p>Ker\u00e4yslupa: RA\/2020\/1032<\/p>\n\n\n\n<figure class=\"wp-block-image size-large\"><img loading=\"lazy\" decoding=\"async\" width=\"728\" height=\"1025\" src=\"http:\/\/akys.kapsi.fi\/wordpress\/wp-content\/uploads\/2021\/02\/Jamila-tuomassa-lapparia-diabetesta-sairastavalle-Dinalle-kopio.jpg\" alt=\"\" class=\"wp-image-3475\" srcset=\"https:\/\/akys.kapsi.fi\/wordpress\/wp-content\/uploads\/2021\/02\/Jamila-tuomassa-lapparia-diabetesta-sairastavalle-Dinalle-kopio.jpg 728w, https:\/\/akys.kapsi.fi\/wordpress\/wp-content\/uploads\/2021\/02\/Jamila-tuomassa-lapparia-diabetesta-sairastavalle-Dinalle-kopio-213x300.jpg 213w, https:\/\/akys.kapsi.fi\/wordpress\/wp-content\/uploads\/2021\/02\/Jamila-tuomassa-lapparia-diabetesta-sairastavalle-Dinalle-kopio-107x150.jpg 107w, https:\/\/akys.kapsi.fi\/wordpress\/wp-content\/uploads\/2021\/02\/Jamila-tuomassa-lapparia-diabetesta-sairastavalle-Dinalle-kopio-43x60.jpg 43w\" sizes=\"auto, (max-width: 728px) 100vw, 728px\" \/><figcaption>Jamila tuomassa l\u00e4pp\u00e4ri\u00e4 diabetesta sairastavalle Dinalle<\/figcaption><\/figure>\n\n\n\n<p>Lue lis\u00e4\u00e4<\/p>\n\n\n\n<p>Rosa Rantanen: Auttaminen ahtaalla Hebronissa AKYS-lehti 2019\/2 s.7<\/p>\n\n\n\n<p>Ilona Junka: Palestiina Jamilan silmin: AKYS-lehti 2019\/1, s. 20<br>Kirsti Honkasalo: Oikeus liikkua, oikeus el\u00e4\u00e4 ja nauttia.&nbsp;<a href=\"http:\/\/akys.kapsi.fi\/wordpress\/wp-content\/uploads\/2018\/05\/AKYS-1-18-netti.pdf\" target=\"_blank\" rel=\"noreferrer noopener\">AKYS-lehti 2018\/1<\/a>, s. 11<br>Ilona Junka: Bethlemiss\u00e4 jaksetaan yritt\u00e4\u00e4 parasta.&nbsp;<a href=\"http:\/\/akys.kapsi.fi\/wordpress\/wp-content\/uploads\/2017\/10\/akys2-17-nettiin.pdf\" target=\"_blank\" rel=\"noreferrer noopener\">AKYS-lehti 2017\/2<\/a>, s. 8<\/p>\n\n\n\n<p>Kiitokset lahjoittajille!<\/p>\n\n\n\n<p>Lis\u00e4tietoja: Ilona Junka, Betlehem-tukihankkeen vet\u00e4j\u00e4,&nbsp;<a href=\"mailto:ilona.junka@gmail.com\">ilona.junka@gmail.com<\/a>.<\/p>\n\n\n<nav class=\"is-responsive wp-block-navigation is-layout-flex wp-block-navigation-is-layout-flex\" aria-label=\"Navigaatio 2\" \n\t\t data-wp-interactive=\"core\/navigation\" data-wp-context='{\"overlayOpenedBy\":{\"click\":false,\"hover\":false,\"focus\":false},\"type\":\"overlay\",\"roleAttribute\":\"\",\"ariaLabel\":\"Valikko\"}'><button aria-haspopup=\"dialog\" aria-label=\"Avaa valikko\" class=\"wp-block-navigation__responsive-container-open\" \n\t\t\t\tdata-wp-on--click=\"actions.openMenuOnClick\"\n\t\t\t\tdata-wp-on--keydown=\"actions.handleMenuKeydown\"\n\t\t\t><svg width=\"24\" height=\"24\" xmlns=\"http:\/\/www.w3.org\/2000\/svg\" viewBox=\"0 0 24 24\" aria-hidden=\"true\" focusable=\"false\"><path d=\"M4 7.5h16v1.5H4z\"><\/path><path d=\"M4 15h16v1.5H4z\"><\/path><\/svg><\/button>\n\t\t\t\t<div class=\"wp-block-navigation__responsive-container\"  id=\"modal-1\" \n\t\t\t\tdata-wp-class--has-modal-open=\"state.isMenuOpen\"\n\t\t\t\tdata-wp-class--is-menu-open=\"state.isMenuOpen\"\n\t\t\t\tdata-wp-watch=\"callbacks.initMenu\"\n\t\t\t\tdata-wp-on--keydown=\"actions.handleMenuKeydown\"\n\t\t\t\tdata-wp-on--focusout=\"actions.handleMenuFocusout\"\n\t\t\t\ttabindex=\"-1\"\n\t\t\t>\n\t\t\t\t\t<div class=\"wp-block-navigation__responsive-close\" tabindex=\"-1\">\n\t\t\t\t\t\t<div class=\"wp-block-navigation__responsive-dialog\" \n\t\t\t\tdata-wp-bind--aria-modal=\"state.ariaModal\"\n\t\t\t\tdata-wp-bind--aria-label=\"state.ariaLabel\"\n\t\t\t\tdata-wp-bind--role=\"state.roleAttribute\"\n\t\t\t>\n\t\t\t\t\t\t\t<button aria-label=\"Sulje valikko\" class=\"wp-block-navigation__responsive-container-close\" \n\t\t\t\tdata-wp-on--click=\"actions.closeMenuOnClick\"\n\t\t\t><svg xmlns=\"http:\/\/www.w3.org\/2000\/svg\" viewBox=\"0 0 24 24\" width=\"24\" height=\"24\" aria-hidden=\"true\" focusable=\"false\"><path d=\"m13.06 12 6.47-6.47-1.06-1.06L12 10.94 5.53 4.47 4.47 5.53 10.94 12l-6.47 6.47 1.06 1.06L12 13.06l6.47 6.47 1.06-1.06L13.06 12Z\"><\/path><\/svg><\/button>\n\t\t\t\t\t\t\t<div class=\"wp-block-navigation__responsive-container-content\" \n\t\t\t\tdata-wp-watch=\"callbacks.focusFirstElement\"\n\t\t\t id=\"modal-1-content\">\n\t\t\t\t\t\t\t\t<ul class=\"wp-block-navigation__container is-responsive wp-block-navigation\"><li class=\" wp-block-navigation-item wp-block-navigation-link\"><a class=\"wp-block-navigation-item__content\"  href=\"https:\/\/akys.kapsi.fi\/wordpress\/kehitysyhteistyo\/\"><span class=\"wp-block-navigation-item__label\">Palaa kehitysyhteisty\u00f6n p\u00e4\u00e4sivulle<\/span><\/a><\/li><\/ul>\n\t\t\t\t\t\t\t<\/div>\n\t\t\t\t\t\t<\/div>\n\t\t\t\t\t<\/div>\n\t\t\t\t<\/div><\/nav>\n\n\n<p class=\"has-text-align-center\"> &nbsp; &nbsp; &nbsp; &nbsp; &nbsp; <a href=\"http:\/\/akys.kapsi.fi\/wordpress\/wp-content\/uploads\/2017\/03\/IMG-20170310-WA0008.jpg\"><br><\/a><\/p>\n","protected":false},"excerpt":{"rendered":"<p>AKYSIN yhteisty\u00f6kumppani Amjaad -j\u00e4rjest\u00f6 huolehtii Betlehemin seudun k\u00f6yhist\u00e4 ja kroonisesti sairaista asukkaista, joista useat asuvat alueen pakolaisleireill\u00e4. AKYS on sitoutunut maksamaan Amjaadissa toimivan psykososiaalisen tuen koulutuksen saaneen Jamila Al-Shamin osa-aikaty\u00f6n &hellip; <\/p>\n<p class=\"link-more\"><a href=\"https:\/\/akys.kapsi.fi\/wordpress\/kehitysyhteistyo\/diabeetikkojen-tuki-palestiinassa\/\" class=\"more-link\">Jatka lukemista<span class=\"screen-reader-text\"> &#8221;K\u00f6yhimpien ja sairaimpien tuki Betlehemiss\u00e4&#8221;<\/span><\/a><\/p>\n","protected":false},"author":1,"featured_media":0,"parent":61,"menu_order":0,"comment_status":"closed","ping_status":"open","template":"","meta":{"footnotes":""},"class_list":["post-263","page","type-page","status-publish","hentry","entry"],"_links":{"self":[{"href":"https:\/\/akys.kapsi.fi\/wordpress\/wp-json\/wp\/v2\/pages\/263","targetHints":{"allow":["GET"]}}],"collection":[{"href":"https:\/\/akys.kapsi.fi\/wordpress\/wp-json\/wp\/v2\/pages"}],"about":[{"href":"https:\/\/akys.kapsi.fi\/wordpress\/wp-json\/wp\/v2\/types\/page"}],"author":[{"embeddable":true,"href":"https:\/\/akys.kapsi.fi\/wordpress\/wp-json\/wp\/v2\/users\/1"}],"replies":[{"embeddable":true,"href":"https:\/\/akys.kapsi.fi\/wordpress\/wp-json\/wp\/v2\/comments?post=263"}],"version-history":[{"count":30,"href":"https:\/\/akys.kapsi.fi\/wordpress\/wp-json\/wp\/v2\/pages\/263\/revisions"}],"predecessor-version":[{"id":4139,"href":"https:\/\/akys.kapsi.fi\/wordpress\/wp-json\/wp\/v2\/pages\/263\/revisions\/4139"}],"up":[{"embeddable":true,"href":"https:\/\/akys.kapsi.fi\/wordpress\/wp-json\/wp\/v2\/pages\/61"}],"wp:attachment":[{"href":"https:\/\/akys.kapsi.fi\/wordpress\/wp-json\/wp\/v2\/media?parent=263"}],"curies":[{"name":"wp","href":"https:\/\/api.w.org\/{rel}","templated":true}]}}