{"id":2438,"date":"2018-05-17T13:34:20","date_gmt":"2018-05-17T13:34:20","guid":{"rendered":"http:\/\/akys.kapsi.fi\/wordpress\/?page_id=2438"},"modified":"2018-05-22T11:46:54","modified_gmt":"2018-05-22T11:46:54","slug":"israelin-gazassa-tekeman-joukkomurhan-jalkeen-eun-on-asetettava-israel-aseidenvientikieltoon","status":"publish","type":"page","link":"https:\/\/akys.kapsi.fi\/wordpress\/israelin-gazassa-tekeman-joukkomurhan-jalkeen-eun-on-asetettava-israel-aseidenvientikieltoon\/","title":{"rendered":"Israelin Gazassa tekem\u00e4n joukkomurhan j\u00e4lkeen EU:n on asetettava Israel asekauppakieltoon!"},"content":{"rendered":"<p>Euroopan Palestiina-komiteoiden ja -j\u00e4rjest\u00f6jen yhteisty\u00f6elin <a href=\"http:\/\/www.eccpalestine.org\/\">ECCP <\/a>vaatii EU:ta toimiin Israelin tekemien Gazan mielenosoittajien surmien johdosta.<\/p>\n<p><span style=\"font-size: large;\"><i><b>Israelin Gazassa tekem\u00e4n joukkomurhan j\u00e4lkeen EU:n on asetettava Israel asekauppakieltoon!<\/b><\/i><\/span><\/p>\n<p><i>Yli 60 palestiinalaista, mukaanlukien seitsem\u00e4n lasta surmattiin ja noin 2000 mielenosoittajaa haavoittui maanantaina toukokuun 14 p\u00e4iv\u00e4n\u00e4, kun Israelin tarkk\u2019ampujat k\u00e4yttiv\u00e4t kovia ammuksia mielenosoittajia vastaan, jotka viettiv\u00e4t Nakban 70-vuotisp\u00e4iv\u00e4\u00e4 ja osoittivat mielt\u00e4\u00e4n Yhdysvaltain l\u00e4hetyst\u00f6n avaamista vastaan It\u00e4-Jerusalemissa.<\/i><\/p>\n<p><i>Gazan kaistale on edelleen Israelin 50 vuotta kest\u00e4neen sotilashallinnon alainen ja on ollut jo kymmenen vuotta saarrettuna ilmasta, maasta ja merelt\u00e4 t\u00e4ysin eristettyn\u00e4 muusta maailmasta. Vuoden 2007 j\u00e4lkeen Israel on tehnyt Gazaan kolme suurimittaista sotilaallista hy\u00f6kk\u00e4yst\u00e4 (2008-2009, 2012 ja taas 2014) sek\u00e4 n\u00e4iden lis\u00e4ksi lukemattomia iskuja, joissa on k\u00e4ytetty alueen voimakkaimman armeijan voimaa yht\u00e4 maailman tiheimmin asuttua pakolaisaluetta vastaan.<\/i><\/p>\n<p><i>Amnesty International on tuominnut Israelin asevoimien \u201dylimitoitetun voiman\u201d k\u00e4yt\u00f6n ja sanonut niiden voivan olla sotarikoksen. YK:n ihmisoikeuskomissaarin Zeid Ra\u2019ad al-Husseinin mukaan \u201dj\u00e4rkytt\u00e4viin ihmisoikeusrikkomuksiin syyllistyneet on pantava vastuuseen\u201d. Human Rights Watch on luonnehtinut surmia \u201dveril\u00f6ylyksi\u201d.<\/i><\/p>\n<p><i>Gazassa toimivat l\u00e4\u00e4k\u00e4rit ovat raportoineet, ett\u00e4 kov<\/i><i>ien<\/i><i> ammu<\/i><i>sten k\u00e4ytt\u00e4<\/i><i> o<\/i><i>n<\/i><i> aiheuttan<\/i><i>ut<\/i><i> useille haavoittuneille laajoja kudosrepe\u00e4mi\u00e4 ja syvi\u00e4 aukkoja haavoittuneisiin ruumiinosiin, mik\u00e4 osoittaa Israelin k\u00e4ytt\u00e4neen kansainv\u00e4lisen lain kielt\u00e4mi\u00e4 r\u00e4j\u00e4ht\u00e4vi\u00e4 ammmuksia. Ihmisoikeusj\u00e4rjest\u00f6t Amnesty International ja Human Rigths Watch ovat tuominneet Israelin kuolettavan ja muun kohtuuttoman voiman k\u00e4yt\u00f6n ja vaatineet riippumatonta ja <\/i><i>tehokasta tutkimusta. Amnesty International on lis\u00e4ksi k\u00e4ynnist\u00e4nyt kampanjan Israeliin kohdistuvan aseidenvientikiellon aikaansaamiseksi Gazan mielenosoittajien laittoman tappamisen ja vammauttamisen johdosta.<\/i><\/p>\n<p><i><b>ECCP vaatii, ett\u00e4<\/b><\/i><\/p>\n<ul>\n<li><i>On k\u00e4ynnistett\u00e4v\u00e4 v\u00e4litt\u00f6m\u00e4sti <b>riippumaton kansainv\u00e4linen tutkimus<\/b> selvitt\u00e4m\u00e4\u00e4n Israelin tekemi\u00e4 surmat\u00f6it\u00e4, jotka voivat olla sotarikos;<\/i><\/li>\n<li><i>Israel on asetettava kattavaan <b>asekauppa- ja sotilasyhteisty\u00f6kieltoon<\/b> johtuen sen kohtuuttomista vastatoimista Gazan kaistaleen ja Israelin v\u00e4lisell\u00e4 aidalla ja sota-aseiden k\u00e4yt\u00f6st\u00e4 aseettomia siviilej\u00e4 vastaan;<\/i><\/li>\n<li><i>Israelille on asetettava <b>sanktioita <\/b>sen r\u00e4ikeiden kansainv\u00e4lisen lain vastaisten rikkomusten johdosta, joihin kuuluvat maa-alueiden haltuunotto v\u00e4kivaltaa k\u00e4ytt\u00e4en, itsem\u00e4\u00e4r\u00e4\u00e4misoikeuden ev\u00e4\u00e4minen ja apartheid-rikos.<\/i><\/li>\n<\/ul>\n<p><span style=\"font-size: small;\">Alkuper\u00e4inen julkilausuma <a href=\"http:\/\/www.eccpalestine.org\/after-israels-massacre-in-gaza-the-eu-must-impose-military-embargo-on-israel\/\">After Israel\u2019s massacre in Gaza the EU must impose military embargo on Israel!<\/a><\/span><\/p>\n","protected":false},"excerpt":{"rendered":"<p>Euroopan Palestiina-komiteoiden ja -j\u00e4rjest\u00f6jen yhteisty\u00f6elin ECCP vaatii EU:ta toimiin Israelin tekemien Gazan mielenosoittajien surmien johdosta. Israelin Gazassa tekem\u00e4n joukkomurhan j\u00e4lkeen EU:n on asetettava Israel asekauppakieltoon! Yli 60 palestiinalaista, mukaanlukien seitsem\u00e4n &hellip; <\/p>\n<p class=\"link-more\"><a href=\"https:\/\/akys.kapsi.fi\/wordpress\/israelin-gazassa-tekeman-joukkomurhan-jalkeen-eun-on-asetettava-israel-aseidenvientikieltoon\/\" class=\"more-link\">Jatka lukemista<span class=\"screen-reader-text\"> &#8221;Israelin Gazassa tekem\u00e4n joukkomurhan j\u00e4lkeen EU:n on asetettava Israel asekauppakieltoon!&#8221;<\/span><\/a><\/p>\n","protected":false},"author":4,"featured_media":0,"parent":0,"menu_order":0,"comment_status":"closed","ping_status":"closed","template":"","meta":{"footnotes":""},"class_list":["post-2438","page","type-page","status-publish","hentry","entry"],"_links":{"self":[{"href":"https:\/\/akys.kapsi.fi\/wordpress\/wp-json\/wp\/v2\/pages\/2438","targetHints":{"allow":["GET"]}}],"collection":[{"href":"https:\/\/akys.kapsi.fi\/wordpress\/wp-json\/wp\/v2\/pages"}],"about":[{"href":"https:\/\/akys.kapsi.fi\/wordpress\/wp-json\/wp\/v2\/types\/page"}],"author":[{"embeddable":true,"href":"https:\/\/akys.kapsi.fi\/wordpress\/wp-json\/wp\/v2\/users\/4"}],"replies":[{"embeddable":true,"href":"https:\/\/akys.kapsi.fi\/wordpress\/wp-json\/wp\/v2\/comments?post=2438"}],"version-history":[{"count":2,"href":"https:\/\/akys.kapsi.fi\/wordpress\/wp-json\/wp\/v2\/pages\/2438\/revisions"}],"predecessor-version":[{"id":2466,"href":"https:\/\/akys.kapsi.fi\/wordpress\/wp-json\/wp\/v2\/pages\/2438\/revisions\/2466"}],"wp:attachment":[{"href":"https:\/\/akys.kapsi.fi\/wordpress\/wp-json\/wp\/v2\/media?parent=2438"}],"curies":[{"name":"wp","href":"https:\/\/api.w.org\/{rel}","templated":true}]}}