{"id":2419,"date":"2018-05-06T15:08:41","date_gmt":"2018-05-06T15:08:41","guid":{"rendered":"http:\/\/akys.kapsi.fi\/wordpress\/?page_id=2419"},"modified":"2018-05-06T15:15:23","modified_gmt":"2018-05-06T15:15:23","slug":"gazan-silpomiskentat","status":"publish","type":"page","link":"https:\/\/akys.kapsi.fi\/wordpress\/gazan-silpomiskentat\/","title":{"rendered":"Gazan silpomiskent\u00e4t"},"content":{"rendered":"<p>Maaliskuun 30. p\u00e4iv\u00e4st\u00e4 saakka palestiinalaispakolaiset, jotka ovat karkottamisestaan l\u00e4htien asuneet Gazassa, ovat kokoontuneet aseettomaan joukkomielenosoitukseen puolustamaan oikeuttaan palata kotimaahansa, jonka he menettiv\u00e4t vuonna 1948. Heit\u00e4 vastassa olevan Israelin armeijan ja sen 100 tarkk\u2019ampujan aiheuttama kuolleiden ja haavoittuneiden palestiinalaisten siviilien m\u00e4\u00e4r\u00e4 on t\u00e4t\u00e4 kirjoitettaessa noussut h\u00e4lytt\u00e4viin mittoihin.<\/p>\n<p>T\u00e4ll\u00e4 on oma taustansa. Ensinn\u00e4kin, Israelin 12 vuotta yll\u00e4pit\u00e4m\u00e4 Gazan saarto vaikuttaa jatkuvasti sen asukkaiden terveyteen ja heid\u00e4n tarvitsemaansa hoivaan ja raunioittaa sen terveyspalveluja. Israelin sotilasoperaatioiden v\u00e4kivalta ja h\u00e4vitys vuoden 2014 Protecitve Edge-operaation ja vuoden 2008 Cast Lead-operaation aikana olivat koko ajan kiristyv\u00e4n saarron oloissa k\u00e4\u00e4nnekohtia Gazan kurjistamisessa. Vuoden 2014 hy\u00f6kk\u00e4ys j\u00e4tti j\u00e4lkeens\u00e4 yli 2200 kuollutta siviilia, joista nelj\u00e4sosa oli lapsia, 11000 haavoittunutta sek\u00e4 15 sairaalaa, 45 klinikkaa ja 80000 kotia tuhottuina.<a class=\"sdfootnoteanc\" href=\"#sdfootnote1sym\" name=\"sdfootnote1anc\"><sup>1<\/sup><\/a><\/p>\n<p>Vuoden 2014 j\u00e4lkeen on entisest\u00e4\u00e4n rajoittanut v\u00e4ltt\u00e4m\u00e4tt\u00f6mien l\u00e4\u00e4kkeiden ja laitteiden tuontia Gazaan sek\u00e4 vaikeuttanut p\u00e4\u00e4sy\u00e4 sellaisilta ulkomailta tulevilta l\u00e4\u00e4k\u00e4reilta ja asiantuntijoilta, joiden edustamaa asiantuntemusta Gazassa ei ole. Gazan sairaaloista ovat loppuneet antibiootit, anestesiavalmisteer, kipul\u00e4\u00e4kkeet, muut v\u00e4ltt\u00e4m\u00e4tt\u00f6m\u00e4t l\u00e4\u00e4kkeet, kertak\u00e4ytt\u00f6tarvikkeet ja leikkaussalien toiminnasa pit\u00e4miseen tarvittava polttoaine.<a class=\"sdfootnoteanc\" href=\"#sdfootnote2sym\" name=\"sdfootnote2anc\"><sup>2<\/sup><\/a> Potilaita kuolee odottaessaan lupaa p\u00e4\u00e4st\u00e4 erikoishoitoon Gazan ulkopuolelle. Kaikki ei-v\u00e4ltt\u00e4m\u00e4t\u00f6n leikkaushoito on lopetettu 2018 tammikuun lopusta saakka ja kolme sairaalaa on suljettu l\u00e4\u00e4kkeiden, v\u00e4lineist\u00f6n ja polttoaineen puutteen johdosta.<a class=\"sdfootnoteanc\" href=\"#sdfootnote3sym\" name=\"sdfootnote3anc\"><sup>3<\/sup><\/a> L\u00e4\u00e4kint\u00e4henkil\u00f6st\u00f6 on ty\u00f6skennellyt alennetuilla palkoilla. Gazan terveydenhuollon ammattilaisten on l\u00e4hes mahdotonta saada Israelin viranomaisilta lupia matkustaa ulkomaille saamaan jatkokoulutusta. S\u00e4\u00e4nn\u00f6lliset sotilaalliset hy\u00f6kk\u00e4ykset Gazaan ja meneill\u00e4\u00e4n oleva aseettomien mielenosoittajien ottaminen maalitauluiksi ovat osa Israelin toimien jaksoittain aikaansaamien h\u00e4t\u00e4tilojen muodostamaa kaavaa. Kansalaisj\u00e4rjest\u00f6t, YK ja WHO ovat useissa yhteyksiss\u00e4 raportoineet terveydenhuollon toimimattomuuden kumulatiivisista vaikutuksista v\u00e4est\u00f6n yleiseen terveydentilaan.<a class=\"sdfootnoteanc\" href=\"#sdfootnote4sym\" name=\"sdfootnote4anc\"><sup>4<\/sup><\/a> Kyseess\u00e4 n\u00e4ytt\u00e4\u00e4 olevan koko Gazan v\u00e4est\u00f6n terveys- ja sosiaalihuollon heikent\u00e4miseen t\u00e4ht\u00e4\u00e4v\u00e4 strategia.<\/p>\n<p>Nykyinen systemaattinen kohtuuttoman voiman k\u00e4ytt\u00f6 aseettomia siviileit\u00e4, mukaa lukien lapsia ja tiedotusv\u00e4lineiden edustajia vastaan, voimistaa Gazan asukkaiden kokemaa kriisi\u00e4. 30.3.2018 l\u00e4htien sotilaalliseen taisteluun tartkoitettuja ammuksia k\u00e4ytt\u00e4v\u00e4t tarkk\u2019ampujat ovat aiheuttaneet aseettomille mielenosoittajille rampauttavia haavoja.<a class=\"sdfootnoteanc\" href=\"#sdfootnote5sym\" name=\"sdfootnote5anc\"><sup>5<\/sup><\/a> Palestiinan terveysministeri\u00f6n mukaan 23.4.2018 menness\u00e4 asevoimat ovat haavoittaneet 5511 palestiinalaista,joista ainakin 454 lasta, ja n\u00e4ist\u00e4 1739 ovat kovien ammusten aikaansaamia. 27.4. menness\u00e4 surmattujen m\u00e4\u00e4r\u00e4 on noussut 48:aan ja satoja haavoittuneita on tullut lis\u00e4\u00e4.<\/p>\n<p align=\"left\">Jopa BBC on n\u00e4ytt\u00e4nyt filmej\u00e4, joissa on tahallisesti ammuttu rauhallisesti seisovia tai poisp\u00e4in juoksevia ihmisi\u00e4, mukaan lukien lapsia ja lehtimiehi\u00e4.<a class=\"sdfootnoteanc\" href=\"#sdfootnote6sym\" name=\"sdfootnote6anc\"><sup>6<\/sup><\/a> Tarkk\u2019ampujatuli ei yleens\u00e4 kohdistu p\u00e4\u00e4h\u00e4n, vaan suurin osa vammoista on alaruumissa ja jaloissa. Kymmenille on jouduttu tekem\u00e4\u00e4n h\u00e4t\u00e4amputaatio yhteen tai molempiin jalkoihin, ja 1300:lle on tehty h\u00e4t\u00e4fiksaatio, mik\u00e4 edellytt\u00e4\u00e4 arviolta yhteens\u00e4 7800 tuntia my\u00f6hempi\u00e4 vaikeita korjaavia leikkaustoimenpiteit\u00e4, jotta raajat voitaisiin pelastaa. T\u00e4m\u00e4 on laskelmoitua vammauttamista. Lis\u00e4\u00e4 ihmisi\u00e4 voi kuolla tai j\u00e4\u00e4d\u00e4 loppui\u00e4kseen vammautuneiksi terveydenhuollon heikentyneen tason ja Israelin kiellon vakavasti haavoittuneiden siirt\u00e4miseksi johdosta.<a class=\"sdfootnoteanc\" href=\"#sdfootnote7sym\" name=\"sdfootnote7anc\"><sup>7<\/sup><\/a> Miten Gaza kykenee selviytym\u00e4\u00e4n t\u00e4st\u00e4 tilanteesta? Ja samaan aikaan niiden m\u00e4\u00e4r\u00e4, joiden terveydest\u00e4 ei voida huolehtia nykyisen l\u00e4\u00e4kkeiden ja energian puutteen vuoksi, tulee lis\u00e4\u00e4ntym\u00e4\u00e4n, kun kaikki v\u00e4h\u00e4t voimavarat joudutaan k\u00e4ytt\u00e4m\u00e4\u00e4n hengen ja raajojen pelastamisyrityksiin.<\/p>\n<p align=\"left\">Vaikka monet YK:n ja WHO:n toimistot ovat tuominneet Israelin toiminnan, l\u00e4nsimaiden hallitukset eiv\u00e4t ole p\u00e4\u00e4st\u00e4neet \u00e4\u00e4nt\u00e4k\u00e4\u00e4n ja n\u00e4in edesuattavat Israelin rankaisemattomuutta, jota se n\u00e4ytt\u00e4\u00e4 aina nauttivan Palestiinan yhteiskunnan kohtelussaan. Muut, esimerkiksi l\u00e4\u00e4ketietelliset julkaisut, jotka pyrkiv\u00e4t dokumentoimaan ja kiinnitt\u00e4m\u00e4\u00e4n huomiota t\u00e4m\u00e4n tapaisiin tapahtumiin, joutuvat usein henkil\u00f6kohtaisuuksiin menevien parjausten kohteiksi.<a class=\"sdfootnoteanc\" href=\"#sdfootnote8sym\" name=\"sdfootnote8anc\"><sup>8<\/sup><\/a> T\u00e4llainen on kansainv\u00e4linen h\u00e4pe\u00e4.<\/p>\n<p align=\"left\">&#8212;&#8212;&#8212;&#8212;&#8212;-<\/p>\n<p align=\"left\">Derek Summerfield, Institute of Psychiatry, Psychology &amp; Neuroscience, King&#8217;s College, University of London.<br \/>\nDavid Halpin, Retired orthopaedic and trauma surgeon. Member &#8211; British Orthopaedic Association.<br \/>\nSwee Ang, Consultant Trauma and Orthopaedic Surgeon ,Barts Health, London<br \/>\nAndrea Balduzzi, Researcher, University of Genoa, Italy<br \/>\nFranco Camandona, MD, OspedaliGaliera, Genoa, Italy<br \/>\nGianni Tognoni, Mario Negri Institute, Milan, Italy,<br \/>\nIreo Bono, MD, Onncologist, Savon, Italy<br \/>\nMarina Rui, PhD Universit\u00e0 di Genoa, Italy<br \/>\nVittorio Agnoletto, MD, University of Milan, Former MEP, Italy<\/p>\n<p align=\"left\">Artikkeli on ilmestynyt l\u00e4\u00e4ketieteellisess\u00e4 aikakauslehdess\u00e4 BMJ:ssa 4.5.2018<a href=\"https:\/\/www.bmj.com\/content\/349\/bmj.g6644\/rr\" target=\"_blank\"> https:\/\/www.bmj.com\/content\/349\/bmj.g6644\/rr<\/a><\/p>\n<p align=\"left\">\n<div id=\"sdfootnote1\">\n<p class=\"sdfootnote\"><a class=\"sdfootnotesym\" href=\"#sdfootnote1anc\" name=\"sdfootnote1sym\">1<\/a>50 days of death and ddestruction. Institute for Middle East Understanding. <a href=\"https:\/\/imeu.org\/article\/50-days-of-death-destruction-israels-operation-protective-edge\">https:\/\/imeu.org\/article\/50-days-of-death-destruction-israels-operation-&#8230;<\/a><\/p>\n<\/div>\n<div id=\"sdfootnote2\">\n<p class=\"sdfootnote\"><a class=\"sdfootnotesym\" href=\"#sdfootnote2anc\" name=\"sdfootnote2sym\">2<\/a>Emergency Delegation to the Gaza Strip. Physicians for Human Rights Israel.<br \/>\n<a href=\"http:\/\/www.phr.org.il\/en\/phri-emergency-delegation-to-the-gaza-strip-april-2018\/\">http:\/\/www.phr.org.il\/en\/phri-emergency-delegation-to-the-gaza-strip-apr&#8230;<\/a><\/p>\n<\/div>\n<div id=\"sdfootnote3\">\n<p class=\"sdfootnote\"><a class=\"sdfootnotesym\" href=\"#sdfootnote3anc\" name=\"sdfootnote3sym\">3<\/a>&#8211;<a href=\"https:\/\/www.middleeastmonitor.com\/20180213-work-at-main-gaza-hospital-stops-for-first-time-since-1964\/\">https:\/\/www.middleeastmonitor.com\/20180213-work-at-main-gaza-hospital-st&#8230;<\/a> February 13, 2018<br \/>\n&#8211;<a href=\"http:\/\/www.aljazeera.com\/news\/2018\/02\/palestinians-die-israel-refuses-medical-permits-180213122412689.html\">http:\/\/www.aljazeera.com\/news\/2018\/02\/palestinians-die-israel-refuses-me&#8230;<\/a><\/p>\n<\/div>\n<div id=\"sdfootnote4\">\n<p class=\"sdfootnote\"><a class=\"sdfootnotesym\" href=\"#sdfootnote4anc\" name=\"sdfootnote4sym\">4<\/a>-Unnecessary loss of life <a href=\"http:\/\/gisha.org\/updates\/8742\">http:\/\/gisha.org\/updates\/8742<\/a><br \/>\n-Humanitarian Coordinator calls for protection of Palestinian demonstrators in Gaza alongside support for urgent humanitarian needs &#8211;<a href=\"https:\/\/www.ochaopt.org\/content\/humanitarian-coordinator-calls-protection-palestinian-demonstrators-gaza-alongside-support\">https:\/\/www.ochaopt.org\/content\/humanitarian-coordinator-calls-protectio&#8230;<\/a><br \/>\n-Israel\/OPT: Authorities must refrain from using excessive force in response to Palestine Land Day protests <a href=\"https:\/\/www.amnesty.org\/en\/latest\/news\/2018\/03\/israelopt-authorities-must-refrain-from-using-excessive-force-in-response-to-palestine-land-day-protests\/\">https:\/\/www.amnesty.org\/en\/latest\/news\/2018\/03\/israelopt-authorities-mus&#8230;<\/a><\/p>\n<\/div>\n<div id=\"sdfootnote5\">\n<p class=\"sdfootnote\"><a class=\"sdfootnotesym\" href=\"#sdfootnote5anc\" name=\"sdfootnote5sym\">5<\/a>World Health Organisation Special Situation report- Gaza, Occupied Palestinian Territory. <a href=\"https:\/\/israelpalestinenews.org\/who-special-situation-report-gaza-occupied-palestine-territory-6th-april-2018\/\">https:\/\/israelpalestinenews.org\/who-special-situation-report-gaza-occupi&#8230;<\/a><\/p>\n<\/div>\n<div id=\"sdfootnote6\">\n<p class=\"sdfootnote\"><a class=\"sdfootnotesym\" href=\"#sdfootnote6anc\" name=\"sdfootnote6sym\">6<\/a>The Palestinian Day of Return: from a short day of commemoration to a long day of mourning K. Elessi 27 April 2018, Lancet<br \/>\n<a href=\"https:\/\/doi.org\/10.1016\/S0140-6736\">https:\/\/doi.org\/10.1016\/S0140-6736<\/a>(18)30940-1<br \/>\nCivilians, health workers, journalists and children killed and wounded march 30-april 27, 2018<br \/>\n&#8211;<a href=\"http:\/\/www.msf.org\/en\/article\/palestine-msf-teams-gaza-observe-unusually-severe-and-devastating-gunshot-injuries\">http:\/\/www.msf.org\/en\/article\/palestine-msf-teams-gaza-observe-unusually&#8230;<\/a><br \/>\n-Horrific injuries reported among Gaza protesters <a href=\"https:\/\/www.map.org.uk\/news\/archive\/post\/828-horrific-injuries-reported-among-gaza-protesters-Four\">https:\/\/www.map.org.uk\/news\/archive\/post\/828-horrific-injuries-reported-&#8230;<\/a> Palestinians killed and hundreds injured in Gaza during demonstrations along the fence <a href=\"https:\/\/www.ochaopt.org\/content\/four-palestinians-killed-and-hundreds-injured-gaza-during-demonstrations-along-fence\">https:\/\/www.ochaopt.org\/content\/four-palestinians-killed-and-hundreds-in&#8230;<\/a><br \/>\n-New MAP film from Gaza: health workers under attack<br \/>\n<a href=\"https:\/\/www.map.org.uk\/news\/archive\/post\/827-new-map-film-from-gaza-attacks-against-health-workers-treating-injured-protesters\">https:\/\/www.map.org.uk\/news\/archive\/post\/827-new-map-film-from-gaza-atta&#8230;<\/a><br \/>\n-Adalah&amp; Al Mezan petition Israeli Supreme Court: Order Israeli army to stop using snipers, live ammunition to disperse Gaza protests <a href=\"http:\/\/www.mezan.org\/en\/post\/22754\/Adalah+%26+Al+Mezan+petition+Israeli+Supreme+Court%3A+Order+Israeli+army+to+stop+using+snipers%2C+live+ammunition+to+disperse+Gaza+protests\">http:\/\/www.mezan.org\/en\/post\/22754\/Adalah+%26+Al+Mezan+petition+Israeli+&#8230;<\/a><\/p>\n<\/div>\n<div id=\"sdfootnote7\">\n<p class=\"sdfootnote\"><a class=\"sdfootnotesym\" href=\"#sdfootnote7anc\" name=\"sdfootnote7sym\">7<\/a>&#8211; <a href=\"https:\/\/www.ochaopt.org\/theme\/casualties\">https:\/\/www.ochaopt.org\/theme\/casualties<\/a><br \/>\n&#8211;<a href=\"https:\/\/mailchi.mp\/phr\/muwsh5pulz-991741?e=19b7f93641\">https:\/\/mailchi.mp\/phr\/muwsh5pulz-991741?e=19b7f93641<\/a><\/p>\n<\/div>\n<div id=\"sdfootnote8\">\n<p class=\"sdfootnote\"><a class=\"sdfootnotesym\" href=\"#sdfootnote8anc\" name=\"sdfootnote8sym\">8<\/a>Pressure on \u2018The Lancet\u2019 for Gaza letter another example of pro-Israel assault on freedom of expression 11 novembre 2014 |Catherine Baker pour Mondoweiss<a href=\"http:\/\/www.aurdip.fr\/pressure-on-the-lancet-for-gaza.html?lang=fr\">http:\/\/www.aurdip.fr\/pressure-on-the-lancet-for-gaza.html?lang=fr<\/a><\/p>\n<\/div>\n","protected":false},"excerpt":{"rendered":"<p>Maaliskuun 30. p\u00e4iv\u00e4st\u00e4 saakka palestiinalaispakolaiset, jotka ovat karkottamisestaan l\u00e4htien asuneet Gazassa, ovat kokoontuneet aseettomaan joukkomielenosoitukseen puolustamaan oikeuttaan palata kotimaahansa, jonka he menettiv\u00e4t vuonna 1948. Heit\u00e4 vastassa olevan Israelin armeijan ja &hellip; <\/p>\n<p class=\"link-more\"><a href=\"https:\/\/akys.kapsi.fi\/wordpress\/gazan-silpomiskentat\/\" class=\"more-link\">Jatka lukemista<span class=\"screen-reader-text\"> &#8221;Gazan silpomiskent\u00e4t&#8221;<\/span><\/a><\/p>\n","protected":false},"author":4,"featured_media":0,"parent":0,"menu_order":0,"comment_status":"closed","ping_status":"closed","template":"","meta":{"footnotes":""},"class_list":["post-2419","page","type-page","status-publish","hentry","entry"],"_links":{"self":[{"href":"https:\/\/akys.kapsi.fi\/wordpress\/wp-json\/wp\/v2\/pages\/2419","targetHints":{"allow":["GET"]}}],"collection":[{"href":"https:\/\/akys.kapsi.fi\/wordpress\/wp-json\/wp\/v2\/pages"}],"about":[{"href":"https:\/\/akys.kapsi.fi\/wordpress\/wp-json\/wp\/v2\/types\/page"}],"author":[{"embeddable":true,"href":"https:\/\/akys.kapsi.fi\/wordpress\/wp-json\/wp\/v2\/users\/4"}],"replies":[{"embeddable":true,"href":"https:\/\/akys.kapsi.fi\/wordpress\/wp-json\/wp\/v2\/comments?post=2419"}],"version-history":[{"count":4,"href":"https:\/\/akys.kapsi.fi\/wordpress\/wp-json\/wp\/v2\/pages\/2419\/revisions"}],"predecessor-version":[{"id":2424,"href":"https:\/\/akys.kapsi.fi\/wordpress\/wp-json\/wp\/v2\/pages\/2419\/revisions\/2424"}],"wp:attachment":[{"href":"https:\/\/akys.kapsi.fi\/wordpress\/wp-json\/wp\/v2\/media?parent=2419"}],"curies":[{"name":"wp","href":"https:\/\/api.w.org\/{rel}","templated":true}]}}