{"id":2402,"date":"2018-04-29T12:17:44","date_gmt":"2018-04-29T12:17:44","guid":{"rendered":"http:\/\/akys.kapsi.fi\/wordpress\/?page_id=2402"},"modified":"2018-04-30T10:28:39","modified_gmt":"2018-04-30T10:28:39","slug":"pmrs_gaza_20180326","status":"publish","type":"page","link":"https:\/\/akys.kapsi.fi\/wordpress\/pmrs_gaza_20180326\/","title":{"rendered":"PMRS Gaza"},"content":{"rendered":"<p style=\"text-align: center;\" align=\"left\"><a href=\"http:\/\/akys.kapsi.fi\/wordpress\/wp-content\/uploads\/2018\/04\/PMRS_Gaza.jpg\"><img loading=\"lazy\" decoding=\"async\" class=\"alignnone wp-image-2410\" src=\"http:\/\/akys.kapsi.fi\/wordpress\/wp-content\/uploads\/2018\/04\/PMRS_Gaza-300x169.jpg\" alt=\"PMRS_Gaza\" width=\"503\" height=\"283\" srcset=\"https:\/\/akys.kapsi.fi\/wordpress\/wp-content\/uploads\/2018\/04\/PMRS_Gaza-300x169.jpg 300w, https:\/\/akys.kapsi.fi\/wordpress\/wp-content\/uploads\/2018\/04\/PMRS_Gaza-768x432.jpg 768w, https:\/\/akys.kapsi.fi\/wordpress\/wp-content\/uploads\/2018\/04\/PMRS_Gaza-150x84.jpg 150w, https:\/\/akys.kapsi.fi\/wordpress\/wp-content\/uploads\/2018\/04\/PMRS_Gaza-107x60.jpg 107w, https:\/\/akys.kapsi.fi\/wordpress\/wp-content\/uploads\/2018\/04\/PMRS_Gaza.jpg 960w\" sizes=\"auto, (max-width: 503px) 100vw, 503px\" \/><\/a><\/p>\n<p align=\"left\"><b>Gazan tilanne<\/b><\/p>\n<p align=\"left\">Tilanne Gazan kaistaleella on huonontumassa vakavasti. T\u00e4m\u00e4 koskee el\u00e4m\u00e4n kaikkia osa-alueita, taloutta, terveytt\u00e4, koulutusta, sosiaaliturvaa ja liikkumisen vapautta. Viimeisimm\u00e4t tapahtumat, jotka tuloksena kymmenet tuhannet Palestiinalaishallinnon ty\u00f6ntetkij\u00e4t ovat j\u00e4\u00e4neet ilman palkkaa, pahentavat tilannetta entisest\u00e4\u00e4n. Jo t\u00e4t\u00e4 ennen taloudellisissa raporteissa varoitettiin, ett\u00e4 Gaza on romahduksen partaalla. Ruokaturvan taso laskenut alimmilleen noin 50 prosenttiin. Ty\u00f6tt\u00f6myysaste on 46 %, yli nelj\u00e4nnesmiljoona ihmist\u00e4 on ilman ty\u00f6t\u00e4 ja 80 % asukkaista el\u00e4\u00e4 k\u00f6yhyysrajan alapuolella.<\/p>\n<p align=\"left\">Viimeisimm\u00e4t tapahtumat paikan p\u00e4\u00e4ll\u00e4 mutkistavat tilannetta entisest\u00e4\u00e4n.Israel vastasi Gazan it\u00e4rajalla rauhanomaisiin joukkomielenosoituksiin \u00e4\u00e4rimm\u00e4isell\u00e4 v\u00e4kivallalla, joka on j\u00e4tt\u00e4nyt j\u00e4lkeens\u00e4 kymmeni\u00e4 kuolleita ja tuhansia haavoittuneita, jotka tarvitsevat v\u00e4ltt\u00e4m\u00e4tt\u00e4 l\u00e4\u00e4ketieteellist\u00e4 apua.<\/p>\n<p align=\"left\"><b>Paluukoikeusmarssi<\/b><\/p>\n<p align=\"left\">Suuri Paluuoikeusmarssi on kaikkien Gazan kaistaleella asuvien palestiinalaisten yhteinen rauhanomainen marssi. Tapahtumat alkoivat Maan p\u00e4iv\u00e4n\u00e4 30.3.ja niidem on tarkoitus jatkua 15.5. saakka, jona p\u00e4iv\u00e4n\u00e4 muistetaan Palestiinan Nakbaa (katastrofia). Suuren Paluuoikeusmarssin tapahtumiin kuuluu rauhanomaisia mielenosotuksia l\u00e4hell\u00e4 Gazan rajoja. Ihmiset j\u00e4rjest\u00e4v\u00e4t marssin yhteydess\u00e4 erilaisia tapahtumia, kuten kansantanssiesityksi\u00e4 ja lukupiirej\u00e4, ja he kokoontuvat rajan l\u00e4heisyyteen joka p\u00e4iv\u00e4. Perjantaisin on yleens\u00e4 liikkeell\u00e4 eniten ihmisi\u00e4 ja tuolloin tulee my\u00f6s eniten uhreja.<\/p>\n<p align=\"left\">Marssin kestetty\u00e4 l\u00e4hes nelj\u00e4 viikkoa yli 30 palestiinalaista on saanut surmansa (AKYSin huomautus: 28.4. menness\u00e4 42 surmattua) ja yli 4200 haavoittunut luodeista, r\u00e4j\u00e4ht\u00e4vist\u00e4 ammuksista, kumiluodeista ja kaasun hengitt\u00e4misest\u00e4. Kyynelkaasun lis\u00e4ksi israelilaisten sotilaiden uskotaan ampuneen jonkinlaista kaasua, joka vaikuttaa hermostoon.<\/p>\n<p align=\"left\"><b>PMRS:n rooli<\/b><\/p>\n<p align=\"left\"><b>&#8211; Vapaaehtoiset rajalla<\/b><\/p>\n<p align=\"left\">Rajoilla on PMRS:n vapaaehtoisia, jotka antavat ensiapua ja kujettavat haavoittuneita. T\u00e4h\u00e4n menness\u00e4 PMTS:n tiimit ovat antaneet apua sadoille uhreille. Palveluihin kuuluu sairaankuljetus, apuv\u00e4lineiden toimittaminen ja haavojen hoito sen j\u00e4lkeen, kun uhrit ovat p\u00e4\u00e4sseet sairaalasta. Lis\u00e4ksi PMRS jakaa ensiaputarvikkeita haavoittuneille.<\/p>\n<p align=\"left\"><b>&#8211; PMRS:n hoitotiimit<\/b><\/p>\n<p align=\"left\">Aikaisemmin kuluvalla viikolla PMRS mobilisoi kaksi hoitotiimi\u00e4, jotka k\u00e4yv\u00e4t sairaalasta kotiutettujen haavoittuneiden luona heid\u00e4n kodeissaan ja antavat heille j\u00e4lkihoitoa, johon kuuluu haavojen hoitoa, fysioterapiaa, apuv\u00e4lineit\u00e4 ja l\u00e4\u00e4kityst\u00e4.<\/p>\n<p align=\"left\"><b>Tarpeet<\/b><\/p>\n<p align=\"left\">Jotta PMRS kykenisi jatkamaan palveluitaan, tarvitsemme tukeanne l\u00e4\u00e4kkeiden, apuv\u00e4lineiden, ensiaputarvikkeiden ja humanitaarisen avun toimittamiseksi.<\/p>\n<p align=\"left\">26.4.2018<br \/>\nLoreina Tarazi<br \/>\nPalestinian Medical Relief Society \u2013 GAZA<\/p>\n","protected":false},"excerpt":{"rendered":"<p>Gazan tilanne Tilanne Gazan kaistaleella on huonontumassa vakavasti. T\u00e4m\u00e4 koskee el\u00e4m\u00e4n kaikkia osa-alueita, taloutta, terveytt\u00e4, koulutusta, sosiaaliturvaa ja liikkumisen vapautta. Viimeisimm\u00e4t tapahtumat, jotka tuloksena kymmenet tuhannet Palestiinalaishallinnon ty\u00f6ntetkij\u00e4t ovat j\u00e4\u00e4neet &hellip; <\/p>\n<p class=\"link-more\"><a href=\"https:\/\/akys.kapsi.fi\/wordpress\/pmrs_gaza_20180326\/\" class=\"more-link\">Jatka lukemista<span class=\"screen-reader-text\"> &#8221;PMRS Gaza&#8221;<\/span><\/a><\/p>\n","protected":false},"author":4,"featured_media":0,"parent":0,"menu_order":0,"comment_status":"closed","ping_status":"closed","template":"","meta":{"footnotes":""},"class_list":["post-2402","page","type-page","status-publish","hentry","entry"],"_links":{"self":[{"href":"https:\/\/akys.kapsi.fi\/wordpress\/wp-json\/wp\/v2\/pages\/2402","targetHints":{"allow":["GET"]}}],"collection":[{"href":"https:\/\/akys.kapsi.fi\/wordpress\/wp-json\/wp\/v2\/pages"}],"about":[{"href":"https:\/\/akys.kapsi.fi\/wordpress\/wp-json\/wp\/v2\/types\/page"}],"author":[{"embeddable":true,"href":"https:\/\/akys.kapsi.fi\/wordpress\/wp-json\/wp\/v2\/users\/4"}],"replies":[{"embeddable":true,"href":"https:\/\/akys.kapsi.fi\/wordpress\/wp-json\/wp\/v2\/comments?post=2402"}],"version-history":[{"count":8,"href":"https:\/\/akys.kapsi.fi\/wordpress\/wp-json\/wp\/v2\/pages\/2402\/revisions"}],"predecessor-version":[{"id":2413,"href":"https:\/\/akys.kapsi.fi\/wordpress\/wp-json\/wp\/v2\/pages\/2402\/revisions\/2413"}],"wp:attachment":[{"href":"https:\/\/akys.kapsi.fi\/wordpress\/wp-json\/wp\/v2\/media?parent=2402"}],"curies":[{"name":"wp","href":"https:\/\/api.w.org\/{rel}","templated":true}]}}