{"id":235,"date":"2015-07-08T07:16:09","date_gmt":"2015-07-08T07:16:09","guid":{"rendered":"http:\/\/akys.kapsi.fi\/wordpress\/?page_id=235"},"modified":"2023-07-25T15:03:29","modified_gmt":"2023-07-25T15:03:29","slug":"raportteja-miehitetyilta-alueilta","status":"publish","type":"page","link":"https:\/\/akys.kapsi.fi\/wordpress\/palestiina\/raportteja-miehitetyilta-alueilta\/","title":{"rendered":"Raportteja miehitetyilt\u00e4 alueilta"},"content":{"rendered":"\n<p>YK:n miehitettyjen palestiinalaisalueiden <a rel=\"noreferrer noopener\" href=\"http:\/\/www.ohchr.org\/EN\/HRBodies\/SP\/CountriesMandates\/PS\/Pages\/SRPalestine.aspx\" target=\"_blank\">humanit\u00e4\u00e4risten oikeuksien erikoistarkkailijan<\/a> raporteissa k\u00e4sitell\u00e4\u00e4n alueiden ihmisoikeustilannetta. Humanitaarinen tilanne miehitetyilla alueilla on pahentunut tasaisesti p\u00e4\u00e4asiassa kansainv\u00e4lisen lain karkeiden loukkausten seurauksena, joihin kuuluvat rodullinen segregaatio ja alistaminen miehitt\u00e4j\u00e4vallan toimesta. <a href=\"https:\/\/www.ohchr.org\/sites\/default\/files\/documents\/hrbodies\/hrcouncil\/sessions-regular\/session53\/advance-versions\/A_HRC_53_59_AdvanceUneditedVersion.pdf\" target=\"_blank\" rel=\"noreferrer noopener\">9.7.2023 julkaistussa raportissa A\/HRC\/53\/59<\/a> keskityt\u00e4\u00e4n palestiinalaisten laajamittaiseen vapauden riistoon (Law for Palestine laatima <a href=\"https:\/\/law4palestine.org\/summary-of-the-un-special-rapporteurs-report-on-the-widespread-and-systematic-deprivation-of-liberty-in-the-occupied-palestinian-territory\/\" target=\"_blank\" rel=\"noreferrer noopener\">tiivistelm\u00e4<\/a>). <a href=\"https:\/\/documents-dds-ny.un.org\/doc\/UNDOC\/GEN\/N22\/598\/03\/PDF\/N2259803.pdf\" target=\"_blank\" rel=\"noreferrer noopener\">21.9.2022 julkaistu raporti A\/77\/356<\/a> keskittyy erityisesti palestiinalaisiin kohdistettujen sortotoimien ja palestiinalaisten toteutumatta j\u00e4\u00e4neeseen itsem\u00e4\u00e4r\u00e4\u00e4misoikeuteen liittyv\u00e4\u00e4n lainopilliseen analyysiin. Suosituksissaan erikoisraportoija esitt\u00e4\u00e4 valtioille paradigman muutosta L\u00e4hi-id\u00e4n politiikassaan ja muun muassa turvautumista tarvittaessa YK:n peruskirjan suomiin diplomaattisiin, taloudellisiin ja poliittisiin toimiin, jos Israel j\u00e4tt\u00e4\u00e4 noudattamatta velvoitteitaan (<a href=\"https:\/\/akys.kapsi.fi\/wordpress\/wp-content\/uploads\/2022\/11\/YKn-miehitettyjen-palestiinalaisalueiden-erikoisraportoijan-raportti-syyskuulta-2022.pdf\" target=\"_blank\" rel=\"noreferrer noopener\">suomenkielinen tiivistelm\u00e4<\/a>).<\/p>\n\n\n\n<p>Amnesty Internationalin <a href=\"https:\/\/www.amnesty.org\/en\/countries\/middle-east-and-north-africa\/israel-and-occupied-palestinian-territories\/report-israel-and-occupied-palestinian-territories\/\" target=\"_blank\" rel=\"noopener\">vuosiraportin<\/a> mukaan palestiinalaisten laittomat tapot, mielivaltaiset pid\u00e4tykset ja kidutus vallitsevat miehitetyill\u00e4 alueilla yleisin\u00e4 ja rankaisematta. Siirtokunten laajentaminen jatkuu, palestiinalaisten liikkumista rajoitetaan entist\u00e4 tiukemmin ja siirtokuntalaisten hy\u00f6kk\u00e4ykset palestiinalaisia vastaan jatkuvat esteitt\u00e4.<\/p>\n\n\n\n<p>YK humanit\u00e4\u00e4risten asioiden koordinointitoimiston (OCHA) <a href=\"http:\/\/www.ochaopt.org\/humatlas2015\/\" target=\"_blank\" rel=\"noopener\"><span style=\"color: #0066cc;\">humanit\u00e4\u00e4rinen karttakirja<\/span><\/a> L\u00e4nsirannalta ja Gazasta.<\/p>\n\n\n\n<p>YK:n raportin mukaan Israelin siirtokunnat rikkovat palestiinalaisten ihmisoikeuksia tarkoituksena ajaa heid\u00e4t pois maasta (<a title=\"\" href=\"http:\/\/www.ohchr.org\/EN\/HRBodies\/HRC\/RegularSessions\/Session19\/Pages\/IsraeliSettlementsInTheOPT.aspx\" target=\"_blank\" rel=\"noopener\"><span style=\"color: #0066cc;\">International Fact-Finding Mission on Israeli Settlements in the Occupied Palestinian Territory<\/span><\/a>). Yli 60 prosenttia L\u00e4nsirannasta on Israelin t\u00e4ydess\u00e4 kontrollissa olevaa C-aluetta, jolla asuvien palestiinalaisten asema on kaikkein vaikein (United Nations Office for the Coordination of Humanitarian Affairs occupied Palestinian territory: <a title=\"\" href=\"http:\/\/www.ochaopt.org\/documents\/ocha_opt_area_c_factsheet_January_2013_english.pdf\" target=\"_blank\" rel=\"noopener\"><span style=\"color: #0066cc;\">Area C of the West Bank: Key Humanitarian Concerns<\/span><\/a>). Israel jatkaa&nbsp;perheiden ja yhdyskuntien tuhoamista h\u00e4vitt\u00e4m\u00e4ll\u00e4 n\u00e4iden koteja, infrastruktuuria ja peruselinkeinoja&nbsp;It\u00e4-Jerusalemissa ja L\u00e4nsirannan C-alueella. T\u00e4m\u00e4 vaikuttaa erityisen tuhoisasti lapsiin ja johtaa elinolojen huonontumiseen, lis\u00e4\u00e4ntyv\u00e4\u00e4n k\u00f6yhyyteen pitk\u00e4aikaiseen turvattomuuteen sek\u00e4 est\u00e4\u00e4 peruspalveluiden, kuten terveydenhoidon, koulutuksen, veden ja&nbsp;viem\u00e4r\u00f6innin saannin (UNRW:n raportti: <a title=\"\" href=\"http:\/\/www.unrwa.org\/demolition-watch\" target=\"_blank\" rel=\"noopener\"><span style=\"color: #0066cc;\">Demolition Watch<\/span><\/a>, EU:n l\u00e4hettil\u00e4iden raportti Jerusalemista: <a href=\"\/Users\/rinnese\/data\/omat\/~akys\/public_html\/pdf\/EAST%20JERUSALEM%20REPORT%20-%20HOM%20.pdf\" target=\"_blank\" rel=\"noopener\"><span style=\"color: #0066cc;\">EU Heads of Mission Report on Jerusalem March 2014<\/span><\/a>, <a href=\"http:\/\/www.eccpalestine.org\/eu-diplomats-warn-of-regional-conflagration-over-temple-mount\/\" target=\"_blank\" rel=\"noopener\"><span style=\"color: #0066cc;\">EU Heads of Mission Annual Report on East Jerusalem<\/span><\/a>).&nbsp;Israelilaisen raportin mukaan Maailman sionistij\u00e4rjest\u00f6 jakaa C-alueella palestiinalaisten omistamia maita siirtokunnille: <a title=\"\" href=\"http:\/\/www.haaretz.com\/news\/diplomacy-defense\/1.545856\" target=\"_blank\" rel=\"noopener\"><span style=\"color: #0066cc;\">Haaretz-lehden artikkeli<\/span><\/a>. 20 vuotta voimassa ollut Oslon sopimus on osoittautunut palestiinalaisill katastrofiksi: <a title=\"\" href=\"https:\/\/www.middleeastmonitor.com\/media-review\/event-review\/7356-oslo-accords-have-been-qa-complete-disasterq-for-the-palestinians\" target=\"_blank\" rel=\"noopener\"><span style=\"color: #0066cc;\">Middle East Monitor conference<\/span><\/a>.<\/p>\n\n\n\n<p>Kansainv\u00e4lisen lain mukaan miehitt\u00e4j\u00e4 on vastuussa miehitt\u00e4miens\u00e4 alueiden asukkaiden hyvinvoinnista ja se velvoittaa miehitt\u00e4j\u00e4\u00e4 hallinnoimaan alueiden luonnonvaroja niin, ett\u00e4 ne eiv\u00e4t vahingoitu eiv\u00e4tk\u00e4 v\u00e4hene, eik\u00e4 miehitt\u00e4j\u00e4 saa k\u00e4ytt\u00e4\u00e4 niit\u00e4 miehitysvallan omien asukkaiden tai talouden hy\u00f6dyksi. Al-Haq-j\u00e4rjest\u00f6n raportissa selvitet\u00e4\u00e4n, kuinka Israel rikkoo avoimesti lain asettamia velvoitteitaan Kuolleen meren alueella <a title=\"\" href=\"http:\/\/www.alhaq.org\/advocacy\/topics\/housing-land-and-natural-resources\/621-israels-unlawful-exploitation-of-natural-resources-in-the-occupied-palestinian-territory\" target=\"_blank\" rel=\"noopener\"><span style=\"color: #0066cc;\">Pillage of the Dead Sea: Israel&#8217;s Unlawful Exploitation of Natural Resources in the Occupied Palestinian Territory&nbsp;<\/span><\/a><\/p>\n\n\n\n<p>Vuoden 2000 ja Israelin vuonna 2008 Gazaan tekem\u00e4n hy\u00f6kk\u00e4yksen v\u00e4lisen\u00e4 aikana surmattiin <a title=\"\" href=\"http:\/\/www.btselem.org\/statistics\" target=\"_blank\" rel=\"noopener\"><span style=\"color: #0066cc;\">B&#8217;Tselemin varmennettujen tilastojen<\/span><\/a> mukaan 4835 palestiinalaista Israelin armeijan ja siirtokunatalalisten toimesta. Samana aikana palesiinlaiset surmasivat 492 israelilaista. 2008 Gazan hy\u00f6kk\u00e4yksess\u00e4 kuoli 1398 palestiinalaista ja 4 israelilaista. 2008 ja 2014 Gazan hy\u00f6kk\u00e4ysten v\u00e4lisen\u00e4 aikana kuolin 682 palestiinalaista ja 21 israelilaista. 2014 Gazan hy\u00f6kk\u00e4yksess\u00e4 kuoli 1787 palestiinalaista ja 68 israelilaista. Tappaminen L\u00e4nsirannalla ja Gazalla jatkuu edelleen. Vuoden 2000 j\u00e4lkeen Israel on murhannut keskim\u00e4\u00e4rin joka kolmas p\u00e4iv\u00e4 yhden palestiinalaislapsen <a title=\"\" href=\"http:\/\/www.middleeastmonitor.com\/news\/middle-east\/6185-one-palestinian-child-has-been-killed-by-israel-every-3-days-for-the-past-13-years\" target=\"_blank\" rel=\"noopener\"><span style=\"color: #0066cc;\">(Middle East Monitor)<\/span><\/a>&nbsp; Vuoden 2000 j\u00e4lkeen Israelin joukot ovat surmanneet yli 1500 ja haavoittaneet noin 6000 palestiinalaista lasta (<a href=\"http:\/\/www.maannews.net\/eng\/ViewDetails.aspx?ID=687611\" target=\"_blank\" rel=\"noopener\"><span style=\"color: #0066cc;\">Minister: Over 1,500 Palestinian children killed since 2000<\/span><\/a>).<\/p>\n\n\n\n<p>Israel rikkoo kansainv\u00e4lisi\u00e4 lakeja pit\u00e4m\u00e4ll\u00e4 vangittuina miehitettyjen alueiden palestiinalaisia mielivaltaisesti ja kohtelemalla heit\u00e4 ep\u00e4inhimillisesti. Yli 700 000 palestiinalaista on ollut Israelin vankiloissa, suuri osa ilman syytteit\u00e4 ja oikeudenk\u00e4yntej\u00e4 (<a href=\"http:\/\/ufreeonline.net\/index.php\/site\/index\/news\/446\/3\" target=\"_blank\" rel=\"noopener\"><span style=\"color: #0066cc;\">UFree: Palestinian Political Prisoners&#8217; Day (17th April) marked by deteriorating conditions and Israeli violations<\/span><\/a>). Kertomuksia palestiinalaisten kokemuksista Israelin vankilaj\u00e4rjestelm\u00e4ss\u00e4: <a href=\"http:\/\/webapps.aljazeera.net\/aje\/custom\/2014\/prisonerday\/index.html\" target=\"_blank\" rel=\"noopener\"><span style=\"color: #0066cc;\">Freedom Denied<\/span><\/a>.<\/p>\n\n\n\n<p>YK:n miehitetyjen palestiinalaisalueiden humanit\u00e4\u00e4risten asioiden koordinointitoimiston (OCHA) humanit\u00e4\u00e4risest\u00e4 tilanteesta palestiinalaisalueilla <a href=\"http:\/\/www.ochaopt.org\/documents\/ocha_opt_annual_review_2014.pdf\" target=\"_blank\" rel=\"noopener\"><span style=\"color: #0066cc;\">Fragmented lives, Humanitarian Overview 2013<\/span><\/a> (pdf).<\/p>\n\n\n\n<p>YK:n erityistarkkailijan Richard Falkin viimeisess\u00e4 raportissa todetaan Israelin pitkittyneen miehityksen ja It\u00e4-Jerusalemin etnisen puhdistuksen rikkovan palestiinalaisten oikeuksia. &#8221;On silminn\u00e4ht\u00e4v\u00e4\u00e4, ett\u00e4 pitkitt\u00e4m\u00e4ll\u00e4 miehityst\u00e4, harjoittamalla apartheidin ja segregaation kaltaista politiikkaa, jatkamalla siirtokuntien laajentamista ja muurin rakentamista, mitk\u00e4 oletettavasti johtavat miehitetyn Palestiinan alueen osien tosiasialliseen liitt\u00e4miseen, Israel kielt\u00e4\u00e4 Palestiinan kansan itsem\u00e4\u00e4r\u00e4\u00e4misoikeuden.&#8221; YK:n j\u00e4senvaltioiden tulisi harkita tuontikiellon m\u00e4\u00e4r\u00e4\u00e4mist\u00e4 siirtokuntatuotteille. <a href=\"http:\/\/unispal.un.org\/UNISPAL.NSF\/0\/06AE69A80B959A3D85257C86006D89A7\" target=\"_blank\" rel=\"noopener\"><span style=\"color: #0066cc;\">Report of the Special Rapporteur on the situation of human rights in the Palestinian territories occupied since 1967<\/span><\/a>)<\/p>\n\n\n\n<p>Polttoaineen puutteen johdosta Gazan asukkaat j\u00e4\u00e4v\u00e4t ilman peruspalveluja. J\u00e4tteit\u00e4 ei voida kuljettaa eik\u00e4 k\u00e4sitell\u00e4, mist\u00e4 aiheutuu vakavia terveys- ja ymp\u00e4rist\u00f6riskej\u00e4. L\u00e4nsirannalla siirtokuntatoimet ovat keskeisi\u00e4 inhimillisen k\u00e4rsimyksen aiheuttajia. Vuonna 2013 siirtokuntarakentaminen lis\u00e4\u00e4ntyi 124 prosentilla vuoteen 2012 verrattuna (<a href=\"http:\/\/www.ochaopt.org\/documents\/ocha_opt_the_humanitarian_monitor_2014_04_29_english.pdf\" target=\"_blank\" rel=\"noopener\"><span style=\"color: #0066cc;\">OCHA: Humanitarian Bulletin, March 2014<\/span><\/a>). Gazan ja L\u00e4nsirannan erist\u00e4minen ja Israelin asettaman kulkurajoitukset pakottavat tuhansien perheiden j\u00e4senet ja aviopuolisot el\u00e4m\u00e4\u00e4n erill\u00e4\u00e4n toisistaan <a href=\"http:\/\/www.btselem.org\/publications\/201401_so_near_and_yet_so_far\" target=\"_blank\" rel=\"noopener\"><span style=\"color: #0066cc;\">Hamoked &amp; B\u00b4Tselem: So near and yet so far: Implications of Israeli-Imposed Seclusion of Gaza Strip on Palestinians\u2019 Right to Family Life<\/span><\/a> Ihmisoikeusj\u00e4rjest\u00f6 Euro-Mid&nbsp;Observer for Human Rights raportoi: Israel vainoaa jatkuvasti gazalaisia kalastajia; kutsu kansainv\u00e4liseen toimintaan <a title=\"\" href=\"http:\/\/www.euromid.org\/marsad\/index.php?action=main\/readcontent&amp;lang=en&amp;cat=2&amp;id=311\" target=\"_blank\" rel=\"noopener\"><span style=\"color: #0066cc;\">Israeli Authoritie&#8217;s Violations against the Palestinian Fishermen &#8211; Gaza Strip&nbsp;<\/span><\/a><\/p>\n\n\n\n<p>YK:n elokuussa 2010 julkaistun raportin mukaan Israel on yh\u00e4 enenev\u00e4ss\u00e4 m\u00e4\u00e4r\u00e4ss\u00e4 ajan est\u00e4nyt Gazan asukkaiden p\u00e4\u00e4syn viljelysmaille ja kalastusalueille. 35 prosenttia Gazan viljelysmaista ja 85 prosenttia merialueista, jotka Oslon sopimuksen mukaan kuuluvat palestiinalaisten k\u00e4ytt\u00f6\u00f6n, on totaalisesti suljettu heilt\u00e4. Rajoitykset vaikuttavat suoraan 178000 ihmisen el\u00e4m\u00e4\u00e4n ja ovat aiheuttaneet tuhansien ty\u00f6paikkojen menetykset. Israel ei ole ilmoittanut gazalaisille alueiden rajoja, ja ampumiset ihmisten menon est\u00e4miseksi niille ovat aiheuttaneet monien kuoleman. <a title=\"\" href=\"http:\/\/www.ochaopt.org\/documents\/ocha_opt_special_focus_2010_08_19_english.pdf\" target=\"_blank\" rel=\"noopener\"><span style=\"color: #0066cc;\">Between the Fence and a Hard Place. The Humanitarian Impact of Israeli-Imposed Restrictions on Access to Land and Sea in the Gaza Strip<\/span><\/a><br>YK:n humanitaaristen asioiden Palestiinan toimiston muita raportteja Gazasta ja L\u00e4snirannalta&nbsp;<a title=\"\" href=\"http:\/\/www.ochaopt.org\/\" target=\"_blank\" rel=\"noopener\"><span style=\"color: #0066cc;\">United Nations Office for the Coordination of Humanitarian Affairs Occupied Palestinian Territory<\/span><\/a><\/p>\n\n\n\n<p>2010 maaliskuun ja 2011 lokakuun v\u00e4lisen\u00e4 aikana Gazassa on ammuttu 28 lasta, jotka ovat ker\u00e4nneet rakennusmateriaalia Gazan ja Israelin v\u00e4lisen rajan l\u00e4hell\u00e4:<a title=\"\" href=\"http:\/\/www.wvi.org\/jerusalem-west-bank-gaza\/article\/new-report-documents-children-under-fire-gaza-0\" target=\"_blank\" rel=\"noopener\"><span style=\"color: #0066cc;\">Defense of Children International: Children on Gravel<\/span><\/a> Gazan sodassa 2014 kuoli 547 lasta Israelin hy\u00f6kk\u00e4yksiss\u00e4. Yli tuhat vammautui pysyv\u00e4sti.Monet lapset menettiv\u00e4t perheenj\u00e4seni\u00e4\u00e4n tai koko perheens\u00e4, ja kaikki ovat kokeneen v\u00e4kivaltaa ja kuolemanpelkoa l\u00e4hiet\u00e4isyydelt\u00e4 (<a href=\"http:\/\/www.dci-palestine.org\/operation_protective_edge_a_war_waged_on_gaza_s_children\" target=\"_blank\" rel=\"noopener\"><span style=\"color: #0066cc;\">Defense of Children International: Operation Protective Edge: A war waged on Gaza&#8217;s children<\/span><\/a>).<\/p>\n\n\n\n<p>Israelin miehitt\u00e4m\u00e4tt\u00f6m\u00e4t lennokit, joita Suomikin on aikeissa ostaa Israelista, tappoivat 2006-2011 825 ihmist\u00e4 Gazassa. Suurin osa surmansa saaneista on sivullisia siviilej\u00e4 <a title=\"\" href=\"http:\/\/occupiedpalestine.wordpress.com\/2011\/12\/04\/israeli-drones-killed-825-in-gaza\" target=\"_blank\" rel=\"noopener\"><span style=\"color: #0066cc;\">Occupied Palestina: Israeli Drones Killed 825 in Gaza<\/span><\/a>&nbsp;2011 tammikuun ja joulukuun v\u00e4lisen\u00e4 aikana Israel on tappanut 111 gazalaista, l\u00e4hes kaksi kertaa enemm\u00e4n kuin edellisen\u00e4 vuonna <a title=\"\" href=\"http:\/\/www.ochaopt.org\/documents\/ocha_opt_protection_of_civilians_weekly_report_2011_12_09_english.pdf\" target=\"_blank\" rel=\"noopener\"><span style=\"color: #0066cc;\">YK:n raportti<\/span><\/a><\/p>\n\n\n\n<p>Israelilaisen B&#8217;Tselemin tilastoja miehitetyill\u00e4 alueilla ja Israelissa tapahtuneista surmista, vangitsemisista, rakennusten tuhoamisista ja muista laittomuuksista <a title=\"\" rel=\"noopener\" href=\"http:\/\/www.btselem.org\/english\/statistics\/Index.asp\" target=\"_blank\"><span style=\"color: #0066cc;\">B&#8217;Tselem: Statistics<\/span><\/a><\/p>\n\n\n<nav class=\"is-responsive wp-block-navigation is-layout-flex wp-block-navigation-is-layout-flex\" aria-label=\"Palestiina\" \n\t\t data-wp-interactive=\"core\/navigation\" data-wp-context='{\"overlayOpenedBy\":{\"click\":false,\"hover\":false,\"focus\":false},\"type\":\"overlay\",\"roleAttribute\":\"\",\"ariaLabel\":\"Valikko\"}'><button aria-haspopup=\"dialog\" aria-label=\"Avaa valikko\" class=\"wp-block-navigation__responsive-container-open\" \n\t\t\t\tdata-wp-on--click=\"actions.openMenuOnClick\"\n\t\t\t\tdata-wp-on--keydown=\"actions.handleMenuKeydown\"\n\t\t\t><svg width=\"24\" height=\"24\" xmlns=\"http:\/\/www.w3.org\/2000\/svg\" viewBox=\"0 0 24 24\" aria-hidden=\"true\" focusable=\"false\"><path d=\"M4 7.5h16v1.5H4z\"><\/path><path d=\"M4 15h16v1.5H4z\"><\/path><\/svg><\/button>\n\t\t\t\t<div class=\"wp-block-navigation__responsive-container\"  id=\"modal-1\" \n\t\t\t\tdata-wp-class--has-modal-open=\"state.isMenuOpen\"\n\t\t\t\tdata-wp-class--is-menu-open=\"state.isMenuOpen\"\n\t\t\t\tdata-wp-watch=\"callbacks.initMenu\"\n\t\t\t\tdata-wp-on--keydown=\"actions.handleMenuKeydown\"\n\t\t\t\tdata-wp-on--focusout=\"actions.handleMenuFocusout\"\n\t\t\t\ttabindex=\"-1\"\n\t\t\t>\n\t\t\t\t\t<div class=\"wp-block-navigation__responsive-close\" tabindex=\"-1\">\n\t\t\t\t\t\t<div class=\"wp-block-navigation__responsive-dialog\" \n\t\t\t\tdata-wp-bind--aria-modal=\"state.ariaModal\"\n\t\t\t\tdata-wp-bind--aria-label=\"state.ariaLabel\"\n\t\t\t\tdata-wp-bind--role=\"state.roleAttribute\"\n\t\t\t>\n\t\t\t\t\t\t\t<button aria-label=\"Sulje valikko\" class=\"wp-block-navigation__responsive-container-close\" \n\t\t\t\tdata-wp-on--click=\"actions.closeMenuOnClick\"\n\t\t\t><svg xmlns=\"http:\/\/www.w3.org\/2000\/svg\" viewBox=\"0 0 24 24\" width=\"24\" height=\"24\" aria-hidden=\"true\" focusable=\"false\"><path d=\"m13.06 12 6.47-6.47-1.06-1.06L12 10.94 5.53 4.47 4.47 5.53 10.94 12l-6.47 6.47 1.06 1.06L12 13.06l6.47 6.47 1.06-1.06L13.06 12Z\"><\/path><\/svg><\/button>\n\t\t\t\t\t\t\t<div class=\"wp-block-navigation__responsive-container-content\" \n\t\t\t\tdata-wp-watch=\"callbacks.focusFirstElement\"\n\t\t\t id=\"modal-1-content\">\n\t\t\t\t\t\t\t\t<ul class=\"wp-block-navigation__container is-responsive wp-block-navigation\"><li class=\" wp-block-navigation-item wp-block-navigation-link\"><a class=\"wp-block-navigation-item__content\"  href=\"https:\/\/akys.kapsi.fi\/wordpress\/palestiina\/\"><span class=\"wp-block-navigation-item__label\">Perustietoa miehityksest\u00e4<\/span><\/a><\/li><li class=\" wp-block-navigation-item wp-block-navigation-link\"><a class=\"wp-block-navigation-item__content\"  href=\"https:\/\/akys.kapsi.fi\/wordpress\/palestiina\/raportteja-miehitetyilta-alueilta\/\"><span class=\"wp-block-navigation-item__label\">Ihmisoikeusraportteja<\/span><\/a><\/li><li class=\" wp-block-navigation-item wp-block-navigation-link\"><a class=\"wp-block-navigation-item__content\"  href=\"https:\/\/akys.kapsi.fi\/wordpress\/palestiina\/boikotoi-israelilaisia-tuotteita\/\"><span class=\"wp-block-navigation-item__label\">Boikottiliike<\/span><\/a><\/li><li class=\" wp-block-navigation-item wp-block-navigation-link\"><a class=\"wp-block-navigation-item__content\"  href=\"https:\/\/akys.kapsi.fi\/wordpress\/palestiina\/linkit-palestiina\/\"><span class=\"wp-block-navigation-item__label\">Linkkikirjasto<\/span><\/a><\/li><\/ul>\n\t\t\t\t\t\t\t<\/div>\n\t\t\t\t\t\t<\/div>\n\t\t\t\t\t<\/div>\n\t\t\t\t<\/div><\/nav>","protected":false},"excerpt":{"rendered":"<p>YK:n miehitettyjen palestiinalaisalueiden humanit\u00e4\u00e4risten oikeuksien erikoistarkkailijan raporteissa k\u00e4sitell\u00e4\u00e4n alueiden ihmisoikeustilannetta. Humanitaarinen tilanne miehitetyilla alueilla on pahentunut tasaisesti p\u00e4\u00e4asiassa kansainv\u00e4lisen lain karkeiden loukkausten seurauksena, joihin kuuluvat rodullinen segregaatio ja alistaminen miehitt\u00e4j\u00e4vallan &hellip; <\/p>\n<p class=\"link-more\"><a href=\"https:\/\/akys.kapsi.fi\/wordpress\/palestiina\/raportteja-miehitetyilta-alueilta\/\" class=\"more-link\">Jatka lukemista<span class=\"screen-reader-text\"> &#8221;Raportteja miehitetyilt\u00e4 alueilta&#8221;<\/span><\/a><\/p>\n","protected":false},"author":1,"featured_media":0,"parent":69,"menu_order":0,"comment_status":"closed","ping_status":"open","template":"","meta":{"footnotes":""},"class_list":["post-235","page","type-page","status-publish","hentry","entry"],"_links":{"self":[{"href":"https:\/\/akys.kapsi.fi\/wordpress\/wp-json\/wp\/v2\/pages\/235","targetHints":{"allow":["GET"]}}],"collection":[{"href":"https:\/\/akys.kapsi.fi\/wordpress\/wp-json\/wp\/v2\/pages"}],"about":[{"href":"https:\/\/akys.kapsi.fi\/wordpress\/wp-json\/wp\/v2\/types\/page"}],"author":[{"embeddable":true,"href":"https:\/\/akys.kapsi.fi\/wordpress\/wp-json\/wp\/v2\/users\/1"}],"replies":[{"embeddable":true,"href":"https:\/\/akys.kapsi.fi\/wordpress\/wp-json\/wp\/v2\/comments?post=235"}],"version-history":[{"count":10,"href":"https:\/\/akys.kapsi.fi\/wordpress\/wp-json\/wp\/v2\/pages\/235\/revisions"}],"predecessor-version":[{"id":4571,"href":"https:\/\/akys.kapsi.fi\/wordpress\/wp-json\/wp\/v2\/pages\/235\/revisions\/4571"}],"up":[{"embeddable":true,"href":"https:\/\/akys.kapsi.fi\/wordpress\/wp-json\/wp\/v2\/pages\/69"}],"wp:attachment":[{"href":"https:\/\/akys.kapsi.fi\/wordpress\/wp-json\/wp\/v2\/media?parent=235"}],"curies":[{"name":"wp","href":"https:\/\/api.w.org\/{rel}","templated":true}]}}