{"id":2323,"date":"2018-02-10T17:56:41","date_gmt":"2018-02-10T17:56:41","guid":{"rendered":"http:\/\/akys.kapsi.fi\/wordpress\/?page_id=2323"},"modified":"2020-12-03T15:10:54","modified_gmt":"2020-12-03T15:10:54","slug":"saannot","status":"publish","type":"page","link":"https:\/\/akys.kapsi.fi\/wordpress\/saannot\/","title":{"rendered":"S\u00e4\u00e4nn\u00f6t"},"content":{"rendered":"<p><span style=\"font-family: Liberation Sans, sans-serif;\"><b>Arabikansojen yst\u00e4vyysseura ry:n s\u00e4\u00e4nn\u00f6t<\/b><\/span><\/p>\n<p><strong><span style=\"font-family: Liberation Sans, sans-serif;\">1 \u00a7 Nimi ja kotipaikka<\/span><\/strong><\/p>\n<p><span style=\"font-family: Liberation Sans, sans-serif;\">Yhdistyksen nimi on Arabikansojen yst\u00e4vyysseura ry (AKYS), ruotsiksi S\u00e4llskapet f\u00f6r v\u00e4nskap med de arabiska folken rf (SVAF), englanniksi Finnish-Arab Friendship Society (FAFS). Yhdistyksen kotipaikka on Helsinki ja toiminta-alue koko maa. Yhdistys voi perustaa toimintansa tehostamiseksi alaisuudessaan toimivia rekister\u00f6im\u00e4tt\u00f6mi\u00e4 alueellisia j\u00e4rjest\u00f6j\u00e4.<\/span><\/p>\n<p><strong><span style=\"font-family: Liberation Sans, sans-serif;\">2 \u00a7 Tarkoitus ja toimintamuodot<\/span><\/strong><\/p>\n<p><span style=\"font-family: Liberation Sans, sans-serif;\">Yhdistyksen tarkoituksena on edist\u00e4\u00e4 Suomen ja arabimaiden kansalaisten yst\u00e4v\u00e4llisi\u00e4 suhteita, puolustaa arabimaiden kansojen oikeutta el\u00e4\u00e4 rauhassa, tukea niiden vapauksien ja oikeuksien toteutumista sek\u00e4 n\u00e4iden maiden yhteiskunnallista kehityst\u00e4 ja j\u00e4rjest\u00e4\u00e4 toimintaa n\u00e4iden tavoitteiden puolesta.<\/span><\/p>\n<p><span style=\"font-family: Liberation Sans, sans-serif;\">Tavoitteitaan yhdistys toteuttaa:<\/span><\/p>\n<ol>\n<li><span style=\"font-family: Liberation Sans, sans-serif;\">J\u00e4rjest\u00e4m\u00e4ll\u00e4 solidaarisuustoimintaa ja vaikuttamalla yhteiskunnalliseen p\u00e4\u00e4t\u00f6ksentekoon sotien, miehitysten ja muiden katastrofien uhreiksi joutuneiden arabikansojen, kuten Palestiinan kansan puolesta, tarvittaessa yhteistoiminnassa muiden kotimaisten ja kansainv\u00e4listen j\u00e4rjest\u00f6jen kanssa.<\/span><\/li>\n<li><span style=\"font-family: Liberation Sans, sans-serif;\">Tukemalla yhdistyksen tavoitteita edist\u00e4v\u00e4\u00e4 toimintaa ja aloitteita sek\u00e4 toimimalla itse aloitteellisesti t\u00e4llaisen kehityksen aikaan saamiseksi.<\/span><\/li>\n<li><span style=\"font-family: Liberation Sans, sans-serif;\">J\u00e4rjest\u00e4m\u00e4ll\u00e4 humanitaarista apua konflikteista ja sorrosta k\u00e4rsivien L\u00e4hi-id\u00e4n ihmisten auttamiseksi ja ihmisoikeuksien edist\u00e4miseksi sek\u00e4 organisoimalla kehitysyhteisty\u00f6t\u00e4.<\/span><\/li>\n<li><span style=\"font-family: Liberation Sans, sans-serif;\">J\u00e4rjest\u00e4m\u00e4ll\u00e4 tilaisuuksia ja julkaisemalla materiaaleja, joissa k\u00e4sitell\u00e4\u00e4n arabimaiden tilannetta ja niiden asukkaiden el\u00e4m\u00e4\u00e4 ja lis\u00e4t\u00e4\u00e4n niit\u00e4 koskevaa ymm\u00e4rryst\u00e4.<\/span><\/li>\n<\/ol>\n<p><strong><span style=\"font-family: Liberation Sans, sans-serif;\">3 \u00a7 Varainhankinta<\/span><\/strong><\/p>\n<p><span style=\"font-family: Liberation Sans, sans-serif;\">Toimintansa tukemiseksi yhdistys voi hankkia varoja j\u00e4senmaksuin, ker\u00e4yksin ja apurahoina, ottaa vastaan lahjoituksia ja testamentteja, hankkia ja omistaa toimintaansa varten tarpeellista irtainta ja kiinte\u00e4\u00e4 omaisuutta sek\u00e4 asianmukaisen luvan saatuaan j\u00e4rjest\u00e4\u00e4 rahanker\u00e4yksi\u00e4 ja arpajaisia. Yhdistys voi my\u00f6s harjoittaa sellaista taloudellista toimintaa, joka muutoin v\u00e4litt\u00f6m\u00e4sti liittyy sen tarkoituksen toteuttamiseen tai jota on pidett\u00e4v\u00e4 taloudellisesti v\u00e4h\u00e4arvoisena.<\/span><\/p>\n<p><strong><span style=\"font-family: Liberation Sans, sans-serif;\">4 \u00a7 J\u00e4senyys<\/span><\/strong><\/p>\n<p><span style=\"font-family: Liberation Sans, sans-serif;\">Yhdistykseen voi liitty\u00e4 j\u00e4seneksi jokainen yksityinen henkil\u00f6 tai rekister\u00f6ity yhdistys, joka hyv\u00e4ksyy seuran tarkoituksen ja jonka yhdistyksen hallitus hyv\u00e4ksyy j\u00e4seneksi. Yhdistykseen liittyneet henkil\u00f6j\u00e4senet ja muut yhdistykset suorittavat vuosittain j\u00e4senmaksun, jonka suuruuden yhdistyksen vuosikokous m\u00e4\u00e4r\u00e4\u00e4.<\/span><\/p>\n<p><strong><span style=\"font-family: Liberation Sans, sans-serif;\">5 \u00a7 Yhdistyksest\u00e4 eroaminen<\/span><\/strong><\/p>\n<p><span style=\"font-family: Liberation Sans, sans-serif;\">Jos j\u00e4sen tahtoo erota yhdistyksest\u00e4, on h\u00e4nen ilmoitettava siit\u00e4 kirjallisesti hallitukselle tai sen puheenjohtajalle tai ilmoitettava eroamisestaan yhdistyksen kokouksen p\u00f6yt\u00e4kirjaan.J\u00e4senmaksun laiminly\u00f6misen johdosta j\u00e4sen katsotaan eronneeksi, jos j\u00e4senmaksu on maksamatta vuoden ajalta. Vuosittainen j\u00e4senmaksu on maksettava viimeist\u00e4\u00e4n kunkin vuoden loppuun menness\u00e4.<\/span><\/p>\n<p><span style=\"font-family: Liberation Sans, sans-serif;\">Mik\u00e4li yhdistyksen j\u00e4sen toimii Arabikansojen yst\u00e4vyysseura ry:n tarkoitusperi\u00e4 ja s\u00e4\u00e4nt\u00f6j\u00e4 vastaan, voidaan h\u00e4net erottaa yhdistyksest\u00e4 sen j\u00e4lkeen, kun h\u00e4nelle on varattu tilaisuus selityksen antamiseen. P\u00e4\u00e4t\u00f6ksen erottamisesta tekee yhdistyksen hallitus 3\/4 enemmist\u00f6ll\u00e4 annetuista \u00e4\u00e4nist\u00e4.<\/span><\/p>\n<p><strong><span style=\"font-family: Liberation Sans, sans-serif;\">6 \u00a7 Yhdistyksen hallitus<\/span><\/strong><\/p>\n<p><span style=\"font-family: Liberation Sans, sans-serif;\">Yhdistyksen asioita hoitaa vuosikokouksessa valittu hallitus. Hallituksen j\u00e4senten on oltava yhdistyksen j\u00e4seni\u00e4. Yhdistyksen hallitukseen kuuluu vuosikokouksessa valittu puheenjohtaja ja v\u00e4hint\u00e4\u00e4n 4 ja enint\u00e4\u00e4n 10 varsinaista ja 0 &#8211; 4 varaj\u00e4sent\u00e4. Hallituksen j\u00e4senten ja varaj\u00e4senten toimikausi on kaksi vuotta ja toimikausi alkaa vuosikokouksen p\u00e4\u00e4tytty\u00e4 ja jatkuu seuraavan kahden vuoden ajan vuosikokouksen p\u00e4\u00e4ttymiseen asti. Vuosittain puolet hallituksen varsinaisista j\u00e4senist\u00e4 ja varaj\u00e4senist\u00e4 on erovuorossa. Ensimm\u00e4isell\u00e4 kerralla erovuoro m\u00e4\u00e4r\u00e4ytyy arvalla. Hallitus valitsee keskuudestaan varapuheenjohtajan. Hallitus ottaa sihteerin, taloudenhoitajan ja muut tarvittavat toimihenkil\u00f6t keskuudestaan tai ulkopuolelta.<\/span><\/p>\n<p><span style=\"font-family: Liberation Sans, sans-serif;\">Varaj\u00e4senell\u00e4 on oikeus osallistua hallituksen kokouksiin ilman \u00e4\u00e4nivaltaa. Varaj\u00e4senest\u00e4 tulee \u00e4\u00e4nivaltainen varaj\u00e4sen, jos varsinainen j\u00e4sen on estynyt tai eroaa kesken kauden. Varaj\u00e4sen toimii \u00e4\u00e4nivaltaisena varaj\u00e4senen\u00e4 siihen asti, kunnes seuraavan yhdistyksen kokouksen valitsema hallitus aloittaa ty\u00f6skentelyns\u00e4. Eronneen j\u00e4senen tilalle valitun toimikausi kest\u00e4\u00e4 siihen asti kuin eronneen toimikausi olisi kest\u00e4nyt.<\/span><\/p>\n<p><span style=\"font-family: Liberation Sans, sans-serif;\">Hallitus kokoontuu puheenjohtajan tai h\u00e4nen estyneen\u00e4 ollessaan varapuheenjohtajan kutsusta tarvittaessa tai jos kolme (3) hallituksen j\u00e4senist\u00e4 sit\u00e4 kirjallisesti puheenjohtajalta vaatii.<\/span><\/p>\n<p><span style=\"font-family: Liberation Sans, sans-serif;\">Hallitus on p\u00e4\u00e4t\u00f6svaltainen, kun puheenjohtaja tai varapuheenjohtaja sek\u00e4 v\u00e4hint\u00e4\u00e4n puolet muista hallituksen j\u00e4senist\u00e4 on saapuvilla. P\u00e4\u00e4t\u00f6kset tehd\u00e4\u00e4n yksinkertaisella \u00e4\u00e4nten enemmist\u00f6ll\u00e4, paitsi milloin n\u00e4m\u00e4 s\u00e4\u00e4nn\u00f6t toisin m\u00e4\u00e4r\u00e4\u00e4v\u00e4t. \u00c4\u00e4nten menness\u00e4 tasan ratkaisee puheenjohtajan \u00e4\u00e4ni, paitsi henkil\u00f6valinnoissa ratkaisee arpa.<\/span><\/p>\n<p><span style=\"font-family: Liberation Sans, sans-serif;\">Yhdistyksen hallituksen kokoukseen voi osallistua hallituksen niin p\u00e4\u00e4tt\u00e4ess\u00e4 my\u00f6s tietoliikenneyhteyden tai muun teknisen apuv\u00e4lineen avulla kokouksen aikana.<\/span><\/p>\n<p><strong><span style=\"font-family: Liberation Sans, sans-serif;\">7 \u00a7 Yhdistyksen nimen kirjoittaminen<\/span><\/strong><\/p>\n<p><span style=\"font-family: Liberation Sans, sans-serif;\">Yhdistyksen nimen kirjoittavat puheenjohtaja yksin tai varapuheenjohtaja yhdess\u00e4 sihteerin, taloudenhoitajan tai hallituksen valitseman muun toimihenkil\u00f6n kanssa.<\/span><\/p>\n<p><strong><span style=\"font-family: Liberation Sans, sans-serif;\">8 \u00a7 Yhdistyksen tilikausi<\/span><\/strong><\/p>\n<p><span style=\"font-family: Liberation Sans, sans-serif;\">Yhdistyksen tilikausi on kalenterivuosi. Tilinp\u00e4\u00e4t\u00f6s tarvittavine asiakirjoineen ja hallituksen vuosikertomus on annettava tilintarkastajille viimeist\u00e4\u00e4n kuukausi ennen vuosikokousta.Tilintarkastajien on annettava kirjallinen lausuntonsa hallitukselle viimeist\u00e4\u00e4n kaksi viikkoa ennen vuosikokousta.<\/span><\/p>\n<p><strong><span style=\"font-family: Liberation Sans, sans-serif;\">9 \u00a7 Yhdistyksen varsinaiset kokoukset<\/span><\/strong><\/p>\n<p><span style=\"font-family: Liberation Sans, sans-serif;\">Yhdistyksen vuosikokous pidet\u00e4\u00e4n tammi-huhtikuussa. Yhdistyksen j\u00e4senet kutsutaan n\u00e4ihin kokouksiin v\u00e4hint\u00e4\u00e4n 14 p\u00e4iv\u00e4\u00e4 ennen kokousta postitetulla kokouskutsulla tai s\u00e4hk\u00f6postiviestill\u00e4. Lis\u00e4ksi kokouskutsu voidaan julkaista my\u00f6s yhdistyksen internetsivuilla.<\/span><\/p>\n<p><span style=\"font-family: Liberation Sans, sans-serif;\">Vuosikokouksen \u00e4\u00e4nivaltaisia osanottajia ovat kaikki yhdistyksen henkil\u00f6j\u00e4senet ja j\u00e4senyhdistysten valitsemat edustajat. Henkil\u00f6j\u00e4senill\u00e4 ja j\u00e4senyhdistyksill\u00e4 on kullakin yksi \u00e4\u00e4ni. Henkil\u00f6 ei samanaikaisesti voi k\u00e4ytt\u00e4\u00e4 \u00e4\u00e4nioikeutta henkil\u00f6j\u00e4senen\u00e4 ja yhteis\u00f6j\u00e4senen valtuuttamana edustajana. Yhteis\u00f6j\u00e4senet valitsevat edustajansa kokouksessaan p\u00e4\u00e4tetyll\u00e4 tavalla.<\/span><\/p>\n<p><span style=\"font-family: Liberation Sans, sans-serif;\">Yhdistyksen kokouksen p\u00e4\u00e4t\u00f6kseksi tulee, ellei s\u00e4\u00e4nn\u00f6iss\u00e4 ole toisin m\u00e4\u00e4r\u00e4tty, se mielipide, jota on kannattanut yli puolet annetuista \u00e4\u00e4nist\u00e4. \u00c4\u00e4nten menness\u00e4 tasan ratkaisee kokouksen puheenjohtajan \u00e4\u00e4ni, henkil\u00f6valinnoissa kuitenkin arpa.<\/span><\/p>\n<p><span style=\"font-family: Liberation Sans, sans-serif;\">Yhdistyksen kokoukseen voi osallistua hallituksen niin p\u00e4\u00e4tt\u00e4ess\u00e4 my\u00f6s tietoliikenneyhteyden tai muun teknisen apuv\u00e4lineen avulla kokouksen aikana.<\/span><\/p>\n<p><span style=\"font-family: Liberation Sans, sans-serif;\">Yhdistyksen vuosikokouksessa k\u00e4sitell\u00e4\u00e4n seuraavat asiat:<br \/>\n1) valitaan kokoukselle puheenjohtaja ja sihteeri<br \/>\n2) valitaan p\u00f6yt\u00e4kirjantarkastajat ja \u00e4\u00e4ntenlaskijat<br \/>\n3) todetaan kokouksen laillisuus ja p\u00e4\u00e4t\u00f6svaltaisuus<br \/>\n4) vahvistetaan kokouksen ty\u00f6j\u00e4rjestys<br \/>\n5) hyv\u00e4ksyt\u00e4\u00e4n edellisen kalenterivuoden toimintakertomus<br \/>\n6) k\u00e4sitell\u00e4\u00e4n edellisen kalenterivuoden tilinp\u00e4\u00e4t\u00f6s ja tilintarkastajien siit\u00e4 antama lausunto sek\u00e4 p\u00e4\u00e4tet\u00e4\u00e4n tilinp\u00e4\u00e4t\u00f6ksen vahvistamisesta ja vastuuvapauden my\u00f6nt\u00e4misest\u00e4 hallitukselle ja muille tilivelvollisille<br \/>\n7) hyv\u00e4ksyt\u00e4\u00e4n yhdistyksen toimintasuunnitelma kuluvalle kalenterivuodelle<br \/>\n8) vahvistetaan tulo- ja menoarvio kuluvalle kalenterivuodelle<br \/>\n9) puheenjohtajan toimikauden p\u00e4\u00e4ttyess\u00e4 valitaan puheenjohtaja vuosikokouksesta alkavalle kaksivuotiskaudelle<br \/>\n10) valitaan erovuoroisten tilalle hallituksen j\u00e4senet ja varaj\u00e4senet vuosikokouksesta alkavalle kaksivuotiskaudelle<br \/>\n11) valitaan 1 &#8211; 2 tilintarkastajaa ja 1 &#8211; 2 varatilintarkastajaa kalenterivuodeksi<br \/>\n12) valitaan edustajat muiden tarpeelliseksi katsottujen j\u00e4rjest\u00f6jen kokouksiin<br \/>\n13) p\u00e4\u00e4tet\u00e4\u00e4n tavasta, jolla kokouksiin kutsutaan<br \/>\n14) k\u00e4sitell\u00e4\u00e4n muut hallituksen tai j\u00e4senten ehdottamat ja kokouskutsussa mainitut asiat.<\/span><\/p>\n<p><span style=\"font-family: Liberation Sans, sans-serif;\">Mik\u00e4li yhdistyksen j\u00e4sen haluaa saada jonkin asian yhdistyksen vuosikokouksen k\u00e4sitelt\u00e4v\u00e4ksi, on h\u00e4nen ilmoitettava siit\u00e4 perusteluineen kirjallisesti tai s\u00e4hk\u00f6postilla hallitukselle v\u00e4hint\u00e4\u00e4n 30 p\u00e4iv\u00e4\u00e4 ennen kokousta.<\/span><\/p>\n<p><strong><span style=\"font-family: Liberation Sans, sans-serif;\">10 \u00a7 Yhdistyksen ylim\u00e4\u00e4r\u00e4inen kokous<\/span><\/strong><\/p>\n<p><span style=\"font-family: Liberation Sans, sans-serif;\">Ylim\u00e4\u00e4r\u00e4inen yhdistyksen kokous pidet\u00e4\u00e4n tarvittaessa. Hallitus kutsuu yhdistyksen j\u00e4senet ylim\u00e4\u00e4r\u00e4iseen kokoukseen 9 \u00a7:ss\u00e4 mainitulla tavalla, mik\u00e4li hallitus katsoo sen tarpeelliseksi, yhdistyksen kokous niin p\u00e4\u00e4tt\u00e4\u00e4 tai v\u00e4hint\u00e4\u00e4n 1\/10 \u00e4\u00e4nioikeutetuista j\u00e4senist\u00e4 sit\u00e4 kirjallisesti hallitukselta pyyt\u00e4\u00e4. Kokous on pidett\u00e4v\u00e4 30 vuorokauden kuluessa siit\u00e4, kun vaatimus sen pit\u00e4misest\u00e4 on esitetty hallitukselle.<\/span><\/p>\n<p><strong><span style=\"font-family: Liberation Sans, sans-serif;\">11 \u00a7 S\u00e4\u00e4nt\u00f6jen muuttaminen<\/span><\/strong><\/p>\n<p><span style=\"font-family: Liberation Sans, sans-serif;\">N\u00e4iden s\u00e4\u00e4nt\u00f6jen muuttamista koskeva p\u00e4\u00e4t\u00f6s on, ollakseen p\u00e4tev\u00e4, teht\u00e4v\u00e4 yhdistyksen kokouksessa. P\u00e4\u00e4t\u00f6s tulee voimaan, jos sit\u00e4 on kannattanut v\u00e4hint\u00e4\u00e4n kaksi kolmasosaa (2\/3) \u00e4\u00e4nestyksess\u00e4 annetuista \u00e4\u00e4nist\u00e4. S\u00e4\u00e4nt\u00f6jen muutosesitys on aina mainittava kokouskutsussa.<\/span><\/p>\n<p><strong><span style=\"font-family: Liberation Sans, sans-serif;\">12 \u00a7 Yhdistyksen purkaminen<\/span><\/strong><\/p>\n<p><span style=\"font-family: Liberation Sans, sans-serif;\">Jos yhdistys puretaan tai lakkautetaan, k\u00e4ytet\u00e4\u00e4n sen varat viimeisen kokouksen p\u00e4\u00e4t\u00f6ksen mukaisesti johonkin yhdistyksen p\u00e4\u00e4m\u00e4\u00e4ri\u00e4 edist\u00e4v\u00e4\u00e4n tarkoitukseen. P\u00e4\u00e4t\u00f6s yhdistyksen purkamisesta on p\u00e4tev\u00e4 vain siin\u00e4 tapauksessa, ett\u00e4 v\u00e4hint\u00e4\u00e4n kolme nelj\u00e4sosaa (3\/4) annetuista \u00e4\u00e4nist\u00e4 on sit\u00e4 kannattanut kahdessa toisiaan seuraavassa kokouksessa, joiden v\u00e4lill\u00e4 on kulunut v\u00e4hint\u00e4\u00e4n kaksi viikkoa.<\/span><\/p>\n<p><span style=\"font-family: Liberation Sans, sans-serif;\"><strong>13 \u00a7<\/strong> Muuten noudatetaan yhdistyslain s\u00e4\u00e4nn\u00f6ksi\u00e4.<\/span><\/p>\n<p>&nbsp;<\/p>\n","protected":false},"excerpt":{"rendered":"<p>Arabikansojen yst\u00e4vyysseura ry:n s\u00e4\u00e4nn\u00f6t 1 \u00a7 Nimi ja kotipaikka Yhdistyksen nimi on Arabikansojen yst\u00e4vyysseura ry (AKYS), ruotsiksi S\u00e4llskapet f\u00f6r v\u00e4nskap med de arabiska folken rf (SVAF), englanniksi Finnish-Arab Friendship Society &hellip; <\/p>\n<p class=\"link-more\"><a href=\"https:\/\/akys.kapsi.fi\/wordpress\/saannot\/\" class=\"more-link\">Jatka lukemista<span class=\"screen-reader-text\"> &#8221;S\u00e4\u00e4nn\u00f6t&#8221;<\/span><\/a><\/p>\n","protected":false},"author":1,"featured_media":0,"parent":0,"menu_order":0,"comment_status":"closed","ping_status":"closed","template":"","meta":{"footnotes":""},"class_list":["post-2323","page","type-page","status-publish","hentry","entry"],"_links":{"self":[{"href":"https:\/\/akys.kapsi.fi\/wordpress\/wp-json\/wp\/v2\/pages\/2323","targetHints":{"allow":["GET"]}}],"collection":[{"href":"https:\/\/akys.kapsi.fi\/wordpress\/wp-json\/wp\/v2\/pages"}],"about":[{"href":"https:\/\/akys.kapsi.fi\/wordpress\/wp-json\/wp\/v2\/types\/page"}],"author":[{"embeddable":true,"href":"https:\/\/akys.kapsi.fi\/wordpress\/wp-json\/wp\/v2\/users\/1"}],"replies":[{"embeddable":true,"href":"https:\/\/akys.kapsi.fi\/wordpress\/wp-json\/wp\/v2\/comments?post=2323"}],"version-history":[{"count":7,"href":"https:\/\/akys.kapsi.fi\/wordpress\/wp-json\/wp\/v2\/pages\/2323\/revisions"}],"predecessor-version":[{"id":3202,"href":"https:\/\/akys.kapsi.fi\/wordpress\/wp-json\/wp\/v2\/pages\/2323\/revisions\/3202"}],"wp:attachment":[{"href":"https:\/\/akys.kapsi.fi\/wordpress\/wp-json\/wp\/v2\/media?parent=2323"}],"curies":[{"name":"wp","href":"https:\/\/api.w.org\/{rel}","templated":true}]}}