{"id":225,"date":"2015-07-08T08:12:04","date_gmt":"2015-07-08T08:12:04","guid":{"rendered":"http:\/\/akys.kapsi.fi\/wordpress\/?page_id=225"},"modified":"2022-08-23T19:39:29","modified_gmt":"2022-08-23T19:39:29","slug":"pohjois-libanonin-perheneuvoloiden-kehittaminen","status":"publish","type":"page","link":"https:\/\/akys.kapsi.fi\/wordpress\/kehitysyhteistyo\/pohjois-libanonin-perheneuvoloiden-kehittaminen\/","title":{"rendered":"Pohjois-Libanonin perheneuvoloiden kehitt\u00e4minen"},"content":{"rendered":"\n<p>Beit Atfal Assumoud (BAS) -j\u00e4rjest\u00f6ll\u00e4 on kaikkiaan viisi perheneuvolaa eri puolilla Libanonia. Neuvolat tekev\u00e4t uraauurtavaa lasten mielenterveysty\u00f6t\u00e4. Arabikansojen yst\u00e4vyysseura on mukana tukemassa ty\u00f6t\u00e4 Libanonin kahdessa pohjoisimmassa pakolaisleireiss\u00e4. Neuvolat sijaitsevat l\u00e4hell\u00e4 Tripolin kaupunkia. Hankkeelle on my\u00f6nnetty ulkoministeri\u00f6n hankerahoitusta vuosiksi 2017-2018. Viimeisin hankajakso oli 2019-2020. Hanke pohjautuu AKYSin pitk\u00e4aikaiseen kummitoimintaan ja kummituki lasketaan AKYSin omarahoitusosuudeksi. \u00a0Lis\u00e4ksi vapaaehtoisty\u00f6 arvotetaan ja tehdyt vapaaehtoisty\u00f6tunnit merkit\u00e4\u00e4n kirjanpitoon.<\/p>\n\n\n\n<div class=\"wp-block-image\"><figure class=\"alignleft\"><a href=\"http:\/\/akys.kapsi.fi\/wordpress\/wp-content\/uploads\/2015\/07\/BAS_tunnus_IMG_9345.jpeg\"><img loading=\"lazy\" decoding=\"async\" width=\"300\" height=\"200\" src=\"http:\/\/akys.kapsi.fi\/wordpress\/wp-content\/uploads\/2015\/07\/BAS_tunnus_IMG_9345-300x200.jpeg\" alt=\"BAS_tunnus_IMG_9345\" class=\"wp-image-1651\" srcset=\"https:\/\/akys.kapsi.fi\/wordpress\/wp-content\/uploads\/2015\/07\/BAS_tunnus_IMG_9345-300x200.jpeg 300w, https:\/\/akys.kapsi.fi\/wordpress\/wp-content\/uploads\/2015\/07\/BAS_tunnus_IMG_9345-150x100.jpeg 150w, https:\/\/akys.kapsi.fi\/wordpress\/wp-content\/uploads\/2015\/07\/BAS_tunnus_IMG_9345-90x60.jpeg 90w, https:\/\/akys.kapsi.fi\/wordpress\/wp-content\/uploads\/2015\/07\/BAS_tunnus_IMG_9345.jpeg 640w\" sizes=\"auto, (max-width: 300px) 100vw, 300px\" \/><\/a><figcaption>Beit Atfal Assumoud Tutustu osoitteessa www.socialcare.org<\/figcaption><\/figure><\/div>\n\n\n\n<p>Hankkeen avulla tuetuissa Beddawin ja Nahr El-Baredin perheneuvoloissa ty\u00f6skentelee psykiatrien johtamat moniammatilliset tiimit (psykiatri, psykologi, psykomotorinen terapeutti, puheterapeutti ja sosiaality\u00f6ntekij\u00e4t) ja toiminnan avulla turvataan vuosittain yhteens\u00e4 noin 300-400 uuden hoitosuhteen alku sek\u00e4 yll\u00e4pidet\u00e4\u00e4n 600-800 aikaisemmin alkanutta hoitosuhdetta. Lapset ovat Libanonin palestiinalaisia, Syyriasta paenneita palestiinalaisia, libanonilaisia ja syyrialaisia. Osa lapsista on monivammaisia ja tarvitsee erityiskoulutusta tai -kuntoutusta. Neuvolat pit\u00e4v\u00e4t lasten kuntoutuksen langat k\u00e4siss\u00e4\u00e4n.<\/p>\n\n\n\n<div class=\"wp-block-image\"><figure class=\"alignright\"><a href=\"http:\/\/akys.kapsi.fi\/wordpress\/wp-content\/uploads\/2015\/07\/Nahr-el-Bared_9248.jpeg\"><img loading=\"lazy\" decoding=\"async\" width=\"300\" height=\"200\" src=\"http:\/\/akys.kapsi.fi\/wordpress\/wp-content\/uploads\/2015\/07\/Nahr-el-Bared_9248-300x200.jpeg\" alt=\"Nahr el-Baredin keskuksessa on perheneuvolan lis\u00e4ksi p\u00e4iv\u00e4koti-, tukiopetus- ja harrastustoimintaa, hammasklinikka, sosiaality\u00f6n yksikk\u00f6 ja jalkapallokerho. \" class=\"wp-image-1308\" srcset=\"https:\/\/akys.kapsi.fi\/wordpress\/wp-content\/uploads\/2015\/07\/Nahr-el-Bared_9248-300x200.jpeg 300w, https:\/\/akys.kapsi.fi\/wordpress\/wp-content\/uploads\/2015\/07\/Nahr-el-Bared_9248-150x100.jpeg 150w, https:\/\/akys.kapsi.fi\/wordpress\/wp-content\/uploads\/2015\/07\/Nahr-el-Bared_9248-90x60.jpeg 90w, https:\/\/akys.kapsi.fi\/wordpress\/wp-content\/uploads\/2015\/07\/Nahr-el-Bared_9248.jpeg 640w\" sizes=\"auto, (max-width: 300px) 100vw, 300px\" \/><\/a><figcaption>Nahr el-Baredin keskuksessa on perheneuvolan lis\u00e4ksi p\u00e4iv\u00e4koti-, tukiopetus- ja harrastustoimintaa, hammasklinikka, sosiaality\u00f6n yksikk\u00f6 ja jalkapallokerho.<\/figcaption><\/figure><\/div>\n\n\n\n<p>Hankkeen kautta pyrit\u00e4\u00e4n paitsi lis\u00e4\u00e4m\u00e4\u00e4n avunsaantimahdollisuuksia mielenterveys-, k\u00e4ytt\u00e4ytymis- ja kehitysh\u00e4iri\u00f6ist\u00e4 k\u00e4rsiville lapsille, my\u00f6s normalisoimaan mielenterveysongelmiin suhtautumista. Perheiden osallistumista lasten ja koko yhteis\u00f6n hyvinvoinnin kehitt\u00e4misess\u00e4 tuetaan osallistavan ja kokonaisvaltaisen ty\u00f6tavan avulla. Samalla edistet\u00e4\u00e4n yhteis\u00f6pohjaisen mielenterveysty\u00f6n toteutumista, jotta mielenterveyspalvelut mahdollistettaisiin laajalle hy\u00f6dynsaajaryhm\u00e4lle.<\/p>\n\n\n\n<p>Tutustu t\u00e4st\u00e4 hankkeen arviointiin ja taustaan tarkemmin:<br>l\u00e4ht\u00f6tilanteen kuvaus&nbsp;<a href=\"http:\/\/akys.kapsi.fi\/wordpress\/wp-content\/uploads\/2015\/07\/Final-NISCVT-BAS-baseline-evaluation-report.docx\">Baseline Evaluation Report<br><\/a>keskivaiheen arviointi <a href=\"http:\/\/akys.kapsi.fi\/wordpress\/wp-content\/uploads\/2015\/07\/Sumud-Midterm-report-FAFS-revised-July-12.pdf\" target=\"_blank\" rel=\"noopener\">Midterm Evaluation Report&nbsp;<\/a><\/p>\n\n\n\n<p>Hanke: Lasten mielenterveys- ja erityispalveluiden kehitt\u00e4minen kriisioloissa Libanonissa: Pohjoinen.<\/p>\n\n\n\n<p>Lis\u00e4tietoja hankkeesta&nbsp;<a href=\"http:\/\/akys.kapsi.fi\/wordpress\/?post_type=ch_staff&amp;p=120\">Sirkku Kivist\u00f6<\/a>&nbsp;ja&nbsp;<a href=\"http:\/\/akys.kapsi.fi\/wordpress\/?post_type=ch_staff&amp;p=775\">Marja Winter<\/a><\/p>\n\n\n\n<figure class=\"wp-block-image alignwide\"><a href=\"http:\/\/akys.kapsi.fi\/wordpress\/wp-content\/uploads\/2015\/07\/IMG_5355.jpg\"><img loading=\"lazy\" decoding=\"async\" width=\"1024\" height=\"806\" src=\"http:\/\/akys.kapsi.fi\/wordpress\/wp-content\/uploads\/2015\/07\/IMG_5355-1024x806.jpg\" alt=\"Beddawin perheneuvolan tiimi 25.11.2015, vasemmalta psykiatri Rita, sosiaality\u00f6ntekij\u00e4 Dalal, psykologi Layal, sosiaality\u00f6ntekij\u00e4 Sonja ja puheterapeutti Edit. \" class=\"wp-image-1309\" srcset=\"https:\/\/akys.kapsi.fi\/wordpress\/wp-content\/uploads\/2015\/07\/IMG_5355-1024x806.jpg 1024w, https:\/\/akys.kapsi.fi\/wordpress\/wp-content\/uploads\/2015\/07\/IMG_5355-300x236.jpg 300w, https:\/\/akys.kapsi.fi\/wordpress\/wp-content\/uploads\/2015\/07\/IMG_5355-150x118.jpg 150w, https:\/\/akys.kapsi.fi\/wordpress\/wp-content\/uploads\/2015\/07\/IMG_5355-76x60.jpg 76w\" sizes=\"auto, (max-width: 1024px) 100vw, 1024px\" \/><\/a><figcaption>Beddawin perheneuvolan tiimi 25.11.2015, vasemmalta psykiatri Rita, sosiaality\u00f6ntekij\u00e4 Dalal, psykologi Layal, sosiaality\u00f6ntekij\u00e4 Sonja ja puheterapeutti Edit.<\/figcaption><\/figure>\n\n\n<nav class=\"is-responsive wp-block-navigation is-layout-flex wp-block-navigation-is-layout-flex\" aria-label=\"Navigaatio 2\" \n\t\t data-wp-interactive=\"core\/navigation\" data-wp-context='{\"overlayOpenedBy\":{\"click\":false,\"hover\":false,\"focus\":false},\"type\":\"overlay\",\"roleAttribute\":\"\",\"ariaLabel\":\"Valikko\"}'><button aria-haspopup=\"dialog\" aria-label=\"Avaa valikko\" class=\"wp-block-navigation__responsive-container-open\" \n\t\t\t\tdata-wp-on--click=\"actions.openMenuOnClick\"\n\t\t\t\tdata-wp-on--keydown=\"actions.handleMenuKeydown\"\n\t\t\t><svg width=\"24\" height=\"24\" xmlns=\"http:\/\/www.w3.org\/2000\/svg\" viewBox=\"0 0 24 24\" aria-hidden=\"true\" focusable=\"false\"><path d=\"M4 7.5h16v1.5H4z\"><\/path><path d=\"M4 15h16v1.5H4z\"><\/path><\/svg><\/button>\n\t\t\t\t<div class=\"wp-block-navigation__responsive-container\"  id=\"modal-1\" \n\t\t\t\tdata-wp-class--has-modal-open=\"state.isMenuOpen\"\n\t\t\t\tdata-wp-class--is-menu-open=\"state.isMenuOpen\"\n\t\t\t\tdata-wp-watch=\"callbacks.initMenu\"\n\t\t\t\tdata-wp-on--keydown=\"actions.handleMenuKeydown\"\n\t\t\t\tdata-wp-on--focusout=\"actions.handleMenuFocusout\"\n\t\t\t\ttabindex=\"-1\"\n\t\t\t>\n\t\t\t\t\t<div class=\"wp-block-navigation__responsive-close\" tabindex=\"-1\">\n\t\t\t\t\t\t<div class=\"wp-block-navigation__responsive-dialog\" \n\t\t\t\tdata-wp-bind--aria-modal=\"state.ariaModal\"\n\t\t\t\tdata-wp-bind--aria-label=\"state.ariaLabel\"\n\t\t\t\tdata-wp-bind--role=\"state.roleAttribute\"\n\t\t\t>\n\t\t\t\t\t\t\t<button aria-label=\"Sulje valikko\" class=\"wp-block-navigation__responsive-container-close\" \n\t\t\t\tdata-wp-on--click=\"actions.closeMenuOnClick\"\n\t\t\t><svg xmlns=\"http:\/\/www.w3.org\/2000\/svg\" viewBox=\"0 0 24 24\" width=\"24\" height=\"24\" aria-hidden=\"true\" focusable=\"false\"><path d=\"m13.06 12 6.47-6.47-1.06-1.06L12 10.94 5.53 4.47 4.47 5.53 10.94 12l-6.47 6.47 1.06 1.06L12 13.06l6.47 6.47 1.06-1.06L13.06 12Z\"><\/path><\/svg><\/button>\n\t\t\t\t\t\t\t<div class=\"wp-block-navigation__responsive-container-content\" \n\t\t\t\tdata-wp-watch=\"callbacks.focusFirstElement\"\n\t\t\t id=\"modal-1-content\">\n\t\t\t\t\t\t\t\t<ul class=\"wp-block-navigation__container is-responsive wp-block-navigation\"><li class=\" wp-block-navigation-item wp-block-navigation-link\"><a class=\"wp-block-navigation-item__content\"  href=\"https:\/\/akys.kapsi.fi\/wordpress\/kehitysyhteistyo\/\"><span class=\"wp-block-navigation-item__label\">Palaa kehitysyhteisty\u00f6n p\u00e4\u00e4sivulle<\/span><\/a><\/li><\/ul>\n\t\t\t\t\t\t\t<\/div>\n\t\t\t\t\t\t<\/div>\n\t\t\t\t\t<\/div>\n\t\t\t\t<\/div><\/nav>","protected":false},"excerpt":{"rendered":"<p>Beit Atfal Assumoud (BAS) -j\u00e4rjest\u00f6ll\u00e4 on kaikkiaan viisi perheneuvolaa eri puolilla Libanonia. Neuvolat tekev\u00e4t uraauurtavaa lasten mielenterveysty\u00f6t\u00e4. Arabikansojen yst\u00e4vyysseura on mukana tukemassa ty\u00f6t\u00e4 Libanonin kahdessa pohjoisimmassa pakolaisleireiss\u00e4. Neuvolat sijaitsevat l\u00e4hell\u00e4 &hellip; <\/p>\n<p class=\"link-more\"><a href=\"https:\/\/akys.kapsi.fi\/wordpress\/kehitysyhteistyo\/pohjois-libanonin-perheneuvoloiden-kehittaminen\/\" class=\"more-link\">Jatka lukemista<span class=\"screen-reader-text\"> &#8221;Pohjois-Libanonin perheneuvoloiden kehitt\u00e4minen&#8221;<\/span><\/a><\/p>\n","protected":false},"author":1,"featured_media":0,"parent":61,"menu_order":0,"comment_status":"closed","ping_status":"open","template":"","meta":{"footnotes":""},"class_list":["post-225","page","type-page","status-publish","hentry","entry"],"_links":{"self":[{"href":"https:\/\/akys.kapsi.fi\/wordpress\/wp-json\/wp\/v2\/pages\/225","targetHints":{"allow":["GET"]}}],"collection":[{"href":"https:\/\/akys.kapsi.fi\/wordpress\/wp-json\/wp\/v2\/pages"}],"about":[{"href":"https:\/\/akys.kapsi.fi\/wordpress\/wp-json\/wp\/v2\/types\/page"}],"author":[{"embeddable":true,"href":"https:\/\/akys.kapsi.fi\/wordpress\/wp-json\/wp\/v2\/users\/1"}],"replies":[{"embeddable":true,"href":"https:\/\/akys.kapsi.fi\/wordpress\/wp-json\/wp\/v2\/comments?post=225"}],"version-history":[{"count":23,"href":"https:\/\/akys.kapsi.fi\/wordpress\/wp-json\/wp\/v2\/pages\/225\/revisions"}],"predecessor-version":[{"id":4290,"href":"https:\/\/akys.kapsi.fi\/wordpress\/wp-json\/wp\/v2\/pages\/225\/revisions\/4290"}],"up":[{"embeddable":true,"href":"https:\/\/akys.kapsi.fi\/wordpress\/wp-json\/wp\/v2\/pages\/61"}],"wp:attachment":[{"href":"https:\/\/akys.kapsi.fi\/wordpress\/wp-json\/wp\/v2\/media?parent=225"}],"curies":[{"name":"wp","href":"https:\/\/api.w.org\/{rel}","templated":true}]}}