{"id":196,"date":"2015-07-02T14:55:47","date_gmt":"2015-07-02T14:55:47","guid":{"rendered":"http:\/\/akys.kapsi.fi\/wordpress\/?page_id=196"},"modified":"2024-09-02T10:34:52","modified_gmt":"2024-09-02T10:34:52","slug":"hataapu","status":"publish","type":"page","link":"https:\/\/akys.kapsi.fi\/wordpress\/koti\/hataapu\/","title":{"rendered":"Humanit\u00e4\u00e4rinen apu"},"content":{"rendered":"<p><a href=\"http:\/\/akys.kapsi.fi\/wordpress\/wp-content\/uploads\/2015\/07\/pmrs.jpeg\" rel=\"attachment wp-att-1393\"><img loading=\"lazy\" decoding=\"async\" class=\"size-thumbnail wp-image-1393 alignleft\" src=\"http:\/\/akys.kapsi.fi\/wordpress\/wp-content\/uploads\/2015\/07\/pmrs-150x150.jpeg\" alt=\"pmrs\" width=\"150\" height=\"150\" srcset=\"https:\/\/akys.kapsi.fi\/wordpress\/wp-content\/uploads\/2015\/07\/pmrs-150x150.jpeg 150w, https:\/\/akys.kapsi.fi\/wordpress\/wp-content\/uploads\/2015\/07\/pmrs-125x125.jpeg 125w, https:\/\/akys.kapsi.fi\/wordpress\/wp-content\/uploads\/2015\/07\/pmrs-80x80.jpeg 80w\" sizes=\"auto, (max-width: 150px) 100vw, 150px\" \/><\/a><a href=\"http:\/\/akys.kapsi.fi\/wordpress\/koti\/arabikansojen-ystavyyseura\/yhteistyokumppanit-2\/palestinian-medical-relief-society-pmrs\/\">Palestinian Medical Relief Society<\/a> nyky\u00e4\u00e4n laajin j\u00e4rjest\u00f6pohjaisista terveyspalvelujen tarjoajista miehitetyss\u00e4 Palestiinassa. AKYSin Gaza-h\u00e4t\u00e4apuker\u00e4yksell\u00e4 vahvistetaan PMRS:n ty\u00f6t\u00e4. PMRS p\u00e4\u00e4tt\u00e4\u00e4 itse, mihin kohteseen avustuser\u00e4\u00e4 k\u00e4ytet\u00e4\u00e4n. <a href=\"http:\/\/akys.kapsi.fi\/wordpress\/koti\/hataapu\/akys-tukee-terveydenhuoltotyota-gazassa\/\">Lue lis\u00e4\u00e4&#8230;.<\/a><\/p>\n<p><strong>Gaza-katastrofitili:<\/strong><br \/>\nDanske Bank FI48 8000 2710 0992, Viite 3214<br \/>\nKer\u00e4yslupa: POL 2020\/2013\/3783<\/p>\n<p><a href=\"http:\/\/akys.kapsi.fi\/wordpress\/wp-content\/uploads\/2015\/07\/IMG_9270.jpeg\" rel=\"attachment wp-att-365\"><img loading=\"lazy\" decoding=\"async\" class=\"size-thumbnail wp-image-365 alignleft\" src=\"http:\/\/akys.kapsi.fi\/wordpress\/wp-content\/uploads\/2015\/07\/IMG_9270-150x150.jpeg\" alt=\"IMG_9270\" width=\"150\" height=\"150\" srcset=\"https:\/\/akys.kapsi.fi\/wordpress\/wp-content\/uploads\/2015\/07\/IMG_9270-150x150.jpeg 150w, https:\/\/akys.kapsi.fi\/wordpress\/wp-content\/uploads\/2015\/07\/IMG_9270-305x305.jpeg 305w, https:\/\/akys.kapsi.fi\/wordpress\/wp-content\/uploads\/2015\/07\/IMG_9270-125x125.jpeg 125w, https:\/\/akys.kapsi.fi\/wordpress\/wp-content\/uploads\/2015\/07\/IMG_9270-80x80.jpeg 80w\" sizes=\"auto, (max-width: 150px) 100vw, 150px\" \/><\/a>Syyriasta Libanoniin paenneet palestiinalaiset ovat p\u00e4\u00e4osin p\u00e4\u00e4tyneet maan ylikuormitettuihin pakolaisleireihin. Palestiinalainen j\u00e4rjest\u00f6 <a href=\"http:\/\/akys.kapsi.fi\/wordpress\/?post_type=ch_staff&amp;p=123\">Beit Atfal Assumoud <\/a>(BAS) tarjoaa pakolaisleireill\u00e4 maksutta lasten peruspalveluita kuten p\u00e4iv\u00e4kotipaikkoja, tukiopetusta, harrastustoimintaa ja perheneuvoloiden apua.\u00a0<a href=\"http:\/\/akys.kapsi.fi\/wordpress\/koti\/hataapu\/tuki-syyriasta-libanoniin-paenneille-lapsille\/\"> Lue lis\u00e4\u00e4&#8230;<\/a><\/p>\n<p><strong>Syyria-lahjoitukset kummitilille:<\/strong><br \/>\nDanske Bank FI93 8000 1101 2300 02, Viitenumero 7744<br \/>\nKer\u00e4yslupa POL-2015-8218<\/p>\n<p>Lue my\u00f6s AKYS:n <a href=\"http:\/\/akys.kapsi.fi\/wordpress\/kehitysyhteistyo\/\">kehitysyhteisty\u00f6hankkeista<\/a>.<\/p>\n","protected":false},"excerpt":{"rendered":"<p>Palestinian Medical Relief Society nyky\u00e4\u00e4n laajin j\u00e4rjest\u00f6pohjaisista terveyspalvelujen tarjoajista miehitetyss\u00e4 Palestiinassa. AKYSin Gaza-h\u00e4t\u00e4apuker\u00e4yksell\u00e4 vahvistetaan PMRS:n ty\u00f6t\u00e4. PMRS p\u00e4\u00e4tt\u00e4\u00e4 itse, mihin kohteseen avustuser\u00e4\u00e4 k\u00e4ytet\u00e4\u00e4n. Lue lis\u00e4\u00e4&#8230;. Gaza-katastrofitili: Danske Bank FI48 8000 &hellip; <\/p>\n<p class=\"link-more\"><a href=\"https:\/\/akys.kapsi.fi\/wordpress\/koti\/hataapu\/\" class=\"more-link\">Jatka lukemista<span class=\"screen-reader-text\"> &#8221;Humanit\u00e4\u00e4rinen apu&#8221;<\/span><\/a><\/p>\n","protected":false},"author":1,"featured_media":0,"parent":10,"menu_order":0,"comment_status":"closed","ping_status":"closed","template":"","meta":{"footnotes":""},"class_list":["post-196","page","type-page","status-publish","hentry","entry"],"_links":{"self":[{"href":"https:\/\/akys.kapsi.fi\/wordpress\/wp-json\/wp\/v2\/pages\/196","targetHints":{"allow":["GET"]}}],"collection":[{"href":"https:\/\/akys.kapsi.fi\/wordpress\/wp-json\/wp\/v2\/pages"}],"about":[{"href":"https:\/\/akys.kapsi.fi\/wordpress\/wp-json\/wp\/v2\/types\/page"}],"author":[{"embeddable":true,"href":"https:\/\/akys.kapsi.fi\/wordpress\/wp-json\/wp\/v2\/users\/1"}],"replies":[{"embeddable":true,"href":"https:\/\/akys.kapsi.fi\/wordpress\/wp-json\/wp\/v2\/comments?post=196"}],"version-history":[{"count":18,"href":"https:\/\/akys.kapsi.fi\/wordpress\/wp-json\/wp\/v2\/pages\/196\/revisions"}],"predecessor-version":[{"id":4990,"href":"https:\/\/akys.kapsi.fi\/wordpress\/wp-json\/wp\/v2\/pages\/196\/revisions\/4990"}],"up":[{"embeddable":true,"href":"https:\/\/akys.kapsi.fi\/wordpress\/wp-json\/wp\/v2\/pages\/10"}],"wp:attachment":[{"href":"https:\/\/akys.kapsi.fi\/wordpress\/wp-json\/wp\/v2\/media?parent=196"}],"curies":[{"name":"wp","href":"https:\/\/api.w.org\/{rel}","templated":true}]}}