{"id":192,"date":"2015-07-02T14:51:59","date_gmt":"2015-07-02T14:51:59","guid":{"rendered":"http:\/\/akys.kapsi.fi\/wordpress\/?page_id=192"},"modified":"2022-05-25T12:46:19","modified_gmt":"2022-05-25T12:46:19","slug":"muut-arabimaat","status":"publish","type":"page","link":"https:\/\/akys.kapsi.fi\/wordpress\/muut-arabimaat\/","title":{"rendered":"Linkkej\u00e4 arabimaita koskeville sivuille"},"content":{"rendered":"\n<dl>\n<dd>T\u00e4m\u00e4 sivu linkitt\u00e4\u00e4 arabimaailman sivuille.&nbsp;Katso&nbsp;<a href=\"http:\/\/akys.kapsi.fi\/wordpress\/palestiina\/linkit-palestiina\/\">my\u00f6s<\/a>&nbsp;erillinen&nbsp;<a href=\"http:\/\/akys.kapsi.fi\/wordpress\/palestiina\/linkit-palestiina\/\">Palestiinan linkkikirjasto<\/a>&nbsp;.\n<p>&nbsp;<\/p>\n<dl>\n<dt><strong>L\u00e4hi-id\u00e4n uutiset<\/strong><\/dt>\n<dd>&nbsp;Uutiset <a href=\"http:\/\/www.middle-east-online.com\/english\" target=\"_blank\" rel=\"noopener\">L\u00e4hi-it\u00e4 Online<\/a>&nbsp;ja artikkeleita arabipolitiikasta ja taloudesta<\/dd>\n<dd><a href=\"http:\/\/www.middleeasteye.net\/\" target=\"_blank\" rel=\"noopener\">L\u00e4hi-it\u00e4, L\u00e4hi-id\u00e4n<\/a>&nbsp;&nbsp;&nbsp;uutistoimisto, &#8221;Kaikki alueen sis\u00e4ll\u00e4 ja ulkopuolella v\u00e4litt\u00e4v\u00e4t kohtalostaan.&#8221;<\/dd>\n<dd>L\u00e4hi-id\u00e4n&nbsp;Suomen&nbsp;<a href=\"http:\/\/www.fime.fi\/\">instituutin&nbsp;&nbsp;<\/a>yll\u00e4pit\u00e4m\u00e4&nbsp;<a href=\"https:\/\/mosaiikki.wordpress.com\/\">mosaiikkiblogi<\/a>&nbsp;Suomen L\u00e4hi-id\u00e4n&nbsp;osaaminen<\/dd>\n<dd>&nbsp;Middle East <a href=\"http:\/\/www.albawaba.com\/\" target=\"_blank\" rel=\"noopener\">Gateway on<\/a>&nbsp;L\u00e4hi-id\u00e4n&nbsp;yritysuutislehti&nbsp;.&nbsp;&#8221;Suurin riippumaton potilasvalmistaja ja -jakelija L\u00e4hi-id\u00e4ss\u00e4&#8221;<\/dd>\n<dd>&nbsp;Al Jazeera.net <a href=\"http:\/\/english.aljazeera.net\/\" target=\"_blank\" rel=\"noopener\">englanninkielinen<\/a>&nbsp;versio Al&nbsp;Jazeera -lehdest\u00e4<\/dd>\n<dd>&nbsp;L\u00e4hi-id\u00e4n uutistoimisto (IPS) uutinen <a href=\"http:\/\/www.ipsnews.net\/news\/regional-categories\/middle-east\/\" target=\"_blank\" rel=\"noopener\">verkkosivuilla<\/a>&nbsp;L\u00e4hi-id\u00e4n ja V\u00e4limeren<\/dd>\n<dd><a href=\"http:\/\/english.ahram.org.eg\/\" target=\"_blank\" rel=\"noopener\">Al-Ahram viikoittain verkossa<\/a>&nbsp;&nbsp;&nbsp;Al-Ahram (Egypti)<\/dd>\n<dd><a title=\"\" href=\"http:\/\/www.crescenticit.com\/\" target=\"_blank\" rel=\"noopener\">Puolikuun kansainv\u00e4linen<\/a>&nbsp;tiedote&nbsp;<a title=\"\" href=\"http:\/\/www.crescenticit.com\/\" target=\"_blank\" rel=\"noopener\">kansainv\u00e4lisest\u00e4<\/a>&nbsp;islamilaisesta liikkeest\u00e4<\/dd>\n<\/dl>\n<dl>\n<dt><strong>Demokraattiset liikkeet ja ihmisoikeudet<\/strong><\/dt>\n<dd><a title=\"\" href=\"http:\/\/www.annd.org\/english\/\" target=\"_blank\" rel=\"noopener\">Valtiosta riippumattomien j\u00e4rjest\u00f6jen Bakkah kehityksen ja<\/a>&nbsp;vuonna&nbsp;<a title=\"\" href=\"http:\/\/www.annd.org\/english\/\" target=\"_blank\" rel=\"noopener\">Aran annd<\/a>&nbsp;12 arabimaailmassa tavoitteet<\/dd>\n<dd><a title=\"\" href=\"http:\/\/www.euromedrights.org\/en\/\" target=\"_blank\" rel=\"noopener\">Komission<\/a>&nbsp;on ihmisoikeuksien ja&nbsp;<a title=\"\" href=\"http:\/\/www.euromedrights.org\/en\/\" target=\"_blank\" rel=\"noopener\">Euro<\/a>&nbsp;&#8211; V\u00e4limeri ihmisoikeusj\u00e4rjest\u00f6t&nbsp;<a title=\"\" href=\"http:\/\/www.euromedrights.org\/en\/\" target=\"_blank\" rel=\"noopener\">vuonna alueella<\/a>&nbsp;ja V\u00e4limeren<\/dd>\n<dd><a title=\"\" href=\"http:\/\/www.mecaforpeace.org\/\" target=\"_blank\" rel=\"noopener\">MECA L\u00e4hi-it\u00e4 Chlidrenin liitto<\/a>&nbsp;L\u00e4hi-id\u00e4n lasten oikeuksiin ja hyvinvointiin<\/dd>\n<dd><a title=\"\" href=\"http:\/\/www.shrc.org\/en\/\" target=\"_blank\" rel=\"noopener\">Se osoittaa<\/a>&nbsp;julkiset oikeudet, ihmisoikeudet ja ihmisoikeudet<\/dd>\n<dd>Syyrian opposition ja yhteisty\u00f6elimen Syyrian&nbsp;<a title=\"\" href=\"http:\/\/en.etilaf.org\/\" target=\"_blank\" rel=\"noopener\">vallankumous- ja oppositiovoimien kansallinen koalitio<\/a><\/dd>\n<dd><a title=\"\" href=\"http:\/\/www.cjpme.org\/\" target=\"_blank\" rel=\"noopener\">Kanadalaiset oikeuteen ja rauhaan L\u00e4hi-id\u00e4ss\u00e4,<\/a>&nbsp;Kanadan&nbsp;<a title=\"\" href=\"http:\/\/www.cjpme.org\/\" target=\"_blank\" rel=\"noopener\">oikeus ja rauha j\u00e4rjest\u00f6lle L\u00e4hi-id\u00e4ss\u00e4<\/a><\/dd>\n<\/dl>\n<dl>\n<dt><strong>Kehityspolitiikka<\/strong><\/dt>\n<dd>&nbsp;Yhdistyneiden Kansakuntien yhteinen <a href=\"http:\/\/www.arabstates.undp.org\/\" target=\"_blank\" rel=\"noopener\">ohjelma<\/a>&nbsp;&#8211; Yhdistyneiden Kansakuntien&nbsp;<a href=\"http:\/\/www.arabstates.undp.org\/\" target=\"_blank\" rel=\"noopener\">arabivaltioita koskeva<\/a>&nbsp;ohjelma&nbsp;;&nbsp;Siin\u00e4 viitataan muun muassa arabimaiden inhimillisen kehityksen raportteihin<\/dd>\n<dd><a href=\"http:\/\/www.wipo.int\/about-wipo\/en\/activities_by_unit\/units\/arab_bureau.html\" target=\"_blank\" rel=\"noopener\">Toimisto on&nbsp;<\/a><a href=\"http:\/\/www.wipo.int\/about-wipo\/en\/activities_by_unit\/units\/arab_bureau.html\" target=\"_blank\" rel=\"noopener\">arabivaltioiden<\/a>&nbsp;&nbsp;&nbsp;Bureau of&nbsp;<a href=\"http:\/\/www.wipo.int\/about-wipo\/en\/activities_by_unit\/units\/arab_bureau.html\" target=\"_blank\" rel=\"noopener\">Arabivaltioiden<\/a>&nbsp;Maailman henkisen omaisuuden<\/dd>\n<dd><a href=\"http:\/\/www.arab-hdr.org\/\" target=\"_blank\" rel=\"noopener\">Arabien inhimillisen kehityksen raportit Yhdistyneiden Kansakuntien Yhdistyneiden<\/a>&nbsp;&nbsp;&nbsp;Kansakuntien YK: n&nbsp;<a href=\"http:\/\/www.arab-hdr.org\/\" target=\"_blank\" rel=\"noopener\">raportit<\/a><\/dd>\n<dd><a href=\"http:\/\/www.raednetwork.org\/\" target=\"_blank\" rel=\"noopener\">Arab Development Network (Pioneer) on kansalaisj\u00e4rjest\u00f6jen<\/a>&nbsp;verkosto ymp\u00e4rist\u00f6nsuojelun alalla<\/dd>\n<dd><a href=\"http:\/\/www.annd.org\/english\/\" target=\"_blank\" rel=\"noopener\">Arab NGO Network for Development (ANND) on<\/a>&nbsp;arabimaiden kansalaisj\u00e4rjest\u00f6jen, kansalaisyhteiskunnan, demokratian, ihmisoikeuksien kunnioittamisen ja kest\u00e4v\u00e4n kehityksen verkosto&nbsp;.<\/dd>\n<dd><a href=\"http:\/\/www.arabfund.org\/\" target=\"_blank\" rel=\"noopener\">Arabien kehitysrahasto:<\/a>&nbsp;&nbsp;&nbsp;Arabien kehitysrahasto, joka sijaitsee Kuwaitissa<\/dd>\n<dt><\/dt>\n<\/dl>\n<p><strong>Ymp\u00e4rist\u00f6asiat<\/strong><\/p>\n<dl>\n<dd><a href=\"http:\/\/apnature.org\/en\" target=\"_blank\" rel=\"noopener\">Arabien luonnonsuojelu- ja<\/a>&nbsp;&nbsp;&nbsp;vartijaryhm\u00e4 Al-Vernassa<\/dd>\n<dd><a href=\"https:\/\/www.unep.org\/ar\/almanatiq\/ghrb-asya\" target=\"_blank\" rel=\"noopener\">YK: n ymp\u00e4rist\u00f6ohjelma konflikteista ja ymp\u00e4rist\u00f6st\u00e4 L\u00e4nsi-Aasiassa Yhdistyneiden<\/a>&nbsp;&nbsp;&nbsp;Kansakuntien ymp\u00e4rist\u00f6ohjelma L\u00e4hi-id\u00e4ss\u00e4<\/dd>\n<dd><a href=\"http:\/\/www.afedonline.org\/en\/\" target=\"_blank\" rel=\"noopener\">Arabien kehitysfoorumi on<\/a>&nbsp;j\u00e4rjest\u00f6, joka kokoaa kansalaisyhteiskunnan, liikemiehet ja tiedotusv\u00e4lineet tukemaan ymp\u00e4rist\u00f6ohjelmia kaikissa arabimaissa.<\/dd>\n<dd><a href=\"http:\/\/www.cedare.int\/\" target=\"_blank\" rel=\"noopener\">Ymp\u00e4rist\u00f6n ja arabikehityksen ja Euroopan keskus (CEDARI) on<\/a>&nbsp;kansainv\u00e4linen organisaatio, joka tukee ymp\u00e4rist\u00f6ymp\u00e4rist\u00f6\u00e4 ja tukee maiden ja kansainv\u00e4lisen yhteis\u00f6n v\u00e4list\u00e4 yhteisty\u00f6t\u00e4&nbsp;.<\/dd>\n<dd><a href=\"http:\/\/arabenv.com\/\" target=\"_blank\" rel=\"noopener\">ArabEnv on<\/a>&nbsp;kansainv\u00e4linen konsulttiyritys, joka keskittyy kest\u00e4viin ymp\u00e4rist\u00f6asioihin arabimaailmassa<\/dd>\n<\/dl>\n<dl>\n<dt><strong>L\u00e4hi-it\u00e4<\/strong><\/dt>\n<dd><a title=\"\" href=\"https:\/\/www.dohainstitute.org\/en\" target=\"_blank\" rel=\"noopener\">Arabien tutkimus- ja Studies Studies on<\/a>&nbsp;tutkimusten&nbsp;<a title=\"\" href=\"https:\/\/www.dohainstitute.org\/en\" target=\"_blank\" rel=\"noopener\">keskus<\/a>&nbsp;varten&nbsp;<a title=\"\" href=\"https:\/\/www.dohainstitute.org\/en\" target=\"_blank\" rel=\"noopener\">arabien<\/a>&nbsp;tutkijoiden&nbsp;alalla politiikan<\/dd>\n<dd><a href=\"http:\/\/www.fime.fi\/\" target=\"_blank\" rel=\"noopener\">Suomen Keskusinstituutti<\/a> &nbsp;&nbsp;tukee instituuttia ja edist\u00e4\u00e4 tutkimusta ja opetusta L\u00e4hi-id\u00e4ss\u00e4<\/dd>\n<dd><a href=\"https:\/\/www.helsinki.fi\/en\/faculty-of-arts\/research\/disciplines\/languages\" target=\"_blank\" rel=\"noopener\">Helsingin yliopiston aasialaisten kielten ja Afrikan kulttuurien laitos<\/a> &nbsp;&nbsp;on osa laitoksen tutkimusaluetta<\/dd>\n<dd><a href=\"http:\/\/www.merip.org\/\" target=\"_blank\" rel=\"noopener\">Orient Research and Information Project (MERIP)<\/a> &nbsp;&nbsp;\u201cPahaa politiikkaa koskeva tieto- ja analyysiprojekti<\/dd>\n<dd><a href=\"http:\/\/mesana.org\/\" target=\"_blank\" rel=\"noopener\">L\u00e4hi-id\u00e4n tutkimusyhdistys on L\u00e4hi-id\u00e4n<\/a> &nbsp;&nbsp;tutkijoiden ja tutkimuslaitosten <a href=\"http:\/\/mesana.org\/\" target=\"_blank\" rel=\"noopener\">yhdistys<\/a><\/dd>\n<dd><a href=\"http:\/\/www.erf.org.eg\/\" target=\"_blank\" rel=\"noopener\">Kansainv\u00e4linen<\/a>&nbsp;&nbsp;&nbsp;tutkimus taloudellinen tutkimus arabimaiden ja Iranin kehityksen tukemiseksi<\/dd>\n<dd><a href=\"http:\/\/www.cawtar.org\/\" target=\"_blank\" rel=\"noopener\">Jonka keskitaajuus<\/a>&nbsp;&nbsp;&nbsp;tutkimuksen ja koulutuksen naisten tasa arabimaailmassa<\/dd>\n<dd><a href=\"http:\/\/www.soas.ac.uk\/\" target=\"_blank\" rel=\"noopener\">School of Oriental ja Afrikkalainen Studies,<\/a>&nbsp;&nbsp;&nbsp;Institute&nbsp;<a href=\"http:\/\/www.soas.ac.uk\/\" target=\"_blank\" rel=\"noopener\">of Oriental ja Afrikkalainen Studies,<\/a>&nbsp;University of London<\/dd>\n<\/dl>\n<dl>\n<dt><strong>Yst\u00e4vyysj\u00e4rjest\u00f6t<\/strong><\/dt>\n<dd><a href=\"http:\/\/www.caabu.org\/\" target=\"_blank\" rel=\"noopener\">Arabien ja brittien yhteisymm\u00e4rryksen<\/a> &nbsp;&nbsp;neuvosto kehitt\u00e4\u00e4 suhteita brittil\u00e4isen maailman v\u00e4lill\u00e4<\/dd>\n<dd>Heikhh <a href=\"http:\/\/www.d-a-g.de\/\" target=\"_blank\" rel=\"noopener\">&#8211;<\/a>&nbsp;yst\u00e4vyysyhdistys (&nbsp;<a href=\"http:\/\/www.d-a-g.de\/\" target=\"_blank\" rel=\"noopener\">Deutsch-Arabische Gesellschaft)<\/a><\/dd>\n<\/dl>\n<dl>\n<dt><strong>Tausta ja yleiset tiedot<\/strong><\/dt>\n<dd><a href=\"https:\/\/turvaaetsimassa.wordpress.com\/\" target=\"_blank\" rel=\"noopener\">B-A Turvallisuudesta &#8211; n\u00e4k\u00f6kulmat<\/a>&nbsp;&nbsp; kulttuurilaitosten yhdess\u00e4 j\u00e4rjest\u00e4miin&nbsp;<a href=\"https:\/\/turvaaetsimassa.wordpress.com\/\" target=\"_blank\" rel=\"noopener\">menetelmiin<\/a><\/dd>\n<dd><a href=\"http:\/\/www.globalissues.org\/Geopolitics\/MiddleEast.asp\" target=\"_blank\" rel=\"noopener\">GlobalIssues:&nbsp;<\/a><a href=\"http:\/\/www.globalissues.org\/Geopolitics\/MiddleEast.asp\" target=\"_blank\" rel=\"noopener\">L\u00e4hi-id\u00e4n<\/a>&nbsp;&nbsp;esseet ja analyysi&nbsp;L\u00e4hi-id\u00e4n kriiseist\u00e4<\/dd>\n<dd><a href=\"http:\/\/i-cias.com\/e.o\/index.htm\" target=\"_blank\" rel=\"noopener\">Encyclopedia of<\/a>&nbsp;&nbsp;&nbsp;Pain&nbsp;<a href=\"http:\/\/i-cias.com\/e.o\/index.htm\" target=\"_blank\" rel=\"noopener\">Encyclopedia of<\/a>&nbsp;North Africa and Middle East<\/dd>\n<\/dl>\n<dl>\n<dt><strong>Arabiankieli<\/strong><\/dt>\n<dd><a href=\"http:\/\/www.islamopas.com\/arabic\/\" target=\"_blank\" rel=\"noopener\">Opiskele arabian kielt\u00e4<\/a>&nbsp;&nbsp;&nbsp;aloittelijoille tarkoitetulla arabian kielikurssilla<\/dd>\n<\/dl>\n<\/dd>\n<\/dl>\n","protected":false},"excerpt":{"rendered":"<p>T\u00e4m\u00e4 sivu linkitt\u00e4\u00e4 arabimaailman sivuille.&nbsp;Katso&nbsp;my\u00f6s&nbsp;erillinen&nbsp;Palestiinan linkkikirjasto&nbsp;. &nbsp; L\u00e4hi-id\u00e4n uutiset &nbsp;Uutiset L\u00e4hi-it\u00e4 Online&nbsp;ja artikkeleita arabipolitiikasta ja taloudesta L\u00e4hi-it\u00e4, L\u00e4hi-id\u00e4n&nbsp;&nbsp;&nbsp;uutistoimisto, &#8221;Kaikki alueen sis\u00e4ll\u00e4 ja ulkopuolella v\u00e4litt\u00e4v\u00e4t kohtalostaan.&#8221; L\u00e4hi-id\u00e4n&nbsp;Suomen&nbsp;instituutin&nbsp;&nbsp;yll\u00e4pit\u00e4m\u00e4&nbsp;mosaiikkiblogi&nbsp;Suomen L\u00e4hi-id\u00e4n&nbsp;osaaminen &nbsp;Middle East Gateway &hellip; <\/p>\n<p class=\"link-more\"><a href=\"https:\/\/akys.kapsi.fi\/wordpress\/muut-arabimaat\/\" class=\"more-link\">Jatka lukemista<span class=\"screen-reader-text\"> &#8221;Linkkej\u00e4 arabimaita koskeville sivuille&#8221;<\/span><\/a><\/p>\n","protected":false},"author":1,"featured_media":0,"parent":0,"menu_order":0,"comment_status":"closed","ping_status":"closed","template":"","meta":{"footnotes":""},"class_list":["post-192","page","type-page","status-publish","hentry","entry"],"_links":{"self":[{"href":"https:\/\/akys.kapsi.fi\/wordpress\/wp-json\/wp\/v2\/pages\/192","targetHints":{"allow":["GET"]}}],"collection":[{"href":"https:\/\/akys.kapsi.fi\/wordpress\/wp-json\/wp\/v2\/pages"}],"about":[{"href":"https:\/\/akys.kapsi.fi\/wordpress\/wp-json\/wp\/v2\/types\/page"}],"author":[{"embeddable":true,"href":"https:\/\/akys.kapsi.fi\/wordpress\/wp-json\/wp\/v2\/users\/1"}],"replies":[{"embeddable":true,"href":"https:\/\/akys.kapsi.fi\/wordpress\/wp-json\/wp\/v2\/comments?post=192"}],"version-history":[{"count":23,"href":"https:\/\/akys.kapsi.fi\/wordpress\/wp-json\/wp\/v2\/pages\/192\/revisions"}],"predecessor-version":[{"id":3998,"href":"https:\/\/akys.kapsi.fi\/wordpress\/wp-json\/wp\/v2\/pages\/192\/revisions\/3998"}],"wp:attachment":[{"href":"https:\/\/akys.kapsi.fi\/wordpress\/wp-json\/wp\/v2\/media?parent=192"}],"curies":[{"name":"wp","href":"https:\/\/api.w.org\/{rel}","templated":true}]}}