{"id":146,"date":"2015-06-28T05:27:19","date_gmt":"2015-06-28T05:27:19","guid":{"rendered":"http:\/\/akys.kapsi.fi\/wordpress\/?page_id=146"},"modified":"2022-03-06T16:49:21","modified_gmt":"2022-03-06T16:49:21","slug":"kummitoiminnan-eettinen-ohjeisto","status":"publish","type":"page","link":"https:\/\/akys.kapsi.fi\/wordpress\/kummitoiminta\/kummitoiminnan-eettinen-ohjeisto\/","title":{"rendered":"Kummitoiminnan eettinen ohjeisto"},"content":{"rendered":"\n<p>1. Kummitoiminta edist\u00e4\u00e4 lapsen oikeuksien toteutumista<\/p>\n\n\n\n<p>Kummilapsity\u00f6n tavoitteena on parantaa lapsen koko elinymp\u00e4rist\u00f6\u00e4. N\u00e4in voidaan auttaa parhaiten my\u00f6s yksitt\u00e4ist\u00e4 lasta.<\/p>\n\n\n\n<p>Koska kummitoiminta perustuu Lapsen oikeuksien sopimukseen, tunnistamme ett\u00e4 lapsella on oikeus muun muassa koulunk\u00e4yntiin, suojeluun, riitt\u00e4v\u00e4\u00e4n ravintoon. Kummitoiminta on yksi tapa edist\u00e4\u00e4 n\u00e4iden oikeuksien toteutumista.<\/p>\n\n\n\n<p>Kummisopimuksessa kummi sitoutuu s\u00e4\u00e4nn\u00f6lliseen rahalliseen tukeen ja kummij\u00e4rjest\u00f6 puolestaan raportoimaan tuen k\u00e4yt\u00f6st\u00e4.<\/p>\n\n\n\n<p>K\u00e4yt\u00e4nn\u00f6t siin\u00e4, millaista tietoa ja kuinka usein kummiohjelmasta ja -lapsilta l\u00e4hetet\u00e4\u00e4n suomalaiselle j\u00e4rjest\u00f6lle ja sen kautta kummeille, vaihtelevat jonkin verran. Lapsella ei voi olla velvollisuutta tuen vastineeksi avata omaa tai perheens\u00e4 el\u00e4m\u00e4\u00e4. Lasta ei my\u00f6sk\u00e4\u00e4n n\u00e4hd\u00e4 passiivisena avun kohteena. Lapsella on ik\u00e4ns\u00e4, kykyjens\u00e4 ja tilanteensa mukaisesti olennainen rooli siin\u00e4, millainen vaikutus kummiohjelmalla on h\u00e4nen el\u00e4m\u00e4\u00e4ns\u00e4.<\/p>\n\n\n\n<p>Kummisuhteessa on t\u00e4rke\u00e4\u00e4 muistaa, ett\u00e4 lapset ovat ensisijaisesti yhteis\u00f6jens\u00e4 ja perheidens\u00e4 j\u00e4seni\u00e4. Kummitoiminta ei saa asettaa tuen saajia erityisasemaan suhteessa yhteis\u00f6n muihin j\u00e4seniin. Erityiskohtelu voi aiheuttaa kateutta muissa yhteis\u00f6n j\u00e4seniss\u00e4 ja kummilapsi sek\u00e4 pahimmassa tapauksessa koko perhe voi joutua sosiaalisesti eristyksiin.<\/p>\n\n\n\n<p>Lapsen fyysisen koskemattomuuden rikkominen on pahin lapsen etua vahingoittava asia (Lapsen oikeuksien sopimus, artikla 19). Erityist\u00e4 huolellisuutta noudatetaan kummitoiminnassa mukana olevien yhteisty\u00f6j\u00e4rjest\u00f6jen k\u00e4yt\u00e4nt\u00f6ihin ty\u00f6ntekij\u00f6iden, harjoittelijoiden, vapaaehtoisten ja hallinnon edustajien valinnassa, jotta mahdolliselta lasten hyv\u00e4ksik\u00e4yt\u00f6lt\u00e4 kaikissa tapauksissa v\u00e4ltytt\u00e4isiin.<\/p>\n\n\n\n<p>2. Kummien ja kummilasten yhteydenpitoa m\u00e4\u00e4ritt\u00e4v\u00e4t selke\u00e4t ohjeet<\/p>\n\n\n\n<p>Kummitoimintaan kuuluu usein kummin mahdollisuus yhteydenpitoon lapsen tai kummikohteen kanssa. Kummij\u00e4rjest\u00f6ll\u00e4 tulee olla perusohjeet ja suositukset kummien ja kummilasten yhteydenpidosta. N\u00e4iden ohjeiden toteutumista kummij\u00e4rjest\u00f6ill\u00e4 on my\u00f6s velvollisuus valvoa.<\/p>\n\n\n\n<p>Yhteydenpito kummilasten ja kummien v\u00e4lill\u00e4 tapahtuu j\u00e4rjest\u00f6n kautta, jolloin voidaan helpommin vaalia niin kummin kuin kummilapsen yksityisyytt\u00e4 ja oikeusturvaa, mukaan lukien oikeutta irrottautua avustussuhteesta. Kummisuhteen osapuolten suoria osoitetietoja ei luovuteta eteenp\u00e4in ilman asianosaisten suostumusta. Vaikka suora yhteydenpito kummin ja kummilapsen v\u00e4lill\u00e4 on sosiaalisen median v\u00e4lityksell\u00e4 nyky\u00e4\u00e4n helppoa, on sek\u00e4 kummin ett\u00e4 lapsen etu, ett\u00e4 yhteydenpito kulkee edelleen j\u00e4rjest\u00f6n tai yhteisty\u00f6kumppanin kautta.<br>Yhteydenpito-ohjeiden tarkoitus on varmistaa ennen kaikkea lapsen oikeuksien toteutuminen, mutta toisaalta ohjeilla halutaan my\u00f6s varmistaa, ettei kummiin kohdistu kummilapsen toimesta ylim\u00e4\u00e4r\u00e4isi\u00e4, suoria odotuksia, joista ei ole sovittu j\u00e4rjest\u00f6n kanssa. Ohjeissa ehk\u00e4ist\u00e4\u00e4n riippuvuussuhteen muodostumista kummin ja kummilapsen v\u00e4lille.<\/p>\n\n\n\n<p>Ohjeissa m\u00e4\u00e4ritell\u00e4\u00e4n my\u00f6s s\u00e4\u00e4nt\u00f6j\u00e4 my\u00f6s sille, millaista tukea kummit voivat kummilapsille antaa.<\/p>\n\n\n\n<p>Kummimatkasta on aina hyviss\u00e4 ajoin ennen matkaa sovittava Suomessa toimivan j\u00e4rjest\u00f6n kanssa. Kummin ja kummilapsen turvallisuuden takaamiseksi kummilla ei ole oikeutta omatoimisesti hoitaa vierailua. Lapsen tapaamisesta on aina sovittava paikallisen j\u00e4rjest\u00f6n kanssa. N\u00e4ill\u00e4 toimenpiteill\u00e4 j\u00e4rjest\u00f6t pyrkiv\u00e4t suojaamaan toiminnan piiriin kuuluvien lasten fyysist\u00e4 ja henkist\u00e4 tasapainoa ja turvaamaan heid\u00e4n yhteis\u00f6jens\u00e4 sosiaalisia rakenteita. Kummisuhteessa on t\u00e4rke\u00e4\u00e4 muistaa kulttuurierot ja erilaiset maailmankuvat.<\/p>\n\n\n\n<p>3. Kummiviestint\u00e4 on eettist\u00e4 ja vastuullista<\/p>\n\n\n\n<p>Kummiviestint\u00e4 ei saa v\u00e4litt\u00e4\u00e4 yksipuolista ja negatiivisia stereotypioita vahvistavaa kuvaa kehitysmaista ja kummilapsista. Kuva kohteesta on oltava mahdollisimman todenmukainen, kliseisyytt\u00e4 v\u00e4ltellen. Viestinn\u00e4ss\u00e4 noudatetaan Dochasin laatimaa Kuvien ja viestien k\u00e4ytt\u00f6opasta (2009).<\/p>\n\n\n\n<p>Kummilapsen kuvien, nimen ja muiden tietojen julkaiseminen sosiaalisessa mediassa tai muutoin verkossa ei ole lapsen edun mukaista. Lasten tietoja ja kuvia on kohdeltava heid\u00e4n yksityisyytt\u00e4\u00e4n kunnioittaen ja kuvaamiseen pyydet\u00e4\u00e4n aina lupa, etenkin jos se on tarkoitus julkaista.<\/p>\n\n\n<nav class=\"is-responsive wp-block-navigation is-layout-flex wp-block-navigation-is-layout-flex\" aria-label=\"Navigaatio\" \n\t\t data-wp-interactive=\"core\/navigation\" data-wp-context='{\"overlayOpenedBy\":{\"click\":false,\"hover\":false,\"focus\":false},\"type\":\"overlay\",\"roleAttribute\":\"\",\"ariaLabel\":\"Valikko\"}'><button aria-haspopup=\"dialog\" aria-label=\"Avaa valikko\" class=\"wp-block-navigation__responsive-container-open\" \n\t\t\t\tdata-wp-on--click=\"actions.openMenuOnClick\"\n\t\t\t\tdata-wp-on--keydown=\"actions.handleMenuKeydown\"\n\t\t\t><svg width=\"24\" height=\"24\" xmlns=\"http:\/\/www.w3.org\/2000\/svg\" viewBox=\"0 0 24 24\" aria-hidden=\"true\" focusable=\"false\"><path d=\"M4 7.5h16v1.5H4z\"><\/path><path d=\"M4 15h16v1.5H4z\"><\/path><\/svg><\/button>\n\t\t\t\t<div class=\"wp-block-navigation__responsive-container\"  id=\"modal-1\" \n\t\t\t\tdata-wp-class--has-modal-open=\"state.isMenuOpen\"\n\t\t\t\tdata-wp-class--is-menu-open=\"state.isMenuOpen\"\n\t\t\t\tdata-wp-watch=\"callbacks.initMenu\"\n\t\t\t\tdata-wp-on--keydown=\"actions.handleMenuKeydown\"\n\t\t\t\tdata-wp-on--focusout=\"actions.handleMenuFocusout\"\n\t\t\t\ttabindex=\"-1\"\n\t\t\t>\n\t\t\t\t\t<div class=\"wp-block-navigation__responsive-close\" tabindex=\"-1\">\n\t\t\t\t\t\t<div class=\"wp-block-navigation__responsive-dialog\" \n\t\t\t\tdata-wp-bind--aria-modal=\"state.ariaModal\"\n\t\t\t\tdata-wp-bind--aria-label=\"state.ariaLabel\"\n\t\t\t\tdata-wp-bind--role=\"state.roleAttribute\"\n\t\t\t>\n\t\t\t\t\t\t\t<button aria-label=\"Sulje valikko\" class=\"wp-block-navigation__responsive-container-close\" \n\t\t\t\tdata-wp-on--click=\"actions.closeMenuOnClick\"\n\t\t\t><svg xmlns=\"http:\/\/www.w3.org\/2000\/svg\" viewBox=\"0 0 24 24\" width=\"24\" height=\"24\" aria-hidden=\"true\" focusable=\"false\"><path d=\"m13.06 12 6.47-6.47-1.06-1.06L12 10.94 5.53 4.47 4.47 5.53 10.94 12l-6.47 6.47 1.06 1.06L12 13.06l6.47 6.47 1.06-1.06L13.06 12Z\"><\/path><\/svg><\/button>\n\t\t\t\t\t\t\t<div class=\"wp-block-navigation__responsive-container-content\" \n\t\t\t\tdata-wp-watch=\"callbacks.focusFirstElement\"\n\t\t\t id=\"modal-1-content\">\n\t\t\t\t\t\t\t\t<ul class=\"wp-block-navigation__container is-responsive wp-block-navigation\"><li class=\" wp-block-navigation-item wp-block-navigation-link\"><a class=\"wp-block-navigation-item__content\"  href=\"https:\/\/akys.kapsi.fi\/wordpress\/kummitoiminta-2\/\"><span class=\"wp-block-navigation-item__label\">Palaa kummitoiminnan p\u00e4\u00e4sivulle<\/span><\/a><\/li><\/ul>\n\t\t\t\t\t\t\t<\/div>\n\t\t\t\t\t\t<\/div>\n\t\t\t\t\t<\/div>\n\t\t\t\t<\/div><\/nav>","protected":false},"excerpt":{"rendered":"<p>1. Kummitoiminta edist\u00e4\u00e4 lapsen oikeuksien toteutumista Kummilapsity\u00f6n tavoitteena on parantaa lapsen koko elinymp\u00e4rist\u00f6\u00e4. N\u00e4in voidaan auttaa parhaiten my\u00f6s yksitt\u00e4ist\u00e4 lasta. Koska kummitoiminta perustuu Lapsen oikeuksien sopimukseen, tunnistamme ett\u00e4 lapsella on &hellip; <\/p>\n<p class=\"link-more\"><a href=\"https:\/\/akys.kapsi.fi\/wordpress\/kummitoiminta\/kummitoiminnan-eettinen-ohjeisto\/\" class=\"more-link\">Jatka lukemista<span class=\"screen-reader-text\"> &#8221;Kummitoiminnan eettinen ohjeisto&#8221;<\/span><\/a><\/p>\n","protected":false},"author":1,"featured_media":0,"parent":141,"menu_order":0,"comment_status":"closed","ping_status":"open","template":"","meta":{"footnotes":""},"class_list":["post-146","page","type-page","status-publish","hentry","entry"],"_links":{"self":[{"href":"https:\/\/akys.kapsi.fi\/wordpress\/wp-json\/wp\/v2\/pages\/146","targetHints":{"allow":["GET"]}}],"collection":[{"href":"https:\/\/akys.kapsi.fi\/wordpress\/wp-json\/wp\/v2\/pages"}],"about":[{"href":"https:\/\/akys.kapsi.fi\/wordpress\/wp-json\/wp\/v2\/types\/page"}],"author":[{"embeddable":true,"href":"https:\/\/akys.kapsi.fi\/wordpress\/wp-json\/wp\/v2\/users\/1"}],"replies":[{"embeddable":true,"href":"https:\/\/akys.kapsi.fi\/wordpress\/wp-json\/wp\/v2\/comments?post=146"}],"version-history":[{"count":6,"href":"https:\/\/akys.kapsi.fi\/wordpress\/wp-json\/wp\/v2\/pages\/146\/revisions"}],"predecessor-version":[{"id":4127,"href":"https:\/\/akys.kapsi.fi\/wordpress\/wp-json\/wp\/v2\/pages\/146\/revisions\/4127"}],"up":[{"embeddable":true,"href":"https:\/\/akys.kapsi.fi\/wordpress\/wp-json\/wp\/v2\/pages\/141"}],"wp:attachment":[{"href":"https:\/\/akys.kapsi.fi\/wordpress\/wp-json\/wp\/v2\/media?parent=146"}],"curies":[{"name":"wp","href":"https:\/\/api.w.org\/{rel}","templated":true}]}}