{"id":141,"date":"2015-06-28T05:09:05","date_gmt":"2015-06-28T05:09:05","guid":{"rendered":"http:\/\/akys.kapsi.fi\/wordpress\/?page_id=141"},"modified":"2022-03-07T08:09:58","modified_gmt":"2022-03-07T08:09:58","slug":"kummitoiminta","status":"publish","type":"page","link":"https:\/\/akys.kapsi.fi\/wordpress\/kummitoiminta\/","title":{"rendered":"Kummitoiminta"},"content":{"rendered":"\n<p><strong>Kummitoimintamme kautta autetaan kaikkein kaikkein heikoimmassa asemassa el\u00e4vi\u00e4 palestiinalaisperheit\u00e4 Pohjois-Libanonin pakolaisleireill\u00e4.<\/strong> AKYS:n yhteisty\u00f6kumppani Libanonissa on vuonna 1976 perustettu Beit Atfal Assumoud (BAS) -j\u00e4rjest\u00f6. BAS esittelee toimintaansa nettisivuillaan: &nbsp;<a href=\"http:\/\/www.socialcare.org\/portal\/home\/1\/\">http:\/\/www.socialcare.org\/portal\/home\/1\/<\/a>. Kummiksi voi ryhty\u00e4 pakolaislapselle tai vanhukselle. Lapselle on mahdollista ryhty\u00e4 oman valinnan mukaan joko perhekummiksi tai p\u00e4iv\u00e4kotikummiksi.&nbsp; Kummiksi p\u00e4\u00e4see t\u00e4ytt\u00e4m\u00e4ll\u00e4 <a href=\"http:\/\/akys.kapsi.fi\/wordpress\/kummitoiminta-2\/kummilomake\/\">nettilomakkeen<\/a> tai ottamalla yhteytt\u00e4 kummivastaava <a href=\"http:\/\/akys.kapsi.fi\/wordpress\/?post_type=ch_staff&amp;p=120\" target=\"_blank\" rel=\"noopener\">Sirkku Kivist\u00f6\u00f6n<\/a>.&nbsp; AKYS tiedottaa kummeille s\u00e4hk\u00f6postitse, nettisivujen ja <a href=\"https:\/\/www.facebook.com\/akystiedotus\" target=\"_blank\" rel=\"noopener\">Facebook-sivujen <\/a>v\u00e4lityksell\u00e4 ajankohtaisista asioista.&nbsp;Lis\u00e4tietoa my\u00f6s raportista <a href=\"http:\/\/akys.kapsi.fi\/wordpress\/wp-content\/uploads\/2017\/04\/AKYSraporttisarja022017.pdf\" target=\"_blank\" rel=\"noopener\">&#8221;Mit\u00e4 kummimaksut merkitsev\u00e4t palestiinalaisperheille? Miten kummitukea k\u00e4ytet\u00e4\u00e4n?&#8221;<\/a> AKYS-raportti 2\/2017. AKYS:n kautta 49:lla lapsella on perhekummi, 31:lla lapsella p\u00e4iv\u00e4kotikummit sek\u00e4 19:lla vanhuksella vanhuskummikummit (26.3.2019)<\/p>\n\n\n\n<p>Ker\u00e4yslupa Poliisihallitukselta RA\/2020\/1032.<\/p>\n\n\n\n<div class=\"wp-block-image\"><figure class=\"alignleft\"><a href=\"http:\/\/akys.kapsi.fi\/wordpress\/wp-content\/uploads\/2015\/06\/11393186_1638645309690281_2825161713153782420_n.jpg\"><img loading=\"lazy\" decoding=\"async\" width=\"150\" height=\"150\" src=\"http:\/\/akys.kapsi.fi\/wordpress\/wp-content\/uploads\/2015\/06\/11393186_1638645309690281_2825161713153782420_n-150x150.jpg\" alt=\"11393186_1638645309690281_2825161713153782420_n\" class=\"wp-image-111\" srcset=\"https:\/\/akys.kapsi.fi\/wordpress\/wp-content\/uploads\/2015\/06\/11393186_1638645309690281_2825161713153782420_n-150x150.jpg 150w, https:\/\/akys.kapsi.fi\/wordpress\/wp-content\/uploads\/2015\/06\/11393186_1638645309690281_2825161713153782420_n-305x305.jpg 305w, https:\/\/akys.kapsi.fi\/wordpress\/wp-content\/uploads\/2015\/06\/11393186_1638645309690281_2825161713153782420_n-125x125.jpg 125w, https:\/\/akys.kapsi.fi\/wordpress\/wp-content\/uploads\/2015\/06\/11393186_1638645309690281_2825161713153782420_n-80x80.jpg 80w\" sizes=\"auto, (max-width: 150px) 100vw, 150px\" \/><\/a><figcaption>Kummitytt\u00f6 Saidassa<\/figcaption><\/figure><\/div>\n\n\n\n<p class=\"has-text-align-left\"><strong>Perhekummiksi pakolaislapselle<\/strong><\/p>\n\n\n\n<p class=\"has-text-align-left\">BAS:n sosiaality\u00f6ntekij\u00e4t v\u00e4litt\u00e4v\u00e4t kummeja kipe\u00e4sti avun tarpeessa oleville lapsille, joiden perheiss\u00e4 ty\u00f6tt\u00f6myys ja\/tai sairaudet vaikeuttavat selviytymist\u00e4.&nbsp;&nbsp; Kummimaksu on 30\u20ac kuukaudessa (360 \u20ac\/v). Kummimaksusta perheen \u00e4iti k\u00e4y kuukausittain nostamassa 20 dollaria lasten tarpeisiin. Osalla kummimaksusta j\u00e4rjest\u00e4\u00e4n harrastus- ja opintotoimintaa, johon l\u00e4hes kaikki kummilapset osallistuvat.&nbsp; Loput 5 % kummimaksusta k\u00e4ytet\u00e4\u00e4n sosiaality\u00f6ntekij\u00e4n palkkauskustannuksiin.<\/p>\n\n\n\n<div class=\"wp-block-image\"><figure class=\"alignleft\"><a href=\"http:\/\/akys.kapsi.fi\/wordpress\/wp-content\/uploads\/2015\/06\/IMG_8093_x1.jpg\"><img loading=\"lazy\" decoding=\"async\" width=\"150\" height=\"150\" src=\"http:\/\/akys.kapsi.fi\/wordpress\/wp-content\/uploads\/2015\/06\/IMG_8093_x1-150x150.jpg\" alt=\"IMG_8093_x\" class=\"wp-image-90\" srcset=\"https:\/\/akys.kapsi.fi\/wordpress\/wp-content\/uploads\/2015\/06\/IMG_8093_x1-150x150.jpg 150w, https:\/\/akys.kapsi.fi\/wordpress\/wp-content\/uploads\/2015\/06\/IMG_8093_x1-305x305.jpg 305w, https:\/\/akys.kapsi.fi\/wordpress\/wp-content\/uploads\/2015\/06\/IMG_8093_x1-125x125.jpg 125w, https:\/\/akys.kapsi.fi\/wordpress\/wp-content\/uploads\/2015\/06\/IMG_8093_x1-80x80.jpg 80w\" sizes=\"auto, (max-width: 150px) 100vw, 150px\" \/><\/a><figcaption>Toimintaa p\u00e4iv\u00e4kodissa<\/figcaption><\/figure><\/div>\n\n\n\n<p><strong>P\u00e4iv\u00e4kotikummiksi pakolaislapselle<\/strong><\/p>\n\n\n\n<p class=\"has-text-align-left\">BAS-j\u00e4rjest\u00f6ll\u00e4 on seitsem\u00e4ss\u00e4 Libanonin pakolaisleiriss\u00e4 lastentarhat. Vaikka vuosimaksu on pieni, 120 dollaria, kaikki perheet eiv\u00e4t pysty sit\u00e4 maksamaan. Silloin kutsutaan avuksi p\u00e4iv\u00e4kotikummeja. AKYSin kautta 38 lapsella on kummit, jotka maksavat 15 \u20ac\/kk (180 \u20ac\/v).<em>&nbsp;<\/em>Osa heist\u00e4 on s\u00e4\u00e4nn\u00f6llisi\u00e4 tukijoita ilman nimetty\u00e4 kummilasta.&nbsp;Lastentarhassa&nbsp;lapsi saa leikki\u00e4 yst\u00e4vien kanssa. Valmiudet koulun aloittamiseen vahvistuvat. Jos lapsen kehityksess\u00e4 havaitaan ongelmia, lastentarha ohjaa lapsen perheneuvolaan. Lastentarha on my\u00f6s Syyriasta Libanoniin paenneiden perheiden lapsia varten. Lastentarja palauttaa heid\u00e4n turvallisuuden tunnettaan.<\/p>\n\n\n\n<div class=\"wp-block-image\"><figure class=\"alignleft\"><a href=\"http:\/\/akys.kapsi.fi\/wordpress\/wp-content\/uploads\/2015\/06\/Vanhusten_dabke-tanssiryhma.jpeg\"><img loading=\"lazy\" decoding=\"async\" width=\"150\" height=\"150\" src=\"http:\/\/akys.kapsi.fi\/wordpress\/wp-content\/uploads\/2015\/06\/Vanhusten_dabke-tanssiryhma-150x150.jpeg\" alt=\"Vanhusten tanssiryhm\u00e4\" class=\"wp-image-99\" srcset=\"https:\/\/akys.kapsi.fi\/wordpress\/wp-content\/uploads\/2015\/06\/Vanhusten_dabke-tanssiryhma-150x150.jpeg 150w, https:\/\/akys.kapsi.fi\/wordpress\/wp-content\/uploads\/2015\/06\/Vanhusten_dabke-tanssiryhma-305x305.jpeg 305w, https:\/\/akys.kapsi.fi\/wordpress\/wp-content\/uploads\/2015\/06\/Vanhusten_dabke-tanssiryhma-125x125.jpeg 125w, https:\/\/akys.kapsi.fi\/wordpress\/wp-content\/uploads\/2015\/06\/Vanhusten_dabke-tanssiryhma-80x80.jpeg 80w\" sizes=\"auto, (max-width: 150px) 100vw, 150px\" \/><\/a><figcaption>Vanhusten tanssiryhm\u00e4<\/figcaption><\/figure><\/div>\n\n\n\n<p><strong>&nbsp;Kummiksi&nbsp; pakolaisvanhuksille<\/strong><\/p>\n\n\n\n<p class=\"has-text-align-left\">Vuonna 2014 AKYS aloitti valokuvaaja Mari Hokkasen aloitteesta vanhuskummitoiminnan, joka oli BAS-j\u00e4rjest\u00f6lle uusi toimintamuoto. Vanhukset, joilla ei ole en\u00e4\u00e4 huolehtivia omaisia eik\u00e4 tulonl\u00e4hteit\u00e4, saavat kummeilta lievityst\u00e4 tilanteeseensa. Vanhuskummimaksu on 30 \u20ac kuukaudessa (360 \u20ac\/v), (aikaisemmat sopimukset 25 \u20ac\/kk) jonka vanhus saa itselleen lyhent\u00e4m\u00e4tt\u00f6m\u00e4n\u00e4. Vanhusten virkistystoimintaa j\u00e4rjestet\u00e4\u00e4n ylim\u00e4\u00e4r\u00e4isill\u00e4, satunnaisilla avustuksilla. <strong>Lue Maailman Kuvalehden <a href=\"https:\/\/www.maailmankuvalehti.fi\/2019\/1\/pitkat\/kummi-suomesta-lahja-palestiinasta\" target=\"_blank\" rel=\"noopener\">artikkeli AKYSin vanhuskummitoiminnasta<\/a> Wavelin leirill\u00e4 Libanonissa<\/strong>.<\/p>\n\n\n\n<p>Kaikilla kummitoiminnan muodoilla tuetaan my\u00f6s perheist\u00e4 ja vanhuksista huolehtivien sosiaality\u00f6ntekij\u00f6iden ty\u00f6t\u00e4. He kohtaavat usein eritt\u00e4in vaikeita tilanteita perheiss\u00e4. Sosiaality\u00f6ntekij\u00f6iden inhimillinen tuki perheille on keskeisen t\u00e4rke\u00e4\u00e4. T\u00e4ll\u00e4 hetkell\u00e4 yli tuhannella j\u00e4rjest\u00f6n sosiaality\u00f6n piiriss\u00e4 olevalla lapsella on kummeja eri maissa. Heist\u00e4 47 % on poikia ja 54 % tytt\u00f6j\u00e4. Vuoden 2011 j\u00e4lkeen BAS on j\u00e4rjest\u00e4nyt kummeja my\u00f6s Syyriasta Libanoniin paenneiden perheiden lapsille, kaikkiaan 105:lle lapselle. P\u00e4iv\u00e4kotikummeja BAS:lla on kaikkiaan 274:lle lapselle, joista 88 on Syyriasta paenneita (poikia lastentarhoissa 51 %, tytt\u00f6j\u00e4 49 %). Vanhuskummitoiminnassa AKYS on uranuurtaja.<\/p>\n\n\n\n<h4 class=\"wp-block-heading\">Lis\u00e4tietoa kummitoiminnasta:<\/h4>\n\n\n<nav class=\"items-justified-left no-wrap alignwide wp-block-navigation is-content-justification-left is-nowrap is-layout-flex wp-container-core-navigation-is-layout-6447b855 wp-block-navigation-is-layout-flex\" aria-label=\"Kummitoiminta\"><ul class=\"wp-block-navigation__container items-justified-left no-wrap alignwide wp-block-navigation\"><li class=\" wp-block-navigation-item wp-block-navigation-link\"><a class=\"wp-block-navigation-item__content\"  href=\"https:\/\/akys.kapsi.fi\/wordpress\/kummitoiminta-2\/tule-kummiksi-pakolaislapselle\/\"><span class=\"wp-block-navigation-item__label\">Perhekummitoiminta<\/span><\/a><\/li><li class=\" wp-block-navigation-item wp-block-navigation-link\"><a class=\"wp-block-navigation-item__content\"  href=\"https:\/\/akys.kapsi.fi\/wordpress\/kummitoiminta-2\/paivakotikummiksi-pakolaislapselle\/\"><span class=\"wp-block-navigation-item__label\">P\u00e4iv\u00e4kotikummitoiminta<\/span><\/a><\/li><li class=\" wp-block-navigation-item wp-block-navigation-link\"><a class=\"wp-block-navigation-item__content\"  href=\"https:\/\/akys.kapsi.fi\/wordpress\/kummitoiminta-2\/ainutlaatuinen-vanhuskummitoiminta\/\"><span class=\"wp-block-navigation-item__label\">Vanhuskummitoiminta<\/span><\/a><\/li><li class=\" wp-block-navigation-item wp-block-navigation-link\"><a class=\"wp-block-navigation-item__content\"  href=\"https:\/\/akys.kapsi.fi\/wordpress\/kummitoiminta-2\/kummitoiminnan-eettinen-ohjeisto\/\"><span class=\"wp-block-navigation-item__label\">Kummitoiminnan eettinen ohjeisto<\/span><\/a><\/li><li class=\" wp-block-navigation-item wp-block-navigation-link\"><a class=\"wp-block-navigation-item__content\"  href=\"https:\/\/akys.kapsi.fi\/wordpress\/kummitoiminta-2\/kummilomake\/\"><span class=\"wp-block-navigation-item__label\">Haluan kummiksi!<\/span><\/a><\/li><\/ul><\/nav>\n\n\n<p><\/p>\n","protected":false},"excerpt":{"rendered":"<p>Kummitoimintamme kautta autetaan kaikkein kaikkein heikoimmassa asemassa el\u00e4vi\u00e4 palestiinalaisperheit\u00e4 Pohjois-Libanonin pakolaisleireill\u00e4. AKYS:n yhteisty\u00f6kumppani Libanonissa on vuonna 1976 perustettu Beit Atfal Assumoud (BAS) -j\u00e4rjest\u00f6. BAS esittelee toimintaansa nettisivuillaan: &nbsp;http:\/\/www.socialcare.org\/portal\/home\/1\/. Kummiksi voi &hellip; <\/p>\n<p class=\"link-more\"><a href=\"https:\/\/akys.kapsi.fi\/wordpress\/kummitoiminta\/\" class=\"more-link\">Jatka lukemista<span class=\"screen-reader-text\"> &#8221;Kummitoiminta&#8221;<\/span><\/a><\/p>\n","protected":false},"author":1,"featured_media":0,"parent":0,"menu_order":0,"comment_status":"closed","ping_status":"open","template":"","meta":{"footnotes":""},"class_list":["post-141","page","type-page","status-publish","hentry","entry"],"_links":{"self":[{"href":"https:\/\/akys.kapsi.fi\/wordpress\/wp-json\/wp\/v2\/pages\/141","targetHints":{"allow":["GET"]}}],"collection":[{"href":"https:\/\/akys.kapsi.fi\/wordpress\/wp-json\/wp\/v2\/pages"}],"about":[{"href":"https:\/\/akys.kapsi.fi\/wordpress\/wp-json\/wp\/v2\/types\/page"}],"author":[{"embeddable":true,"href":"https:\/\/akys.kapsi.fi\/wordpress\/wp-json\/wp\/v2\/users\/1"}],"replies":[{"embeddable":true,"href":"https:\/\/akys.kapsi.fi\/wordpress\/wp-json\/wp\/v2\/comments?post=141"}],"version-history":[{"count":50,"href":"https:\/\/akys.kapsi.fi\/wordpress\/wp-json\/wp\/v2\/pages\/141\/revisions"}],"predecessor-version":[{"id":4159,"href":"https:\/\/akys.kapsi.fi\/wordpress\/wp-json\/wp\/v2\/pages\/141\/revisions\/4159"}],"wp:attachment":[{"href":"https:\/\/akys.kapsi.fi\/wordpress\/wp-json\/wp\/v2\/media?parent=141"}],"curies":[{"name":"wp","href":"https:\/\/api.w.org\/{rel}","templated":true}]}}