{"id":139,"date":"2015-06-28T05:08:16","date_gmt":"2015-06-28T05:08:16","guid":{"rendered":"http:\/\/akys.kapsi.fi\/wordpress\/?page_id=139"},"modified":"2022-03-06T16:39:38","modified_gmt":"2022-03-06T16:39:38","slug":"paivakotikummiksi-pakolaislapselle","status":"publish","type":"page","link":"https:\/\/akys.kapsi.fi\/wordpress\/kummitoiminta\/paivakotikummiksi-pakolaislapselle\/","title":{"rendered":"P\u00e4iv\u00e4kotikummiksi pakolaislapselle"},"content":{"rendered":"\n<p><i>&#8221;Meid\u00e4n p\u00e4iv\u00e4koti on hyvin kaunis. Min\u00e4 pid\u00e4n kavereista ja opettajasta. Minulla on heid\u00e4n kanssaan mukavaa. Teemme yhdess\u00e4 kaikenlaista, mutta min\u00e4 mieluiten piirr\u00e4n ja kuuntelen musiikkia&#8221; -Mohammad, 4v.<\/i><\/p>\n\n\n\n<div class=\"wp-block-image\"><figure class=\"alignleft\"><a href=\"http:\/\/akys.kapsi.fi\/wordpress\/wp-content\/uploads\/2015\/06\/P\u00e4iv\u00e4kotini-on-kaunis_img251.jpg\"><img loading=\"lazy\" decoding=\"async\" width=\"209\" height=\"300\" src=\"http:\/\/akys.kapsi.fi\/wordpress\/wp-content\/uploads\/2015\/06\/P\u00e4iv\u00e4kotini-on-kaunis_img251-209x300.jpg\" alt=\"Nahe el-Baredin p\u00e4iv\u00e4koti\" class=\"wp-image-1644\" srcset=\"https:\/\/akys.kapsi.fi\/wordpress\/wp-content\/uploads\/2015\/06\/P\u00e4iv\u00e4kotini-on-kaunis_img251-209x300.jpg 209w, https:\/\/akys.kapsi.fi\/wordpress\/wp-content\/uploads\/2015\/06\/P\u00e4iv\u00e4kotini-on-kaunis_img251-768x1101.jpg 768w, https:\/\/akys.kapsi.fi\/wordpress\/wp-content\/uploads\/2015\/06\/P\u00e4iv\u00e4kotini-on-kaunis_img251-714x1024.jpg 714w, https:\/\/akys.kapsi.fi\/wordpress\/wp-content\/uploads\/2015\/06\/P\u00e4iv\u00e4kotini-on-kaunis_img251-105x150.jpg 105w, https:\/\/akys.kapsi.fi\/wordpress\/wp-content\/uploads\/2015\/06\/P\u00e4iv\u00e4kotini-on-kaunis_img251-42x60.jpg 42w, https:\/\/akys.kapsi.fi\/wordpress\/wp-content\/uploads\/2015\/06\/P\u00e4iv\u00e4kotini-on-kaunis_img251.jpg 1663w\" sizes=\"auto, (max-width: 209px) 100vw, 209px\" \/><\/a><figcaption>&#8221;P\u00e4iv\u00e4koti on kaunis&#8221; Nahr el-Baredin p\u00e4iv\u00e4kodissa.<\/figcaption><\/figure><\/div>\n\n\n\n<p>Perheille p\u00e4iv\u00e4kotimaksu on 20 dollaria vuodessa, mutta monella perheell\u00e4 ei ole varaa sit\u00e4 maksaa. Lapset saavat kyll\u00e4 tulla ilmaiseksi p\u00e4iv\u00e4koteihin, mutta n\u00e4in ollen p\u00e4iv\u00e4kodit joutuvat tulemaan toimeen hyvin pienell\u00e4 rahasummalla. Siksi tarvitaan kummeja. Kummi sitoutuu maksamaan lapsen p\u00e4iv\u00e4kotimaksut kolmen vuoden ajalta, noin 15 euroa kuussa. Kummi saa valokuvan ja tietoa p\u00e4iv\u00e4kodin toiminnasta. Kummi voi olla yhteydess\u00e4 lapseen. Yhteydenpitovelvoitetta ei kuitenkaan ole.<\/p>\n\n\n\n<p>P\u00e4iv\u00e4kotikummimaksu 15 \u20ac\/kk, 180 \u20ac\/v.<\/p>\n\n\n\n<p>Ker\u00e4ystili: Arabikansojen yst\u00e4vyysseura<br>Danske Bank FI56&nbsp;8000 1700 4747 46, viitenumero 2008<br>Ker\u00e4yslupa: Poliisihallitus POL-2015-8218<br>Lis\u00e4tietoja kummivastaava <a href=\"http:\/\/akys.kapsi.fi\/wordpress\/?post_type=ch_staff&amp;p=120\">Sirkku Kivist\u00f6lt\u00e4<\/a>.<\/p>\n\n\n\n<p><a href=\"http:\/\/www.socialcare.org\" target=\"_blank\" rel=\"noopener\">Beit Atfal Assumoud<\/a> (BAS) \u2013j\u00e4rjest\u00f6ll\u00e4 on Libanonin pakolaisleireiss\u00e4 seitsem\u00e4n p\u00e4iv\u00e4kotia, joissa on 28 luokkaa ja noin 700 3-6 vuotiasta lasta, osa heist\u00e4 Syyriasta Libanoniin paenneista perheist\u00e4. Palestiinalaisten YK-avustusj\u00e4rjest\u00f6 UNRWA:lla ei ole p\u00e4iv\u00e4kotitoimintaa.<\/p>\n\n\n\n<p>P\u00e4iv\u00e4kodin teht\u00e4v\u00e4n\u00e4 on antaa lapsille tilat ja materiaalit leikki\u00e4 varten, sill\u00e4 t\u00e4yteen rakennetuissa lereiss\u00e4 ei ole pihoja tai leikkipuistoja lasten leikeille. K\u00f6yhill\u00e4 perheill\u00e4 ei ole my\u00f6sk\u00e4\u00e4n varaa lasten leluille. P\u00e4iv\u00e4koti on ainoa paikka, jossa lapset p\u00e4\u00e4sev\u00e4t leikkim\u00e4\u00e4n kesken\u00e4\u00e4n. P\u00e4iv\u00e4kodissa my\u00f6s opetellaan taitoja, jotka ovat t\u00e4rkeit\u00e4 koulussa. Toisaalta p\u00e4iv\u00e4kotitoiminta my\u00f6s tarjoaa ty\u00f6t\u00e4 26 lastentarhanopettajalle, mik\u00e4 ei ole ollenkaan v\u00e4h\u00e4arvoinen asia. Katso lastentarhanopettajien kertomuksia toiminnasta <a href=\"http:\/\/akys.kapsi.fi\/wordpress\/wp-content\/uploads\/2017\/02\/AKYS_raporttisarja_4_2017_Lastentarhat.pdf\" target=\"_blank\" rel=\"noopener\">AKYS raportista 4\/2017<\/a>.<\/p>\n\n\n\n<div class=\"wp-block-image\"><figure class=\"alignleft\"><a href=\"http:\/\/akys.kapsi.fi\/wordpress\/wp-content\/uploads\/2015\/06\/poikiap\u00e4iv\u00e4kodissabourjelshemal.jpg\"><img loading=\"lazy\" decoding=\"async\" width=\"300\" height=\"200\" src=\"http:\/\/akys.kapsi.fi\/wordpress\/wp-content\/uploads\/2015\/06\/poikiap\u00e4iv\u00e4kodissabourjelshemal-300x200.jpg\" alt=\"poikiap\u00e4iv\u00e4kodissabourjelshemal\" class=\"wp-image-94\" srcset=\"https:\/\/akys.kapsi.fi\/wordpress\/wp-content\/uploads\/2015\/06\/poikiap\u00e4iv\u00e4kodissabourjelshemal-300x200.jpg 300w, https:\/\/akys.kapsi.fi\/wordpress\/wp-content\/uploads\/2015\/06\/poikiap\u00e4iv\u00e4kodissabourjelshemal-150x100.jpg 150w, https:\/\/akys.kapsi.fi\/wordpress\/wp-content\/uploads\/2015\/06\/poikiap\u00e4iv\u00e4kodissabourjelshemal-90x60.jpg 90w, https:\/\/akys.kapsi.fi\/wordpress\/wp-content\/uploads\/2015\/06\/poikiap\u00e4iv\u00e4kodissabourjelshemal.jpg 640w\" sizes=\"auto, (max-width: 300px) 100vw, 300px\" \/><\/a><figcaption>Poikia Bourj el-Shemalin leirin p\u00e4iv\u00e4kodissa Etel\u00e4-Libanonissa.<\/figcaption><\/figure><\/div>\n\n\n\n<p>P\u00e4iv\u00e4kodeissa on yleens\u00e4 kolme ik\u00e4kausittain jaettua ryhm\u00e4\u00e4. Kaikissa p\u00e4iv\u00e4kodeissa on yksi opettaja ryhm\u00e4\u00e4 kohti ja mahdollisesti apulainen. Ryhm\u00e4ss\u00e4 on 20-25 lasta. Jokaisella ryhm\u00e4ll\u00e4 on k\u00e4yt\u00f6ss\u00e4\u00e4n yksi luokkahuone, joka on jaettu &#8221;nurkkiin&#8221; eli toimintapisteisiin. Toimintapisteit\u00e4 ovat mm. kuvataidepiste, kirjastopiste ja rakentelupiste. Pisteiden sis\u00e4lt\u00f6 vaihtelee teemojen mukaan. Lis\u00e4ksi on koko ryhm\u00e4n yhteist\u00e4 toimintaa, mm. laulu- ja satuhetki\u00e4 sek\u00e4 ulkoilua. P\u00e4iv\u00e4kotien toimintaan kuuluvat my\u00f6s retket, joilla tutustutaan l\u00e4hiymp\u00e4rist\u00f6\u00f6n ja ammatteihin eri ty\u00f6paikoilla. Lapset viett\u00e4v\u00e4t p\u00e4iv\u00e4kodissa viisi tuntia p\u00e4iv\u00e4ss\u00e4, aamukahdeksasta yhteen. P\u00e4iv\u00e4kodeissa ei ole j\u00e4rjestetty ruokailua, vaan lapset tuovat ev\u00e4\u00e4t kotoaan. P\u00e4iv\u00e4kodit ovat eritt\u00e4in siistej\u00e4 ja toiminta on hyvin organisoitua huolimatta ahtaiden tilojen ja rahapulan aiheuttamista rajoitteista. P\u00e4iv\u00e4kodeilla on nykyaikainen opetussuunnitelma, joka tukee p\u00e4ivitt\u00e4ist\u00e4 ty\u00f6t\u00e4.<\/p>\n\n\n\n<p><strong>Tervetuloa mukaan ajamaan k\u00f6yhimpien perheiden lasten oikeutta oppimiseen, sivistykseen ja iloon.<\/strong><\/p>\n\n\n\n<p>Lis\u00e4tietoja antaa kummivastaava&nbsp;<a href=\"http:\/\/akys.kapsi.fi\/wordpress\/?post_type=ch_staff&amp;p=120\">Sirkku Kivist\u00f6<\/a><br>ja kummitoiminnan vastuuhenkil\u00f6t Aulikki Ansamaa ja &nbsp;<a href=\"http:\/\/akys.kapsi.fi\/wordpress\/?post_type=ch_staff&amp;p=775\">Marja Winter<\/a><\/p>\n\n\n\n<p>\u00a0<\/p>\n\n\n<nav class=\"is-responsive wp-block-navigation is-layout-flex wp-block-navigation-is-layout-flex\" aria-label=\"Navigaatio\" \n\t\t data-wp-interactive=\"core\/navigation\" data-wp-context='{\"overlayOpenedBy\":{\"click\":false,\"hover\":false,\"focus\":false},\"type\":\"overlay\",\"roleAttribute\":\"\",\"ariaLabel\":\"Valikko\"}'><button aria-haspopup=\"dialog\" aria-label=\"Avaa valikko\" class=\"wp-block-navigation__responsive-container-open\" \n\t\t\t\tdata-wp-on--click=\"actions.openMenuOnClick\"\n\t\t\t\tdata-wp-on--keydown=\"actions.handleMenuKeydown\"\n\t\t\t><svg width=\"24\" height=\"24\" xmlns=\"http:\/\/www.w3.org\/2000\/svg\" viewBox=\"0 0 24 24\" aria-hidden=\"true\" focusable=\"false\"><path d=\"M4 7.5h16v1.5H4z\"><\/path><path d=\"M4 15h16v1.5H4z\"><\/path><\/svg><\/button>\n\t\t\t\t<div class=\"wp-block-navigation__responsive-container\"  id=\"modal-1\" \n\t\t\t\tdata-wp-class--has-modal-open=\"state.isMenuOpen\"\n\t\t\t\tdata-wp-class--is-menu-open=\"state.isMenuOpen\"\n\t\t\t\tdata-wp-watch=\"callbacks.initMenu\"\n\t\t\t\tdata-wp-on--keydown=\"actions.handleMenuKeydown\"\n\t\t\t\tdata-wp-on--focusout=\"actions.handleMenuFocusout\"\n\t\t\t\ttabindex=\"-1\"\n\t\t\t>\n\t\t\t\t\t<div class=\"wp-block-navigation__responsive-close\" tabindex=\"-1\">\n\t\t\t\t\t\t<div class=\"wp-block-navigation__responsive-dialog\" \n\t\t\t\tdata-wp-bind--aria-modal=\"state.ariaModal\"\n\t\t\t\tdata-wp-bind--aria-label=\"state.ariaLabel\"\n\t\t\t\tdata-wp-bind--role=\"state.roleAttribute\"\n\t\t\t>\n\t\t\t\t\t\t\t<button aria-label=\"Sulje valikko\" class=\"wp-block-navigation__responsive-container-close\" \n\t\t\t\tdata-wp-on--click=\"actions.closeMenuOnClick\"\n\t\t\t><svg xmlns=\"http:\/\/www.w3.org\/2000\/svg\" viewBox=\"0 0 24 24\" width=\"24\" height=\"24\" aria-hidden=\"true\" focusable=\"false\"><path d=\"m13.06 12 6.47-6.47-1.06-1.06L12 10.94 5.53 4.47 4.47 5.53 10.94 12l-6.47 6.47 1.06 1.06L12 13.06l6.47 6.47 1.06-1.06L13.06 12Z\"><\/path><\/svg><\/button>\n\t\t\t\t\t\t\t<div class=\"wp-block-navigation__responsive-container-content\" \n\t\t\t\tdata-wp-watch=\"callbacks.focusFirstElement\"\n\t\t\t id=\"modal-1-content\">\n\t\t\t\t\t\t\t\t<ul class=\"wp-block-navigation__container is-responsive wp-block-navigation\"><li class=\" wp-block-navigation-item wp-block-navigation-link\"><a class=\"wp-block-navigation-item__content\"  href=\"https:\/\/akys.kapsi.fi\/wordpress\/kummitoiminta-2\/\"><span class=\"wp-block-navigation-item__label\">Palaa kummitoiminnan p\u00e4\u00e4sivulle<\/span><\/a><\/li><\/ul>\n\t\t\t\t\t\t\t<\/div>\n\t\t\t\t\t\t<\/div>\n\t\t\t\t\t<\/div>\n\t\t\t\t<\/div><\/nav>","protected":false},"excerpt":{"rendered":"<p>&#8221;Meid\u00e4n p\u00e4iv\u00e4koti on hyvin kaunis. Min\u00e4 pid\u00e4n kavereista ja opettajasta. Minulla on heid\u00e4n kanssaan mukavaa. Teemme yhdess\u00e4 kaikenlaista, mutta min\u00e4 mieluiten piirr\u00e4n ja kuuntelen musiikkia&#8221; -Mohammad, 4v. Perheille p\u00e4iv\u00e4kotimaksu on &hellip; <\/p>\n<p class=\"link-more\"><a href=\"https:\/\/akys.kapsi.fi\/wordpress\/kummitoiminta\/paivakotikummiksi-pakolaislapselle\/\" class=\"more-link\">Jatka lukemista<span class=\"screen-reader-text\"> &#8221;P\u00e4iv\u00e4kotikummiksi pakolaislapselle&#8221;<\/span><\/a><\/p>\n","protected":false},"author":1,"featured_media":0,"parent":141,"menu_order":0,"comment_status":"closed","ping_status":"open","template":"","meta":{"footnotes":""},"class_list":["post-139","page","type-page","status-publish","hentry","entry"],"_links":{"self":[{"href":"https:\/\/akys.kapsi.fi\/wordpress\/wp-json\/wp\/v2\/pages\/139","targetHints":{"allow":["GET"]}}],"collection":[{"href":"https:\/\/akys.kapsi.fi\/wordpress\/wp-json\/wp\/v2\/pages"}],"about":[{"href":"https:\/\/akys.kapsi.fi\/wordpress\/wp-json\/wp\/v2\/types\/page"}],"author":[{"embeddable":true,"href":"https:\/\/akys.kapsi.fi\/wordpress\/wp-json\/wp\/v2\/users\/1"}],"replies":[{"embeddable":true,"href":"https:\/\/akys.kapsi.fi\/wordpress\/wp-json\/wp\/v2\/comments?post=139"}],"version-history":[{"count":11,"href":"https:\/\/akys.kapsi.fi\/wordpress\/wp-json\/wp\/v2\/pages\/139\/revisions"}],"predecessor-version":[{"id":4123,"href":"https:\/\/akys.kapsi.fi\/wordpress\/wp-json\/wp\/v2\/pages\/139\/revisions\/4123"}],"up":[{"embeddable":true,"href":"https:\/\/akys.kapsi.fi\/wordpress\/wp-json\/wp\/v2\/pages\/141"}],"wp:attachment":[{"href":"https:\/\/akys.kapsi.fi\/wordpress\/wp-json\/wp\/v2\/media?parent=139"}],"curies":[{"name":"wp","href":"https:\/\/api.w.org\/{rel}","templated":true}]}}