{"id":117,"date":"2015-06-28T03:51:14","date_gmt":"2015-06-28T03:51:14","guid":{"rendered":"http:\/\/akys.kapsi.fi\/wordpress\/?page_id=117"},"modified":"2022-03-06T16:48:07","modified_gmt":"2022-03-06T16:48:07","slug":"ainutlaatuinen-vanhuskummitoiminta","status":"publish","type":"page","link":"https:\/\/akys.kapsi.fi\/wordpress\/kummitoiminta\/ainutlaatuinen-vanhuskummitoiminta\/","title":{"rendered":"Ainutlaatuinen vanhuskummitoiminta"},"content":{"rendered":"\n<p><strong>Arabikansojen<em> yst\u00e4vyysseura (AKYS) tahtoo vanhuskummitoiminnallaan kunnioittaa palestiinalaisia vanhuksia, jotka el\u00e4v\u00e4t pakolaisleirien vaikeissa oloissa Libanonissa. AKYSin kautta Libanonin pekolaisleireiss\u00e4 el\u00e4\u00e4 22 Palestiinassa syntynytt\u00e4 kummivanhusta, 15 naista ja 7 miest\u00e4, joilla on kummit Suomesta. Heist\u00e4 huolehtivien sosiaality\u00f6ntekij\u00f6iden mukaan vanhuksille on suuri ilonaihe, kun he tiet\u00e4v\u00e4t ett\u00e4 joku kaukaisessa Suomessa muistaa heit\u00e4.<\/em><\/strong><\/p>\n\n\n\n<div class=\"wp-block-image\"><figure class=\"alignleft\"><a href=\"http:\/\/akys.kapsi.fi\/wordpress\/wp-content\/uploads\/2015\/06\/Vanhusten_dabke-tanssiryhma.jpeg\"><img loading=\"lazy\" decoding=\"async\" width=\"300\" height=\"200\" src=\"http:\/\/akys.kapsi.fi\/wordpress\/wp-content\/uploads\/2015\/06\/Vanhusten_dabke-tanssiryhma-300x200.jpeg\" alt=\"Vanhusten tanssiryhm\u00e4\" class=\"wp-image-99\" srcset=\"https:\/\/akys.kapsi.fi\/wordpress\/wp-content\/uploads\/2015\/06\/Vanhusten_dabke-tanssiryhma-300x200.jpeg 300w, https:\/\/akys.kapsi.fi\/wordpress\/wp-content\/uploads\/2015\/06\/Vanhusten_dabke-tanssiryhma-150x100.jpeg 150w, https:\/\/akys.kapsi.fi\/wordpress\/wp-content\/uploads\/2015\/06\/Vanhusten_dabke-tanssiryhma-90x60.jpeg 90w, https:\/\/akys.kapsi.fi\/wordpress\/wp-content\/uploads\/2015\/06\/Vanhusten_dabke-tanssiryhma.jpeg 640w\" sizes=\"auto, (max-width: 300px) 100vw, 300px\" \/><\/a><figcaption>Vanhusten tanssiryhm\u00e4 (kuva Kirsti Palonen)<\/figcaption><\/figure><\/div>\n\n\n\n<p>Yhteisty\u00f6j\u00e4rjest\u00f6mme Beit Atfal Assumoud (BAS) pit\u00e4\u00e4 toimintaa yst\u00e4v\u00e4toimintana, jolla tuetaan Palestiinassa syntyneit\u00e4 vanhuksia ja helpotetaan heid\u00e4n el\u00e4m\u00e4\u00e4ns\u00e4. Valokuvaaja Mari Hokkanen toi vanhuskummi -idean vierailtuaan Suomen Rauhanpuolustajien sponsoroimalla koulutusmatkalla Libanonissa 2012. BAS:in sosiaality\u00f6ntekij\u00e4t tekev\u00e4t esitykset kummin hakemisesta niille vanhuksille,joiden tilanteeseen tarvitaan lis\u00e4tukea. Vuoden 2021 alussa 22 Libanonissa el\u00e4v\u00e4ll\u00e4 palestiinalaisvanhuksella on kummit Suomesta.<\/p>\n\n\n\n<p>Ensimm\u00e4iset kummivanhukset el\u00e4v\u00e4t Etel\u00e4-Libanonissa, Bourj el-Shemalin leiriss\u00e4. AKYSill\u00e4 on kummivanhuksia my\u00f6s Baalbeckin leiriss\u00e4, Koillis-Libanonissa. My\u00f6s Beirutin kahdessa leiriss\u00e4 on kummivanhuksia. Kaikki he ovat kotoisin Pohjois-Palestiinasta. I\u00e4lt\u00e4\u00e4n he ovat 73-91 \u2013vuotiaita. Useilla on huollettavanaan perheenj\u00e4seni\u00e4. Vaikka vanhuksilla on sairauksia ja suuria vaikeuksia arjessaan, heill\u00e4 on my\u00f6s el\u00e4m\u00e4niloa ja sitkeytt\u00e4. Bourj el-Shemalin vanhusten kansantanssiryhm\u00e4 (dabke-ryhm\u00e4) saa yhteisiss\u00e4 juhlissa raikuvimmat suosionosoitukset. He ovat perinteen ja jatkuvuuden yll\u00e4pit\u00e4ji\u00e4, heid\u00e4n huumorinsa ja el\u00e4m\u00e4nviisautensa tasoittavat monia konfliktinalkuja.<\/p>\n\n\n\n<p>Kummitoiminta vahvistaa vanhusten t\u00e4rke\u00e4\u00e4 asemaa pakolaisyhteis\u00f6ss\u00e4. Suomalaisille vanhuskummitoiminta merkitsee virikkeit\u00e4 kehitysyhteisty\u00f6lle ja muulle avustustoiminnalle. Vanhusten tarpeista kriisioloissa ja pitkittyneiss\u00e4 katastrofeissa ei ole riitt\u00e4v\u00e4sti tietoa. Vanhusten kummit ovat etujoukkoa valistusty\u00f6ss\u00e4.<\/p>\n\n\n\n<div class=\"wp-block-image\"><figure class=\"alignleft\"><a href=\"http:\/\/akys.kapsi.fi\/wordpress\/wp-content\/uploads\/2015\/06\/IMG_8357.jpeg\"><img loading=\"lazy\" decoding=\"async\" width=\"300\" height=\"200\" src=\"http:\/\/akys.kapsi.fi\/wordpress\/wp-content\/uploads\/2015\/06\/IMG_8357-300x200.jpeg\" alt=\"Valokuvaaja Mari Hokkanen kertoo Kirjasto 10_n tilaisuudessa vanhusten tapaamisesta Bour el-Shemali -pakolaisleiriss\u00e4.\" class=\"wp-image-708\" srcset=\"https:\/\/akys.kapsi.fi\/wordpress\/wp-content\/uploads\/2015\/06\/IMG_8357-300x200.jpeg 300w, https:\/\/akys.kapsi.fi\/wordpress\/wp-content\/uploads\/2015\/06\/IMG_8357-150x100.jpeg 150w, https:\/\/akys.kapsi.fi\/wordpress\/wp-content\/uploads\/2015\/06\/IMG_8357-90x60.jpeg 90w, https:\/\/akys.kapsi.fi\/wordpress\/wp-content\/uploads\/2015\/06\/IMG_8357.jpeg 640w\" sizes=\"auto, (max-width: 300px) 100vw, 300px\" \/><\/a><figcaption>Valokuvaaja Mari Hokkanen kertoo Kirjasto 10:n tilaisuudessa vanhusten tapaamisesta Bour el-Shemali -pakolaisleiriss\u00e4.<\/figcaption><\/figure><\/div>\n\n\n\n<p><strong>Vanhuskummitoiminnan k\u00e4yt\u00e4nn\u00f6n j\u00e4rjestelyt: <\/strong>Vanhuskummi tekee AKYSin kanssa sopimuksen. Kummi p\u00e4\u00e4tt\u00e4\u00e4, maksaako kerran kuukaudessa vai harvempina erin\u00e4 (360 \u20ac\/v). Samoin on hyv\u00e4 ennen kummiksi ryhtymist\u00e4 p\u00e4\u00e4tt\u00e4\u00e4, haluaako pit\u00e4\u00e4 kummivanhukseen yhteytt\u00e4 henkil\u00f6kohtaisesti. My\u00f6s pelkk\u00e4 maksaminen on arvokas tuki, samoin kertalahjoitukset ilman sitoumusta tietyn vanhuksen kummiksi. Kummit l\u00e4hett\u00e4v\u00e4t hankematkalaisten mukana kirjeit\u00e4 ja pieni\u00e4 lahjoja vanhuksille. Joskus on l\u00e4hetetty ylim\u00e4\u00e4r\u00e4inen raha vanhusten virkistystapaamisten j\u00e4rjest\u00e4miseksi.<\/p>\n\n\n\n<div class=\"wp-block-image\"><figure class=\"alignleft\"><a href=\"http:\/\/akys.kapsi.fi\/wordpress\/wp-content\/uploads\/2015\/06\/v\u00e4rikuva_nettiresoluutio.jpg\"><img loading=\"lazy\" decoding=\"async\" width=\"300\" height=\"232\" src=\"http:\/\/akys.kapsi.fi\/wordpress\/wp-content\/uploads\/2015\/06\/v\u00e4rikuva_nettiresoluutio-300x232.jpg\" alt=\"v\u00e4rikuva_nettiresoluutio\" class=\"wp-image-1641\" srcset=\"https:\/\/akys.kapsi.fi\/wordpress\/wp-content\/uploads\/2015\/06\/v\u00e4rikuva_nettiresoluutio-300x232.jpg 300w, https:\/\/akys.kapsi.fi\/wordpress\/wp-content\/uploads\/2015\/06\/v\u00e4rikuva_nettiresoluutio-150x116.jpg 150w, https:\/\/akys.kapsi.fi\/wordpress\/wp-content\/uploads\/2015\/06\/v\u00e4rikuva_nettiresoluutio-78x60.jpg 78w, https:\/\/akys.kapsi.fi\/wordpress\/wp-content\/uploads\/2015\/06\/v\u00e4rikuva_nettiresoluutio.jpg 707w\" sizes=\"auto, (max-width: 300px) 100vw, 300px\" \/><\/a><\/figure><\/div>\n\n\n\n<p>AKYS l\u00e4hett\u00e4\u00e4 kummiavustukset t\u00e4ysim\u00e4\u00e4r\u00e4isin\u00e4 BAS-j\u00e4rjest\u00f6lle. Vanhuksen sosiaality\u00f6ntekij\u00e4 maksaa lahjoituksen kokonaisuudessaan vanhukselle v\u00e4hent\u00e4m\u00e4tt\u00e4 toimintakuluja.<\/p>\n\n\n\n<p>Kummimaksu on 30 euroa\/kk (360 \u20ac\/v), aikaisemmin sopimuksen tehneet maksavat 25 \u20ac\/kk. &nbsp;Tilille voi laittaa my\u00f6s kertaluontoista tukea.<br>Kummitili: Arabikansojen yst\u00e4vyysseura, Danske Bank<br>FI20 8146 9710 0461 36, Viitenumero 2011<br>Ker\u00e4yslupa Poliisihallitus (28.8.2020) &nbsp;RA\/2020\/1032<\/p>\n\n\n\n<p>Tee <a href=\"http:\/\/akys.kapsi.fi\/wordpress\/kummitoiminta-2\/kummilomake\/\">kummisitoumus netiss\u00e4<\/a> tai&nbsp; pyyd\u00e4 lis\u00e4tietoja kummivastaava Sirkku Kivist\u00f6lt\u00e4. Lue my\u00f6s Anu Piipon artikkeli kummivanhusten tapaamisesta &#8221;Liikuttavia kohtaamisia&#8221;, <a href=\"http:\/\/akys.kapsi.fi\/wordpress\/wp-content\/uploads\/2015\/07\/akys-2015-1.pdf\" target=\"_blank\" rel=\"noopener\">AKYS-tiedote 1\/2015<\/a>, s 13. Kuvassa on Etel\u00e4-Libanonin leiriss\u00e4 asuva kummivanhus Abou Reda.<\/p>\n\n\n<nav class=\"is-responsive wp-block-navigation is-layout-flex wp-block-navigation-is-layout-flex\" aria-label=\"Navigaatio\" \n\t\t data-wp-interactive=\"core\/navigation\" data-wp-context='{\"overlayOpenedBy\":{\"click\":false,\"hover\":false,\"focus\":false},\"type\":\"overlay\",\"roleAttribute\":\"\",\"ariaLabel\":\"Valikko\"}'><button aria-haspopup=\"dialog\" aria-label=\"Avaa valikko\" class=\"wp-block-navigation__responsive-container-open\" \n\t\t\t\tdata-wp-on--click=\"actions.openMenuOnClick\"\n\t\t\t\tdata-wp-on--keydown=\"actions.handleMenuKeydown\"\n\t\t\t><svg width=\"24\" height=\"24\" xmlns=\"http:\/\/www.w3.org\/2000\/svg\" viewBox=\"0 0 24 24\" aria-hidden=\"true\" focusable=\"false\"><path d=\"M4 7.5h16v1.5H4z\"><\/path><path d=\"M4 15h16v1.5H4z\"><\/path><\/svg><\/button>\n\t\t\t\t<div class=\"wp-block-navigation__responsive-container\"  id=\"modal-1\" \n\t\t\t\tdata-wp-class--has-modal-open=\"state.isMenuOpen\"\n\t\t\t\tdata-wp-class--is-menu-open=\"state.isMenuOpen\"\n\t\t\t\tdata-wp-watch=\"callbacks.initMenu\"\n\t\t\t\tdata-wp-on--keydown=\"actions.handleMenuKeydown\"\n\t\t\t\tdata-wp-on--focusout=\"actions.handleMenuFocusout\"\n\t\t\t\ttabindex=\"-1\"\n\t\t\t>\n\t\t\t\t\t<div class=\"wp-block-navigation__responsive-close\" tabindex=\"-1\">\n\t\t\t\t\t\t<div class=\"wp-block-navigation__responsive-dialog\" \n\t\t\t\tdata-wp-bind--aria-modal=\"state.ariaModal\"\n\t\t\t\tdata-wp-bind--aria-label=\"state.ariaLabel\"\n\t\t\t\tdata-wp-bind--role=\"state.roleAttribute\"\n\t\t\t>\n\t\t\t\t\t\t\t<button aria-label=\"Sulje valikko\" class=\"wp-block-navigation__responsive-container-close\" \n\t\t\t\tdata-wp-on--click=\"actions.closeMenuOnClick\"\n\t\t\t><svg xmlns=\"http:\/\/www.w3.org\/2000\/svg\" viewBox=\"0 0 24 24\" width=\"24\" height=\"24\" aria-hidden=\"true\" focusable=\"false\"><path d=\"m13.06 12 6.47-6.47-1.06-1.06L12 10.94 5.53 4.47 4.47 5.53 10.94 12l-6.47 6.47 1.06 1.06L12 13.06l6.47 6.47 1.06-1.06L13.06 12Z\"><\/path><\/svg><\/button>\n\t\t\t\t\t\t\t<div class=\"wp-block-navigation__responsive-container-content\" \n\t\t\t\tdata-wp-watch=\"callbacks.focusFirstElement\"\n\t\t\t id=\"modal-1-content\">\n\t\t\t\t\t\t\t\t<ul class=\"wp-block-navigation__container is-responsive wp-block-navigation\"><li class=\" wp-block-navigation-item wp-block-navigation-link\"><a class=\"wp-block-navigation-item__content\"  href=\"https:\/\/akys.kapsi.fi\/wordpress\/kummitoiminta-2\/\"><span class=\"wp-block-navigation-item__label\">Palaa kummitoiminnan p\u00e4\u00e4sivulle<\/span><\/a><\/li><\/ul>\n\t\t\t\t\t\t\t<\/div>\n\t\t\t\t\t\t<\/div>\n\t\t\t\t\t<\/div>\n\t\t\t\t<\/div><\/nav>\n\n\n<p>&nbsp;<\/p>\n","protected":false},"excerpt":{"rendered":"<p>Arabikansojen yst\u00e4vyysseura (AKYS) tahtoo vanhuskummitoiminnallaan kunnioittaa palestiinalaisia vanhuksia, jotka el\u00e4v\u00e4t pakolaisleirien vaikeissa oloissa Libanonissa. AKYSin kautta Libanonin pekolaisleireiss\u00e4 el\u00e4\u00e4 22 Palestiinassa syntynytt\u00e4 kummivanhusta, 15 naista ja 7 miest\u00e4, joilla on &hellip; <\/p>\n<p class=\"link-more\"><a href=\"https:\/\/akys.kapsi.fi\/wordpress\/kummitoiminta\/ainutlaatuinen-vanhuskummitoiminta\/\" class=\"more-link\">Jatka lukemista<span class=\"screen-reader-text\"> &#8221;Ainutlaatuinen vanhuskummitoiminta&#8221;<\/span><\/a><\/p>\n","protected":false},"author":1,"featured_media":0,"parent":141,"menu_order":0,"comment_status":"closed","ping_status":"open","template":"","meta":{"footnotes":""},"class_list":["post-117","page","type-page","status-publish","hentry","entry"],"_links":{"self":[{"href":"https:\/\/akys.kapsi.fi\/wordpress\/wp-json\/wp\/v2\/pages\/117","targetHints":{"allow":["GET"]}}],"collection":[{"href":"https:\/\/akys.kapsi.fi\/wordpress\/wp-json\/wp\/v2\/pages"}],"about":[{"href":"https:\/\/akys.kapsi.fi\/wordpress\/wp-json\/wp\/v2\/types\/page"}],"author":[{"embeddable":true,"href":"https:\/\/akys.kapsi.fi\/wordpress\/wp-json\/wp\/v2\/users\/1"}],"replies":[{"embeddable":true,"href":"https:\/\/akys.kapsi.fi\/wordpress\/wp-json\/wp\/v2\/comments?post=117"}],"version-history":[{"count":21,"href":"https:\/\/akys.kapsi.fi\/wordpress\/wp-json\/wp\/v2\/pages\/117\/revisions"}],"predecessor-version":[{"id":4126,"href":"https:\/\/akys.kapsi.fi\/wordpress\/wp-json\/wp\/v2\/pages\/117\/revisions\/4126"}],"up":[{"embeddable":true,"href":"https:\/\/akys.kapsi.fi\/wordpress\/wp-json\/wp\/v2\/pages\/141"}],"wp:attachment":[{"href":"https:\/\/akys.kapsi.fi\/wordpress\/wp-json\/wp\/v2\/media?parent=117"}],"curies":[{"name":"wp","href":"https:\/\/api.w.org\/{rel}","templated":true}]}}